{"id":12058,"date":"2021-02-15T21:57:57","date_gmt":"2021-02-15T20:57:57","guid":{"rendered":"https:\/\/www.opticagracia.com\/?page_id=12058"},"modified":"2026-05-07T17:20:26","modified_gmt":"2026-05-07T15:20:26","slug":"blog","status":"publish","type":"page","link":"https:\/\/www.opticagracia.com\/ca\/blog\/","title":{"rendered":"Blog"},"content":{"rendered":"<div data-elementor-type=\"wp-page\" data-elementor-id=\"12058\" class=\"elementor elementor-12058\" data-elementor-post-type=\"page\">\n\t\t\t\t\t\t<section class=\"elementor-section elementor-top-section elementor-element elementor-element-111922e elementor-section-full_width elementor-section-height-default elementor-section-height-default\" data-id=\"111922e\" data-element_type=\"section\" data-e-type=\"section\">\n\t\t\t\t\t\t<div class=\"elementor-container elementor-column-gap-no\">\n\t\t\t\t\t<div class=\"elementor-column elementor-col-100 elementor-top-column elementor-element elementor-element-eb34b8c\" data-id=\"eb34b8c\" data-element_type=\"column\" data-e-type=\"column\">\n\t\t\t<div class=\"elementor-widget-wrap elementor-element-populated\">\n\t\t\t\t\t\t<div class=\"elementor-element elementor-element-a0ff2d9 premium-blog-align-center elementor-widget elementor-widget-premium-addon-blog\" data-id=\"a0ff2d9\" data-element_type=\"widget\" data-e-type=\"widget\" data-settings=\"{&quot;force_height&quot;:&quot;true&quot;,&quot;premium_blog_grid&quot;:&quot;yes&quot;,&quot;premium_blog_layout&quot;:&quot;even&quot;,&quot;premium_blog_columns_number&quot;:&quot;50%&quot;,&quot;premium_blog_columns_number_tablet&quot;:&quot;50%&quot;,&quot;premium_blog_columns_number_mobile&quot;:&quot;100%&quot;,&quot;scroll_to_offset&quot;:&quot;yes&quot;}\" data-widget_type=\"premium-addon-blog.default\">\n\t\t\t\t\t\n\t\t\n\n\t\t\t\t<div class=\"premium-blog-wrap  premium-blog-even\" data-page=\"12058\" data-pagination=\"true\">\n\t\t\t\t\t\t\t\t\t<div class=\"premium-blog-post-outer-container\" data-total=\"4\">\n\t\t\t<div class=\"premium-blog-post-container premium-blog-skin-modern\">\n\t\t\t\t\t\t\t\t\t<div class=\"premium-blog-thumb-effect-wrapper\">\n\t\t\t\t\t\t<div class=\"premium-blog-thumbnail-container premium-blog-zoomin-effect\">\n\t\t\t\t\t\t\t\t\t\t\t<a href=\"https:\/\/www.opticagracia.com\/ca\/la-miopia-y-control-de-la-miopia-que-es-como-se-corrige-y-como-podemos-frenar-su-progresion\/\" target=\"_self\">\n\t\t\t\t<img fetchpriority=\"high\" decoding=\"async\" width=\"2560\" height=\"1707\" src=\"https:\/\/www.opticagracia.com\/wp-content\/uploads\/2024\/10\/Sessio-corporativa-49-scaled.jpg\" class=\"attachment-full size-full wp-image-18597\" alt=\"SALUT VISUAL OPTICAGRACIA.COM\" srcset=\"https:\/\/www.opticagracia.com\/wp-content\/uploads\/2024\/10\/Sessio-corporativa-49-scaled.jpg 2560w, https:\/\/www.opticagracia.com\/wp-content\/uploads\/2024\/10\/Sessio-corporativa-49-650x433.jpg 650w, https:\/\/www.opticagracia.com\/wp-content\/uploads\/2024\/10\/Sessio-corporativa-49-1024x683.jpg 1024w, https:\/\/www.opticagracia.com\/wp-content\/uploads\/2024\/10\/Sessio-corporativa-49-100x67.jpg 100w, https:\/\/www.opticagracia.com\/wp-content\/uploads\/2024\/10\/Sessio-corporativa-49-768x512.jpg 768w, https:\/\/www.opticagracia.com\/wp-content\/uploads\/2024\/10\/Sessio-corporativa-49-1536x1024.jpg 1536w, https:\/\/www.opticagracia.com\/wp-content\/uploads\/2024\/10\/Sessio-corporativa-49-2048x1365.jpg 2048w, https:\/\/www.opticagracia.com\/wp-content\/uploads\/2024\/10\/Sessio-corporativa-49-500x333.jpg 500w\" sizes=\"(max-width: 2560px) 100vw, 2560px\" \/>\t\t\t\t<\/a>\n\t\t\t\t\t\t\t\t\t\t<\/div>\n\t\t\t\t\t\t\t\t\t\t\t\t\t<div class=\"premium-blog-effect-container premium-blog-framed-effect\">\n\t\t\t\t\t\t\t\t<a class=\"premium-blog-post-link\" href=\"https:\/\/www.opticagracia.com\/ca\/la-miopia-y-control-de-la-miopia-que-es-como-se-corrige-y-como-podemos-frenar-su-progresion\/\" target=\"_self\"><span>LA MIOPIA I Control de la miopia: qu\u00e8 \u00e9s, com es corregeix i com podem frenar-ne la progressi\u00f3<\/span><\/a>\n\t\t\t\t\t\t\t\t\t\t\t\t\t\t\t<\/div>\n\t\t\t\t\t\t\t\t\t\t\t<\/div>\n\t\t\t\t\t\t\t\t\t\t\t\t<div class=\"premium-blog-content-wrapper\">\n\n\t\t\t\t\t<div class=\"premium-blog-inner-container\">\n\n\t\t\t\t\t\t\t\t\t\t\t\t\t\t<h2 class=\"premium-blog-entry-title\">\n\t\t\t<a href=\"https:\/\/www.opticagracia.com\/ca\/la-miopia-y-control-de-la-miopia-que-es-como-se-corrige-y-como-podemos-frenar-su-progresion\/\" target=\"_self\">\n\t\t\t\tLA MIOPIA I Control de la miopia: qu\u00e8 \u00e9s, com es corregeix i com podem frenar-ne la progressi\u00f3\t\t\t<\/a>\n\t\t<\/h2>\n\t\t\t\t<div class=\"premium-blog-entry-meta\">\n\t\t\t\n\t\t\t\n\t\t\t\n\t\t\t\t\t<\/div>\n\t\t\n\t\t\t\t\t<\/div>\n\n\t\t\t\t\t\t\t<div class=\"premium-blog-content-inner-wrapper\">\n\t\t<p class=\"premium-blog-post-content\">La miopia \u00e9s un dels problemes visuals m\u00e9s freq\u00fcents avui dia, especialment en nens i adolescents. Cada vegada apareix a edats m\u00e9s primerenques i, si no es controla adequadament, pot augmentar amb els anys i derivar en problemes visuals m\u00e9s seriosos en l'edat adulta.<\/p><div class=\"premium-blog-excerpt-link-wrap\"><a href=\"https:\/\/www.opticagracia.com\/ca\/la-miopia-y-control-de-la-miopia-que-es-como-se-corrige-y-como-podemos-frenar-su-progresion\/\" target=\"_self\" class=\"premium-blog-excerpt-link elementor-button\">LLEGIR M\u00c9S<\/a><\/div>\t\t<\/div>\n\t\t\t\t\t\t\t\n\t\t\t\t<\/div>\n\t\t\t<\/div>\n\t\t<\/div>\n\n\t\t\t\t<div class=\"premium-blog-post-outer-container\" data-total=\"4\">\n\t\t\t<div class=\"premium-blog-post-container premium-blog-skin-modern\">\n\t\t\t\t\t\t\t\t\t<div class=\"premium-blog-thumb-effect-wrapper\">\n\t\t\t\t\t\t<div class=\"premium-blog-thumbnail-container premium-blog-zoomin-effect\">\n\t\t\t\t\t\t\t\t\t\t\t<a href=\"https:\/\/www.opticagracia.com\/ca\/treballa-amb-nosaltres-oferta-de-feina\/\" target=\"_self\">\n\t\t\t\t<img decoding=\"async\" width=\"600\" height=\"469\" src=\"https:\/\/www.opticagracia.com\/wp-content\/uploads\/2021\/03\/Optica-Gracia-Platja-dAro.jpg\" class=\"attachment-full size-full wp-image-13375\" alt=\"\" srcset=\"https:\/\/www.opticagracia.com\/wp-content\/uploads\/2021\/03\/Optica-Gracia-Platja-dAro.jpg 600w, https:\/\/www.opticagracia.com\/wp-content\/uploads\/2021\/03\/Optica-Gracia-Platja-dAro-500x391.jpg 500w, https:\/\/www.opticagracia.com\/wp-content\/uploads\/2021\/03\/Optica-Gracia-Platja-dAro-100x78.jpg 100w\" sizes=\"(max-width: 600px) 100vw, 600px\" \/>\t\t\t\t<\/a>\n\t\t\t\t\t\t\t\t\t\t<\/div>\n\t\t\t\t\t\t\t\t\t\t\t\t\t<div class=\"premium-blog-effect-container premium-blog-framed-effect\">\n\t\t\t\t\t\t\t\t<a class=\"premium-blog-post-link\" href=\"https:\/\/www.opticagracia.com\/ca\/treballa-amb-nosaltres-oferta-de-feina\/\" target=\"_self\"><span>TREBALLA AMB NOSALTRES \u2013 OFERTA DE FEINA<\/span><\/a>\n\t\t\t\t\t\t\t\t\t\t\t\t\t\t\t<\/div>\n\t\t\t\t\t\t\t\t\t\t\t<\/div>\n\t\t\t\t\t\t\t\t\t\t\t\t<div class=\"premium-blog-content-wrapper\">\n\n\t\t\t\t\t<div class=\"premium-blog-inner-container\">\n\n\t\t\t\t\t\t\t\t\t\t\t\t\t\t<h2 class=\"premium-blog-entry-title\">\n\t\t\t<a href=\"https:\/\/www.opticagracia.com\/ca\/treballa-amb-nosaltres-oferta-de-feina\/\" target=\"_self\">\n\t\t\t\tTREBALLA AMB NOSALTRES \u2013 OFERTA DE FEINA\t\t\t<\/a>\n\t\t<\/h2>\n\t\t\t\t<div class=\"premium-blog-entry-meta\">\n\t\t\t\n\t\t\t\n\t\t\t\n\t\t\t\t\t<\/div>\n\t\t\n\t\t\t\t\t<\/div>\n\n\t\t\t\t\t\t\t<div class=\"premium-blog-content-inner-wrapper\">\n\t\t<p class=\"premium-blog-post-content\">A \u00d2PTICA DE PLATJA D'ARO estem buscant una nova incorporaci\u00f3 per al nostre equip. T\u2019oferim formaci\u00f3, bon ambient i l\u2019oportunitat d\u2019assessorar a clients que busquen molt m\u00e9s que unes ulleres. Treballem amb ulleres de moda i marques de luxe. T\u2019hi veus? Et volem con\u00e8ixer. Contacta amb nosaltres.<\/p><div class=\"premium-blog-excerpt-link-wrap\"><a href=\"https:\/\/www.opticagracia.com\/ca\/treballa-amb-nosaltres-oferta-de-feina\/\" target=\"_self\" class=\"premium-blog-excerpt-link elementor-button\">LLEGIR M\u00c9S<\/a><\/div>\t\t<\/div>\n\t\t\t\t\t\t\t\n\t\t\t\t<\/div>\n\t\t\t<\/div>\n\t\t<\/div>\n\n\t\t\t\t<div class=\"premium-blog-post-outer-container\" data-total=\"4\">\n\t\t\t<div class=\"premium-blog-post-container premium-blog-skin-modern\">\n\t\t\t\t\t\t\t\t\t<div class=\"premium-blog-thumb-effect-wrapper\">\n\t\t\t\t\t\t<div class=\"premium-blog-thumbnail-container premium-blog-zoomin-effect\">\n\t\t\t\t\t\t\t\t\t\t\t<a href=\"https:\/\/www.opticagracia.com\/ca\/gafas-de-sol-2025-tendencias-proteccion-uv-y-estilo-para-tu-salud-visual\/\" target=\"_self\">\n\t\t\t\t<img decoding=\"async\" width=\"1200\" height=\"800\" src=\"https:\/\/www.opticagracia.com\/wp-content\/uploads\/2025\/04\/Sessio-corporativa-95-web.jpg\" class=\"attachment-full size-full wp-image-20109\" alt=\"ulleres de moda TomFord opticagracia.com\" srcset=\"https:\/\/www.opticagracia.com\/wp-content\/uploads\/2025\/04\/Sessio-corporativa-95-web.jpg 1200w, https:\/\/www.opticagracia.com\/wp-content\/uploads\/2025\/04\/Sessio-corporativa-95-web-650x433.jpg 650w, https:\/\/www.opticagracia.com\/wp-content\/uploads\/2025\/04\/Sessio-corporativa-95-web-1024x683.jpg 1024w, https:\/\/www.opticagracia.com\/wp-content\/uploads\/2025\/04\/Sessio-corporativa-95-web-100x67.jpg 100w, https:\/\/www.opticagracia.com\/wp-content\/uploads\/2025\/04\/Sessio-corporativa-95-web-768x512.jpg 768w, https:\/\/www.opticagracia.com\/wp-content\/uploads\/2025\/04\/Sessio-corporativa-95-web-18x12.jpg 18w, https:\/\/www.opticagracia.com\/wp-content\/uploads\/2025\/04\/Sessio-corporativa-95-web-500x333.jpg 500w\" sizes=\"(max-width: 1200px) 100vw, 1200px\" \/>\t\t\t\t<\/a>\n\t\t\t\t\t\t\t\t\t\t<\/div>\n\t\t\t\t\t\t\t\t\t\t\t\t\t<div class=\"premium-blog-effect-container premium-blog-framed-effect\">\n\t\t\t\t\t\t\t\t<a class=\"premium-blog-post-link\" href=\"https:\/\/www.opticagracia.com\/ca\/gafas-de-sol-2025-tendencias-proteccion-uv-y-estilo-para-tu-salud-visual\/\" target=\"_self\"><span>Ulleres de Sol 2025: Tend\u00e8ncies, Protecci\u00f3 UV i Estil per a la teva Salut Visual<\/span><\/a>\n\t\t\t\t\t\t\t\t\t\t\t\t\t\t\t<\/div>\n\t\t\t\t\t\t\t\t\t\t\t<\/div>\n\t\t\t\t\t\t\t\t\t\t\t\t<div class=\"premium-blog-content-wrapper\">\n\n\t\t\t\t\t<div class=\"premium-blog-inner-container\">\n\n\t\t\t\t\t\t\t\t\t\t\t\t\t\t<h2 class=\"premium-blog-entry-title\">\n\t\t\t<a href=\"https:\/\/www.opticagracia.com\/ca\/gafas-de-sol-2025-tendencias-proteccion-uv-y-estilo-para-tu-salud-visual\/\" target=\"_self\">\n\t\t\t\tUlleres de Sol 2025: Tend\u00e8ncies, Protecci\u00f3 UV i Estil per a la teva Salut Visual\t\t\t<\/a>\n\t\t<\/h2>\n\t\t\t\t<div class=\"premium-blog-entry-meta\">\n\t\t\t\n\t\t\t\n\t\t\t\n\t\t\t\t\t<\/div>\n\t\t\n\t\t\t\t\t<\/div>\n\n\t\t\t\t\t\t\t<div class=\"premium-blog-content-inner-wrapper\">\n\t\t<p class=\"premium-blog-post-content\">A \u00d2ptica Gr\u00e0cia, sabem que les ulleres de sol s\u00f3n molt m\u00e9s que un simple accessori de moda. El 2025, les ulleres de sol de tend\u00e8ncia s&#039;han convertit en una declaraci\u00f3 d&#039;estil<\/p><div class=\"premium-blog-excerpt-link-wrap\"><a href=\"https:\/\/www.opticagracia.com\/ca\/gafas-de-sol-2025-tendencias-proteccion-uv-y-estilo-para-tu-salud-visual\/\" target=\"_self\" class=\"premium-blog-excerpt-link elementor-button\">LLEGIR M\u00c9S<\/a><\/div>\t\t<\/div>\n\t\t\t\t\t\t\t\n\t\t\t\t<\/div>\n\t\t\t<\/div>\n\t\t<\/div>\n\n\t\t\t\t<div class=\"premium-blog-post-outer-container\" data-total=\"4\">\n\t\t\t<div class=\"premium-blog-post-container premium-blog-skin-modern\">\n\t\t\t\t\t\t\t\t\t<div class=\"premium-blog-thumb-effect-wrapper\">\n\t\t\t\t\t\t<div class=\"premium-blog-thumbnail-container premium-blog-zoomin-effect\">\n\t\t\t\t\t\t\t\t\t\t\t<a href=\"https:\/\/www.opticagracia.com\/ca\/5-consejos-esenciales-para-cuidar-la-salud-de-tus-ojos-en-otono-e-invierno\/\" target=\"_self\">\n\t\t\t\t<img loading=\"lazy\" decoding=\"async\" width=\"1125\" height=\"765\" src=\"https:\/\/www.opticagracia.com\/wp-content\/uploads\/2024\/10\/ojo-azul-opticagracia.es_.jpg\" class=\"attachment-full size-full wp-image-18601\" alt=\"ull blau opticagracia.com\" srcset=\"https:\/\/www.opticagracia.com\/wp-content\/uploads\/2024\/10\/ojo-azul-opticagracia.es_.jpg 1125w, https:\/\/www.opticagracia.com\/wp-content\/uploads\/2024\/10\/ojo-azul-opticagracia.es_-650x442.jpg 650w, https:\/\/www.opticagracia.com\/wp-content\/uploads\/2024\/10\/ojo-azul-opticagracia.es_-1024x696.jpg 1024w, https:\/\/www.opticagracia.com\/wp-content\/uploads\/2024\/10\/ojo-azul-opticagracia.es_-100x68.jpg 100w, https:\/\/www.opticagracia.com\/wp-content\/uploads\/2024\/10\/ojo-azul-opticagracia.es_-768x522.jpg 768w, https:\/\/www.opticagracia.com\/wp-content\/uploads\/2024\/10\/ojo-azul-opticagracia.es_-500x340.jpg 500w\" sizes=\"(max-width: 1125px) 100vw, 1125px\" \/>\t\t\t\t<\/a>\n\t\t\t\t\t\t\t\t\t\t<\/div>\n\t\t\t\t\t\t\t\t\t\t\t\t\t<div class=\"premium-blog-effect-container premium-blog-framed-effect\">\n\t\t\t\t\t\t\t\t<a class=\"premium-blog-post-link\" href=\"https:\/\/www.opticagracia.com\/ca\/5-consejos-esenciales-para-cuidar-la-salud-de-tus-ojos-en-otono-e-invierno\/\" target=\"_self\"><span>5 Consells per tenir cura de la salut dels teus ulls a la tardor i l'hivern<\/span><\/a>\n\t\t\t\t\t\t\t\t\t\t\t\t\t\t\t<\/div>\n\t\t\t\t\t\t\t\t\t\t\t<\/div>\n\t\t\t\t\t\t\t\t\t\t\t\t<div class=\"premium-blog-content-wrapper\">\n\n\t\t\t\t\t<div class=\"premium-blog-inner-container\">\n\n\t\t\t\t\t\t\t\t\t\t\t\t\t\t<h2 class=\"premium-blog-entry-title\">\n\t\t\t<a href=\"https:\/\/www.opticagracia.com\/ca\/5-consejos-esenciales-para-cuidar-la-salud-de-tus-ojos-en-otono-e-invierno\/\" target=\"_self\">\n\t\t\t\t5 Consells per tenir cura de la salut dels teus ulls a la tardor i l'hivern\t\t\t<\/a>\n\t\t<\/h2>\n\t\t\t\t<div class=\"premium-blog-entry-meta\">\n\t\t\t\n\t\t\t\n\t\t\t\n\t\t\t\t\t<\/div>\n\t\t\n\t\t\t\t\t<\/div>\n\n\t\t\t\t\t\t\t<div class=\"premium-blog-content-inner-wrapper\">\n\t\t<p class=\"premium-blog-post-content\">5 Consells Essencials per tenir cura de la salut dels teus ulls a la tardor i l&#039;hivern Amb l&#039;arribada de la tardor i l&#039;hivern, els canvis de temperatura i les condicions clim\u00e0tiques poden afectar significativament la<\/p><div class=\"premium-blog-excerpt-link-wrap\"><a href=\"https:\/\/www.opticagracia.com\/ca\/5-consejos-esenciales-para-cuidar-la-salud-de-tus-ojos-en-otono-e-invierno\/\" target=\"_self\" class=\"premium-blog-excerpt-link elementor-button\">LLEGIR M\u00c9S<\/a><\/div>\t\t<\/div>\n\t\t\t\t\t\t\t\n\t\t\t\t<\/div>\n\t\t\t<\/div>\n\t\t<\/div>\n\n\t\t\t\t<div class=\"premium-blog-post-outer-container\" data-total=\"4\">\n\t\t\t<div class=\"premium-blog-post-container premium-blog-skin-modern\">\n\t\t\t\t\t\t\t\t\t<div class=\"premium-blog-thumb-effect-wrapper\">\n\t\t\t\t\t\t<div class=\"premium-blog-thumbnail-container premium-blog-zoomin-effect\">\n\t\t\t\t\t\t\t\t\t\t\t<a href=\"https:\/\/www.opticagracia.com\/ca\/estilos-de-gafas-que-combinan-con-outfits-en-2023\/\" target=\"_self\">\n\t\t\t\t<img loading=\"lazy\" decoding=\"async\" width=\"1200\" height=\"1200\" src=\"https:\/\/www.opticagracia.com\/wp-content\/uploads\/2024\/12\/Gafas-de-sol-GUCCI-1422-001-opticagracia.es_3.jpg\" class=\"attachment-full size-full wp-image-19062\" alt=\"Ulleres de sol GUCCI estil modern i elegant en forma de gat tend\u00e8ncia 2025 model 1422 001 opticagracia.es_3\" srcset=\"https:\/\/www.opticagracia.com\/wp-content\/uploads\/2024\/12\/Gafas-de-sol-GUCCI-1422-001-opticagracia.es_3.jpg 1200w, https:\/\/www.opticagracia.com\/wp-content\/uploads\/2024\/12\/Gafas-de-sol-GUCCI-1422-001-opticagracia.es_3-650x650.jpg 650w, https:\/\/www.opticagracia.com\/wp-content\/uploads\/2024\/12\/Gafas-de-sol-GUCCI-1422-001-opticagracia.es_3-1024x1024.jpg 1024w, https:\/\/www.opticagracia.com\/wp-content\/uploads\/2024\/12\/Gafas-de-sol-GUCCI-1422-001-opticagracia.es_3-100x100.jpg 100w, https:\/\/www.opticagracia.com\/wp-content\/uploads\/2024\/12\/Gafas-de-sol-GUCCI-1422-001-opticagracia.es_3-768x768.jpg 768w, https:\/\/www.opticagracia.com\/wp-content\/uploads\/2024\/12\/Gafas-de-sol-GUCCI-1422-001-opticagracia.es_3-500x500.jpg 500w\" sizes=\"(max-width: 1200px) 100vw, 1200px\" \/>\t\t\t\t<\/a>\n\t\t\t\t\t\t\t\t\t\t<\/div>\n\t\t\t\t\t\t\t\t\t\t\t\t\t<div class=\"premium-blog-effect-container premium-blog-framed-effect\">\n\t\t\t\t\t\t\t\t<a class=\"premium-blog-post-link\" href=\"https:\/\/www.opticagracia.com\/ca\/estilos-de-gafas-que-combinan-con-outfits-en-2023\/\" target=\"_self\"><span>Estils d'Ulleres que combinen amb els teus outfits el 2025<\/span><\/a>\n\t\t\t\t\t\t\t\t\t\t\t\t\t\t\t<\/div>\n\t\t\t\t\t\t\t\t\t\t\t<\/div>\n\t\t\t\t\t\t\t\t\t\t\t\t<div class=\"premium-blog-content-wrapper\">\n\n\t\t\t\t\t<div class=\"premium-blog-inner-container\">\n\n\t\t\t\t\t\t\t\t\t\t\t\t\t\t<h2 class=\"premium-blog-entry-title\">\n\t\t\t<a href=\"https:\/\/www.opticagracia.com\/ca\/estilos-de-gafas-que-combinan-con-outfits-en-2023\/\" target=\"_self\">\n\t\t\t\tEstils d'Ulleres que combinen amb els teus outfits el 2025\t\t\t<\/a>\n\t\t<\/h2>\n\t\t\t\t<div class=\"premium-blog-entry-meta\">\n\t\t\t\n\t\t\t\n\t\t\t\n\t\t\t\t\t<\/div>\n\t\t\n\t\t\t\t\t<\/div>\n\n\t\t\t\t\t\t\t<div class=\"premium-blog-content-inner-wrapper\">\n\t\t<p class=\"premium-blog-post-content\">LA FORMA M\u00c9S F\u00c0CIL D&#039;AFEGIR COLOR ALS TEUS OUTFITS SENSE PERDRE EL TEU ESTIL NI LA TEVA PERSONALITAT Estils de Ulleres que combinen amb els teus outfits el 2025 Les ulleres s\u00f3n el complement perfecte per a<\/p><div class=\"premium-blog-excerpt-link-wrap\"><a href=\"https:\/\/www.opticagracia.com\/ca\/estilos-de-gafas-que-combinan-con-outfits-en-2023\/\" target=\"_self\" class=\"premium-blog-excerpt-link elementor-button\">LLEGIR M\u00c9S<\/a><\/div>\t\t<\/div>\n\t\t\t\t\t\t\t\n\t\t\t\t<\/div>\n\t\t\t<\/div>\n\t\t<\/div>\n\n\t\t\t\t<div class=\"premium-blog-post-outer-container\" data-total=\"4\">\n\t\t\t<div class=\"premium-blog-post-container premium-blog-skin-modern\">\n\t\t\t\t\t\t\t\t\t<div class=\"premium-blog-thumb-effect-wrapper\">\n\t\t\t\t\t\t<div class=\"premium-blog-thumbnail-container premium-blog-zoomin-effect\">\n\t\t\t\t\t\t\t\t\t\t\t<a href=\"https:\/\/www.opticagracia.com\/ca\/que-son-las-lentes-progresivas\/\" target=\"_self\">\n\t\t\t\t<img loading=\"lazy\" decoding=\"async\" width=\"2560\" height=\"1864\" src=\"https:\/\/www.opticagracia.com\/wp-content\/uploads\/2022\/12\/IMAGEN-graduado-mujer-3-opticagracia.es_-scaled.jpg\" class=\"attachment-full size-full wp-image-17244\" alt=\"\" srcset=\"https:\/\/www.opticagracia.com\/wp-content\/uploads\/2022\/12\/IMAGEN-graduado-mujer-3-opticagracia.es_-scaled.jpg 2560w, https:\/\/www.opticagracia.com\/wp-content\/uploads\/2022\/12\/IMAGEN-graduado-mujer-3-opticagracia.es_-650x473.jpg 650w, https:\/\/www.opticagracia.com\/wp-content\/uploads\/2022\/12\/IMAGEN-graduado-mujer-3-opticagracia.es_-1024x745.jpg 1024w, https:\/\/www.opticagracia.com\/wp-content\/uploads\/2022\/12\/IMAGEN-graduado-mujer-3-opticagracia.es_-100x73.jpg 100w, https:\/\/www.opticagracia.com\/wp-content\/uploads\/2022\/12\/IMAGEN-graduado-mujer-3-opticagracia.es_-768x559.jpg 768w, https:\/\/www.opticagracia.com\/wp-content\/uploads\/2022\/12\/IMAGEN-graduado-mujer-3-opticagracia.es_-1536x1118.jpg 1536w, https:\/\/www.opticagracia.com\/wp-content\/uploads\/2022\/12\/IMAGEN-graduado-mujer-3-opticagracia.es_-2048x1491.jpg 2048w, https:\/\/www.opticagracia.com\/wp-content\/uploads\/2022\/12\/IMAGEN-graduado-mujer-3-opticagracia.es_-500x364.jpg 500w\" sizes=\"(max-width: 2560px) 100vw, 2560px\" \/>\t\t\t\t<\/a>\n\t\t\t\t\t\t\t\t\t\t<\/div>\n\t\t\t\t\t\t\t\t\t\t\t\t\t<div class=\"premium-blog-effect-container premium-blog-framed-effect\">\n\t\t\t\t\t\t\t\t<a class=\"premium-blog-post-link\" href=\"https:\/\/www.opticagracia.com\/ca\/que-son-las-lentes-progresivas\/\" target=\"_self\"><span>Ulleres progressives: Qu\u00e8 s\u00f3n, com funcionen i els seus avantatges<\/span><\/a>\n\t\t\t\t\t\t\t\t\t\t\t\t\t\t\t<\/div>\n\t\t\t\t\t\t\t\t\t\t\t<\/div>\n\t\t\t\t\t\t\t\t\t\t\t\t<div class=\"premium-blog-content-wrapper\">\n\n\t\t\t\t\t<div class=\"premium-blog-inner-container\">\n\n\t\t\t\t\t\t\t\t\t\t\t\t\t\t<h2 class=\"premium-blog-entry-title\">\n\t\t\t<a href=\"https:\/\/www.opticagracia.com\/ca\/que-son-las-lentes-progresivas\/\" target=\"_self\">\n\t\t\t\tUlleres progressives: Qu\u00e8 s\u00f3n, com funcionen i els seus avantatges\t\t\t<\/a>\n\t\t<\/h2>\n\t\t\t\t<div class=\"premium-blog-entry-meta\">\n\t\t\t\n\t\t\t\n\t\t\t\n\t\t\t\t\t<\/div>\n\t\t\n\t\t\t\t\t<\/div>\n\n\t\t\t\t\t\t\t<div class=\"premium-blog-content-inner-wrapper\">\n\t\t<p class=\"premium-blog-post-content\">Ulleres progressives: Qu\u00e8 s\u00f3n, com funcionen i els seus avantatges A \u00d2ptica Gr\u00e0cia, les nostres optometristes experimentades, estem compromeses a oferir-te les millors solucions per a les teves necessitats visuals, i les ulleres progressives s\u00f3n una excel\u00b7lent opci\u00f3<\/p><div class=\"premium-blog-excerpt-link-wrap\"><a href=\"https:\/\/www.opticagracia.com\/ca\/que-son-las-lentes-progresivas\/\" target=\"_self\" class=\"premium-blog-excerpt-link elementor-button\">LLEGIR M\u00c9S<\/a><\/div>\t\t<\/div>\n\t\t\t\t\t\t\t\n\t\t\t\t<\/div>\n\t\t\t<\/div>\n\t\t<\/div>\n\n\t\t\t\t\t\t\t<\/div>\n\n\t\t\t\t\t<div class=\"premium-blog-footer\">\n\t\t\t\t\t\t\t<nav class=\"premium-blog-pagination-container\" role=\"navigation\" aria-label=\"Pagination\">\n\t\t\t\t<span aria-current=\"page\" class=\"page-numbers current\">1<\/span>\n<a class=\"page-numbers\" href=\"https:\/\/www.opticagracia.com\/ca\/wp-json\/wp\/v2\/pages\/12058\/page\/2\/\">2<\/a>\n<a class=\"page-numbers\" href=\"https:\/\/www.opticagracia.com\/ca\/wp-json\/wp\/v2\/pages\/12058\/page\/3\/\">3<\/a>\n<a class=\"page-numbers\" href=\"https:\/\/www.opticagracia.com\/ca\/wp-json\/wp\/v2\/pages\/12058\/page\/4\/\">4<\/a>\n<a class=\"next page-numbers\" href=\"https:\/\/www.opticagracia.com\/ca\/wp-json\/wp\/v2\/pages\/12058\/page\/2\/\"> \u00bb<\/a>\t\t\t<\/nav>\n\t\t\t\t\t\t<\/div>\n\t\t\n\t\t\n\t\t\t\t\t\t<\/div>\n\t\t\t\t\t<\/div>\n\t\t<\/div>\n\t\t\t\t\t<\/div>\n\t\t<\/section>\n\t\t\t\t<\/div>","protected":false},"excerpt":{"rendered":"<p>LA MIOP\u00cdA Y Control de la miop\u00eda: qu\u00e9 es, c\u00f3mo se corrige y c\u00f3mo podemos frenar su progresi\u00f3n MIOPIA Control de la miop\u00eda: qu\u00e9 es, c\u00f3mo se corrige y c\u00f3mo podemos frenar su progresi\u00f3n La miop\u00eda es uno de los problemas visuales m\u00e1s frecuentes hoy en d\u00eda, especialmente en ni\u00f1os y adolescentes. LEER M\u00c1S TREBALLA<br \/><a class=\"moretag\" href=\"https:\/\/www.opticagracia.com\/ca\/que-son-las-lentes-progresivas\/\">+ Read More<\/a><\/p>","protected":false},"author":12,"featured_media":0,"parent":0,"menu_order":0,"comment_status":"closed","ping_status":"closed","template":"templates\/page-fullwidth_template.php","meta":{"footnotes":""},"class_list":["post-12058","page","type-page","status-publish","hentry"],"_links":{"self":[{"href":"https:\/\/www.opticagracia.com\/ca\/wp-json\/wp\/v2\/pages\/12058","targetHints":{"allow":["GET"]}}],"collection":[{"href":"https:\/\/www.opticagracia.com\/ca\/wp-json\/wp\/v2\/pages"}],"about":[{"href":"https:\/\/www.opticagracia.com\/ca\/wp-json\/wp\/v2\/types\/page"}],"author":[{"embeddable":true,"href":"https:\/\/www.opticagracia.com\/ca\/wp-json\/wp\/v2\/users\/12"}],"replies":[{"embeddable":true,"href":"https:\/\/www.opticagracia.com\/ca\/wp-json\/wp\/v2\/comments?post=12058"}],"version-history":[{"count":3,"href":"https:\/\/www.opticagracia.com\/ca\/wp-json\/wp\/v2\/pages\/12058\/revisions"}],"predecessor-version":[{"id":20575,"href":"https:\/\/www.opticagracia.com\/ca\/wp-json\/wp\/v2\/pages\/12058\/revisions\/20575"}],"wp:attachment":[{"href":"https:\/\/www.opticagracia.com\/ca\/wp-json\/wp\/v2\/media?parent=12058"}],"curies":[{"name":"wp","href":"https:\/\/api.w.org\/{rel}","templated":true}]}}