{"id":2958,"date":"2017-04-24T09:00:25","date_gmt":"2017-04-24T07:00:25","guid":{"rendered":"http:\/\/gt3demo.com\/wp\/wizestore\/?page_id=690"},"modified":"2025-02-22T17:25:57","modified_gmt":"2025-02-22T16:25:57","slug":"servicios","status":"publish","type":"page","link":"https:\/\/www.opticagracia.com\/ca\/servicios\/","title":{"rendered":"Serveis"},"content":{"rendered":"<div data-elementor-type=\"wp-post\" data-elementor-id=\"2958\" class=\"elementor elementor-2958\" data-elementor-post-type=\"page\">\n\t\t\t\t\t\t<section class=\"elementor-section elementor-top-section elementor-element elementor-element-c5599ba elementor-section-full_width elementor-section-height-default elementor-section-height-default\" data-id=\"c5599ba\" data-element_type=\"section\" data-e-type=\"section\" id=\"easyscan\">\n\t\t\t\t\t\t<div class=\"elementor-container elementor-column-gap-default\">\n\t\t\t\t\t<div class=\"elementor-column elementor-col-50 elementor-top-column elementor-element elementor-element-1cf7066 animated-slow\" data-id=\"1cf7066\" data-element_type=\"column\" data-e-type=\"column\" data-settings=\"{&quot;animation&quot;:&quot;none&quot;,&quot;animation_delay&quot;:300}\">\n\t\t\t<div class=\"elementor-widget-wrap elementor-element-populated\">\n\t\t\t\t\t\t<div class=\"elementor-element elementor-element-153b5cf elementor-widget elementor-widget-heading\" data-id=\"153b5cf\" data-element_type=\"widget\" data-e-type=\"widget\" data-widget_type=\"heading.default\">\n\t\t\t\t\t<h2 class=\"elementor-heading-title elementor-size-default\">EasyScan<\/h2>\t\t\t\t<\/div>\n\t\t\t\t<div class=\"elementor-element elementor-element-c73992b elementor-widget elementor-widget-text-editor\" data-id=\"c73992b\" data-element_type=\"widget\" data-e-type=\"widget\" data-widget_type=\"text-editor.default\">\n\t\t\t\t\t\t\t\t\t<p class=\"translation-block\">A <strong>\u00d2ptica Gr\u00e0cia<\/strong> fem un <strong>examen visual premium<\/strong> a tots els pacients de totes les edats incloent tests visuals per avaluar si hi ha algun defecte visual o problemes d'enfocament (mi\u00f2pia astigmatisme, hipermetropia i presb\u00edcia).<\/p><p>Realitzem tamb\u00e9 la tonometria (Presa de la pressi\u00f3 ocular) ja que aix\u00ed tenim tota la informaci\u00f3 amb totes aquestes proves optom\u00e8triques per avaluar la funcionalitat de la visi\u00f3 i sistema visual, descartem tamb\u00e9 possibles disfuncions de la visi\u00f3 binocular.<\/p><p class=\"translation-block\">Examinem l'estat de salut dels teus ulls amb el <strong>EasyScan<\/strong> amb qu\u00e8 prenem les imatges-escaner de retina.<\/p><p class=\"translation-block\">L'examen visual sense dilataci\u00f3 amb <strong>EasyScan<\/strong> pot detectar f\u00e0cilment afeccions oculars com ara la retinopatia diab\u00e8tica, DMAE, el glaucoma i molt m\u00e9s. La nostra tecnologia permet detectar aquestes anomalies fins i tot en les etapes m\u00e9s primerenques, a trav\u00e9s d'una experi\u00e8ncia f\u00e0cil i agradable sense contacte i amb totes les mesures higi\u00e8niques i de seguretat.<\/p><p>Un cop avaluada la retina, procedim a realitzar l'informe personalitzat per si cal que sigui avaluat per un metge o metgessa oftalm\u00f2leg.<\/p>\t\t\t\t\t\t\t\t<\/div>\n\t\t\t\t\t<\/div>\n\t\t<\/div>\n\t\t\t\t<div class=\"elementor-column elementor-col-50 elementor-top-column elementor-element elementor-element-bd27c0a\" data-id=\"bd27c0a\" data-element_type=\"column\" data-e-type=\"column\" data-settings=\"{&quot;animation&quot;:&quot;none&quot;}\">\n\t\t\t<div class=\"elementor-widget-wrap elementor-element-populated\">\n\t\t\t\t\t\t<div class=\"elementor-element elementor-element-fc05c61 animated-slow elementor-widget elementor-widget-image\" data-id=\"fc05c61\" data-element_type=\"widget\" data-e-type=\"widget\" data-settings=\"{&quot;_animation&quot;:&quot;none&quot;,&quot;_animation_delay&quot;:200}\" data-widget_type=\"image.default\">\n\t\t\t\t\t\t\t\t\t\t\t\t\t\t\t<img fetchpriority=\"high\" decoding=\"async\" width=\"600\" height=\"746\" src=\"https:\/\/www.opticagracia.com\/wp-content\/uploads\/2021\/03\/Optica-Gracia-EasyScan.jpg\" class=\"attachment-full size-full wp-image-13412\" alt=\"\u00d2ptica Gr\u00e0cia - EasyScan\" srcset=\"https:\/\/www.opticagracia.com\/wp-content\/uploads\/2021\/03\/Optica-Gracia-EasyScan.jpg 600w, https:\/\/www.opticagracia.com\/wp-content\/uploads\/2021\/03\/Optica-Gracia-EasyScan-500x622.jpg 500w, https:\/\/www.opticagracia.com\/wp-content\/uploads\/2021\/03\/Optica-Gracia-EasyScan-523x650.jpg 523w, https:\/\/www.opticagracia.com\/wp-content\/uploads\/2021\/03\/Optica-Gracia-EasyScan-80x100.jpg 80w\" sizes=\"(max-width: 600px) 100vw, 600px\" \/>\t\t\t\t\t\t\t\t\t\t\t\t\t\t\t<\/div>\n\t\t\t\t<div class=\"elementor-element elementor-element-f10bd20 animated-slow elementor-invisible elementor-widget elementor-widget-image\" data-id=\"f10bd20\" data-element_type=\"widget\" data-e-type=\"widget\" data-settings=\"{&quot;_animation&quot;:&quot;fadeInLeft&quot;,&quot;_animation_delay&quot;:300}\" data-widget_type=\"image.default\">\n\t\t\t\t\t\t\t\t\t\t\t\t\t\t\t<img decoding=\"async\" src=\"http:\/\/opticagracia.com\/wp-content\/uploads\/2019\/02\/M\u00f2nica-Gr\u00e0cia-\u00d2ptica-Gr\u00e0cia.jpg\" title=\"\" alt=\"\" loading=\"lazy\" \/>\t\t\t\t\t\t\t\t\t\t\t\t\t\t\t<\/div>\n\t\t\t\t\t<\/div>\n\t\t<\/div>\n\t\t\t\t\t<\/div>\n\t\t<\/section>\n\t\t\t\t<section class=\"elementor-section elementor-top-section elementor-element elementor-element-8fa7e45 elementor-section-full_width elementor-reverse-mobile elementor-section-height-default elementor-section-height-default\" data-id=\"8fa7e45\" data-element_type=\"section\" data-e-type=\"section\" id=\"optometria-infantil\" data-settings=\"{&quot;background_background&quot;:&quot;classic&quot;}\">\n\t\t\t\t\t\t<div class=\"elementor-container elementor-column-gap-default\">\n\t\t\t\t\t<div class=\"elementor-column elementor-col-50 elementor-top-column elementor-element elementor-element-fd89525\" data-id=\"fd89525\" data-element_type=\"column\" data-e-type=\"column\" data-settings=\"{&quot;animation&quot;:&quot;none&quot;}\">\n\t\t\t<div class=\"elementor-widget-wrap elementor-element-populated\">\n\t\t\t\t\t\t<div class=\"elementor-element elementor-element-3a44ceb animated-slow elementor-widget elementor-widget-image\" data-id=\"3a44ceb\" data-element_type=\"widget\" data-e-type=\"widget\" data-settings=\"{&quot;_animation&quot;:&quot;none&quot;,&quot;_animation_delay&quot;:300}\" data-widget_type=\"image.default\">\n\t\t\t\t\t\t\t\t\t\t\t\t\t\t\t<img decoding=\"async\" width=\"600\" height=\"400\" src=\"https:\/\/www.opticagracia.com\/wp-content\/uploads\/2021\/03\/Optica-Gracia-Optometria-infantil.jpg\" class=\"attachment-full size-full wp-image-13435\" alt=\"\" srcset=\"https:\/\/www.opticagracia.com\/wp-content\/uploads\/2021\/03\/Optica-Gracia-Optometria-infantil.jpg 600w, https:\/\/www.opticagracia.com\/wp-content\/uploads\/2021\/03\/Optica-Gracia-Optometria-infantil-500x333.jpg 500w, https:\/\/www.opticagracia.com\/wp-content\/uploads\/2021\/03\/Optica-Gracia-Optometria-infantil-100x67.jpg 100w\" sizes=\"(max-width: 600px) 100vw, 600px\" \/>\t\t\t\t\t\t\t\t\t\t\t\t\t\t\t<\/div>\n\t\t\t\t\t<\/div>\n\t\t<\/div>\n\t\t\t\t<div class=\"elementor-column elementor-col-50 elementor-top-column elementor-element elementor-element-8bc5ab9 animated-slow\" data-id=\"8bc5ab9\" data-element_type=\"column\" data-e-type=\"column\" data-settings=\"{&quot;animation&quot;:&quot;none&quot;,&quot;animation_delay&quot;:300}\">\n\t\t\t<div class=\"elementor-widget-wrap elementor-element-populated\">\n\t\t\t\t\t\t<div class=\"elementor-element elementor-element-adff2b8 elementor-widget elementor-widget-heading\" data-id=\"adff2b8\" data-element_type=\"widget\" data-e-type=\"widget\" data-widget_type=\"heading.default\">\n\t\t\t\t\t<h2 class=\"elementor-heading-title elementor-size-default\">Optometria infantil<\/h2>\t\t\t\t<\/div>\n\t\t\t\t<div class=\"elementor-element elementor-element-322e46b elementor-widget elementor-widget-text-editor\" data-id=\"322e46b\" data-element_type=\"widget\" data-e-type=\"widget\" data-widget_type=\"text-editor.default\">\n\t\t\t\t\t\t\t\t\t<p>Revisions espec\u00edfiques per a nens i nenes en edats escolars.<\/p><p>Estudi dels diferents defectes visuals (miopia, astigmatisme, hipermetropia). Descartar estrabismes. Descartar problemes daprenentatge.<\/p><p>Tenim una selecci\u00f3 d'ulleres ideals pels m\u00e9s petits. Tant en muntures de primeres marques com a alternatives m\u00e9s econ\u00f2miques de vista i tamb\u00e9 de sol.<\/p>\t\t\t\t\t\t\t\t<\/div>\n\t\t\t\t\t<\/div>\n\t\t<\/div>\n\t\t\t\t\t<\/div>\n\t\t<\/section>\n\t\t\t\t<section class=\"elementor-section elementor-top-section elementor-element elementor-element-0816a45 elementor-section-full_width elementor-section-height-default elementor-section-height-default\" data-id=\"0816a45\" data-element_type=\"section\" data-e-type=\"section\" id=\"revisiones-optometricas\" data-settings=\"{&quot;background_background&quot;:&quot;classic&quot;}\">\n\t\t\t\t\t\t<div class=\"elementor-container elementor-column-gap-default\">\n\t\t\t\t\t<div class=\"elementor-column elementor-col-50 elementor-top-column elementor-element elementor-element-b1e1243 animated-slow\" data-id=\"b1e1243\" data-element_type=\"column\" data-e-type=\"column\" data-settings=\"{&quot;animation&quot;:&quot;none&quot;,&quot;animation_delay&quot;:400}\">\n\t\t\t<div class=\"elementor-widget-wrap elementor-element-populated\">\n\t\t\t\t\t\t<div class=\"elementor-element elementor-element-e90b874 elementor-widget elementor-widget-heading\" data-id=\"e90b874\" data-element_type=\"widget\" data-e-type=\"widget\" data-widget_type=\"heading.default\">\n\t\t\t\t\t<h2 class=\"elementor-heading-title elementor-size-default\">Revisions optom\u00e8triques per adults de totes les edats<\/h2>\t\t\t\t<\/div>\n\t\t\t\t<div class=\"elementor-element elementor-element-628f395 elementor-widget elementor-widget-text-editor\" data-id=\"628f395\" data-element_type=\"widget\" data-e-type=\"widget\" data-widget_type=\"text-editor.default\">\n\t\t\t\t\t\t\t\t\t<p class=\"translation-block\">Estudi dels diferents defectes visuals:<br>\nMiopia, astigmatisme, hipermetropia, presb\u00edcia\u2026<\/p>\t\t\t\t\t\t\t\t<\/div>\n\t\t\t\t\t<\/div>\n\t\t<\/div>\n\t\t\t\t<div class=\"elementor-column elementor-col-50 elementor-top-column elementor-element elementor-element-ad6543f\" data-id=\"ad6543f\" data-element_type=\"column\" data-e-type=\"column\">\n\t\t\t<div class=\"elementor-widget-wrap elementor-element-populated\">\n\t\t\t\t\t\t<div class=\"elementor-element elementor-element-98aefc8 animated-slow elementor-widget elementor-widget-image\" data-id=\"98aefc8\" data-element_type=\"widget\" data-e-type=\"widget\" data-settings=\"{&quot;_animation&quot;:&quot;none&quot;,&quot;_animation_delay&quot;:400}\" data-widget_type=\"image.default\">\n\t\t\t\t\t\t\t\t\t\t\t\t\t\t\t<img decoding=\"async\" src=\"https:\/\/www.opticagracia.com\/wp-content\/uploads\/elementor\/thumbs\/Optica-Gracia-Serveis-Revisions-optometriques-Home-qu4z5p9fgrbhj8gm8k1v5y1tvarvoqr5ggolzjpq80.jpg\" title=\"\u00d2ptica Gr\u00e0cia \u2013 Serveis \u2013 Revisions optom\u00e8triques\" alt=\"\u00d2ptica Gr\u00e0cia - Serveis - Revisions optom\u00e8triques\" loading=\"lazy\" \/>\t\t\t\t\t\t\t\t\t\t\t\t\t\t\t<\/div>\n\t\t\t\t\t<\/div>\n\t\t<\/div>\n\t\t\t\t\t<\/div>\n\t\t<\/section>\n\t\t\t\t<section class=\"elementor-section elementor-top-section elementor-element elementor-element-76f80f8 elementor-section-full_width elementor-section-height-default elementor-section-height-default\" data-id=\"76f80f8\" data-element_type=\"section\" data-e-type=\"section\" id=\"pruebas-diagnosticas\" data-settings=\"{&quot;background_background&quot;:&quot;classic&quot;}\">\n\t\t\t\t\t\t<div class=\"elementor-container elementor-column-gap-default\">\n\t\t\t\t\t<div class=\"elementor-column elementor-col-50 elementor-top-column elementor-element elementor-element-7f6a2fe\" data-id=\"7f6a2fe\" data-element_type=\"column\" data-e-type=\"column\">\n\t\t\t<div class=\"elementor-widget-wrap elementor-element-populated\">\n\t\t\t\t\t\t<div class=\"elementor-element elementor-element-3b93da5 animated-slow elementor-widget elementor-widget-image\" data-id=\"3b93da5\" data-element_type=\"widget\" data-e-type=\"widget\" data-settings=\"{&quot;_animation&quot;:&quot;none&quot;,&quot;_animation_delay&quot;:500}\" data-widget_type=\"image.default\">\n\t\t\t\t\t\t\t\t\t\t\t\t\t\t\t<img decoding=\"async\" width=\"600\" height=\"400\" src=\"https:\/\/www.opticagracia.com\/wp-content\/uploads\/2021\/05\/Optica-Gracia-Serveis-Proves-diagnostiques-Home.jpg\" class=\"attachment-full size-full wp-image-13950\" alt=\"\u00d2ptica Gr\u00e0cia - Serveis - Proves diagn\u00f2stiques\" srcset=\"https:\/\/www.opticagracia.com\/wp-content\/uploads\/2021\/05\/Optica-Gracia-Serveis-Proves-diagnostiques-Home.jpg 600w, https:\/\/www.opticagracia.com\/wp-content\/uploads\/2021\/05\/Optica-Gracia-Serveis-Proves-diagnostiques-Home-500x333.jpg 500w, https:\/\/www.opticagracia.com\/wp-content\/uploads\/2021\/05\/Optica-Gracia-Serveis-Proves-diagnostiques-Home-100x67.jpg 100w\" sizes=\"(max-width: 600px) 100vw, 600px\" \/>\t\t\t\t\t\t\t\t\t\t\t\t\t\t\t<\/div>\n\t\t\t\t<div class=\"elementor-element elementor-element-45efdf6 animated-slow elementor-invisible elementor-widget elementor-widget-image\" data-id=\"45efdf6\" data-element_type=\"widget\" data-e-type=\"widget\" data-settings=\"{&quot;_animation&quot;:&quot;fadeInLeft&quot;,&quot;_animation_delay&quot;:500}\" data-widget_type=\"image.default\">\n\t\t\t\t\t\t\t\t\t\t\t\t\t\t\t<img decoding=\"async\" src=\"http:\/\/opticagracia.com\/wp-content\/uploads\/2014\/01\/proves-diagnostiques.png\" title=\"\" alt=\"\" loading=\"lazy\" \/>\t\t\t\t\t\t\t\t\t\t\t\t\t\t\t<\/div>\n\t\t\t\t\t<\/div>\n\t\t<\/div>\n\t\t\t\t<div class=\"elementor-column elementor-col-50 elementor-top-column elementor-element elementor-element-d1f7b72 animated-slow\" data-id=\"d1f7b72\" data-element_type=\"column\" data-e-type=\"column\" data-settings=\"{&quot;animation&quot;:&quot;none&quot;,&quot;animation_delay&quot;:500}\">\n\t\t\t<div class=\"elementor-widget-wrap elementor-element-populated\">\n\t\t\t\t\t\t<div class=\"elementor-element elementor-element-3a91018 elementor-widget elementor-widget-heading\" data-id=\"3a91018\" data-element_type=\"widget\" data-e-type=\"widget\" data-widget_type=\"heading.default\">\n\t\t\t\t\t<h2 class=\"elementor-heading-title elementor-size-default\">Proves diagn\u00f2stiques<\/h2>\t\t\t\t<\/div>\n\t\t\t\t<div class=\"elementor-element elementor-element-4cf2a96 elementor-widget elementor-widget-text-editor\" data-id=\"4cf2a96\" data-element_type=\"widget\" data-e-type=\"widget\" data-widget_type=\"text-editor.default\">\n\t\t\t\t\t\t\t\t\t<p><strong>Pressi\u00f3 intraocular<\/strong>.<br \/>Per detectar malalties com el glaucoma de forma preco\u00e7.<\/p>\t\t\t\t\t\t\t\t<\/div>\n\t\t\t\t\t<\/div>\n\t\t<\/div>\n\t\t\t\t\t<\/div>\n\t\t<\/section>\n\t\t\t\t<section class=\"elementor-section elementor-top-section elementor-element elementor-element-53a1d9b elementor-section-full_width elementor-section-height-default elementor-section-height-default\" data-id=\"53a1d9b\" data-element_type=\"section\" data-e-type=\"section\" id=\"adaptacion-lentes-contacto\" data-settings=\"{&quot;background_background&quot;:&quot;classic&quot;}\">\n\t\t\t\t\t\t<div class=\"elementor-container elementor-column-gap-default\">\n\t\t\t\t\t<div class=\"elementor-column elementor-col-50 elementor-top-column elementor-element elementor-element-149e4be animated-slow\" data-id=\"149e4be\" data-element_type=\"column\" data-e-type=\"column\" data-settings=\"{&quot;animation&quot;:&quot;none&quot;,&quot;animation_delay&quot;:400}\">\n\t\t\t<div class=\"elementor-widget-wrap elementor-element-populated\">\n\t\t\t\t\t\t<div class=\"elementor-element elementor-element-233329e elementor-widget elementor-widget-heading\" data-id=\"233329e\" data-element_type=\"widget\" data-e-type=\"widget\" data-widget_type=\"heading.default\">\n\t\t\t\t\t<h2 class=\"elementor-heading-title elementor-size-default\">Adaptaci\u00f3 lents de contacte<\/h2>\t\t\t\t<\/div>\n\t\t\t\t<div class=\"elementor-element elementor-element-5f22beb elementor-widget elementor-widget-text-editor\" data-id=\"5f22beb\" data-element_type=\"widget\" data-e-type=\"widget\" data-widget_type=\"text-editor.default\">\n\t\t\t\t\t\t\t\t\t<ul><li>Adaptaci\u00f3 a nens i adults.<\/li><li>Adaptaci\u00f3 de lents de contacte r\u00edgides i gaspermeables.<\/li><li>Adaptaci\u00f3 de lents de contacte toves (hidrogel): anuals, mensuals, setmanals i di\u00e0ries.<\/li><li>Adaptaci\u00f3 de lents progressives.<\/li><li>Adaptaci\u00f3 de lents t\u00f2riques (per a astigmatisme).<\/li><li>Lents de contacte cosm\u00e8tiques i de fantasia. \u00c0mplia gamma de colors.<\/li><\/ul>\t\t\t\t\t\t\t\t<\/div>\n\t\t\t\t\t<\/div>\n\t\t<\/div>\n\t\t\t\t<div class=\"elementor-column elementor-col-50 elementor-top-column elementor-element elementor-element-2d8b674\" data-id=\"2d8b674\" data-element_type=\"column\" data-e-type=\"column\">\n\t\t\t<div class=\"elementor-widget-wrap elementor-element-populated\">\n\t\t\t\t\t\t<div class=\"elementor-element elementor-element-0b93848 animated-slow elementor-widget elementor-widget-image\" data-id=\"0b93848\" data-element_type=\"widget\" data-e-type=\"widget\" data-settings=\"{&quot;_animation&quot;:&quot;none&quot;,&quot;_animation_delay&quot;:600}\" data-widget_type=\"image.default\">\n\t\t\t\t\t\t\t\t\t\t\t\t\t\t\t<img decoding=\"async\" src=\"https:\/\/www.opticagracia.com\/wp-content\/uploads\/elementor\/thumbs\/Optica-Gracia-Adaptacio-lents-de-contacte-qu4z5jmebr3rlkot5hm3qzh2azjoek4rforp3vy39c.jpg\" title=\"\u00d2ptica Gr\u00e0cia \u2013 Adaptaci\u00f3 lents de contacte\" alt=\"\u00d2ptica Gr\u00e0cia - Adaptaci\u00f3 lents de contacte\" loading=\"lazy\" \/>\t\t\t\t\t\t\t\t\t\t\t\t\t\t\t<\/div>\n\t\t\t\t<div class=\"elementor-element elementor-element-b01efc7 animated-slow elementor-invisible elementor-widget elementor-widget-image\" data-id=\"b01efc7\" data-element_type=\"widget\" data-e-type=\"widget\" data-settings=\"{&quot;_animation&quot;:&quot;fadeInRight&quot;,&quot;_animation_delay&quot;:400}\" data-widget_type=\"image.default\">\n\t\t\t\t\t\t\t\t\t\t\t\t\t\t\t<img decoding=\"async\" src=\"http:\/\/opticagracia.com\/wp-content\/uploads\/2014\/01\/Optica_Gracia_28.png\" title=\"\" alt=\"\" loading=\"lazy\" \/>\t\t\t\t\t\t\t\t\t\t\t\t\t\t\t<\/div>\n\t\t\t\t\t<\/div>\n\t\t<\/div>\n\t\t\t\t\t<\/div>\n\t\t<\/section>\n\t\t\t\t<section class=\"elementor-section elementor-top-section elementor-element elementor-element-8d6725b elementor-section-full_width elementor-section-height-default elementor-section-height-default\" data-id=\"8d6725b\" data-element_type=\"section\" data-e-type=\"section\" id=\"taller-propio\" data-settings=\"{&quot;background_background&quot;:&quot;classic&quot;}\">\n\t\t\t\t\t\t<div class=\"elementor-container elementor-column-gap-default\">\n\t\t\t\t\t<div class=\"elementor-column elementor-col-50 elementor-top-column elementor-element elementor-element-7048561\" data-id=\"7048561\" data-element_type=\"column\" data-e-type=\"column\" data-settings=\"{&quot;animation&quot;:&quot;none&quot;}\">\n\t\t\t<div class=\"elementor-widget-wrap elementor-element-populated\">\n\t\t\t\t\t\t<div class=\"elementor-element elementor-element-08cff9f animated-slow elementor-widget elementor-widget-image\" data-id=\"08cff9f\" data-element_type=\"widget\" data-e-type=\"widget\" data-settings=\"{&quot;_animation&quot;:&quot;none&quot;,&quot;_animation_delay&quot;:600}\" data-widget_type=\"image.default\">\n\t\t\t\t\t\t\t\t\t\t\t\t\t\t\t<img loading=\"lazy\" decoding=\"async\" width=\"300\" height=\"205\" src=\"https:\/\/www.opticagracia.com\/wp-content\/uploads\/2021\/07\/Optica-Gracia-Taller-propi-01.jpg\" class=\"attachment-full size-full wp-image-14398\" alt=\"\" srcset=\"https:\/\/www.opticagracia.com\/wp-content\/uploads\/2021\/07\/Optica-Gracia-Taller-propi-01.jpg 300w, https:\/\/www.opticagracia.com\/wp-content\/uploads\/2021\/07\/Optica-Gracia-Taller-propi-01-100x68.jpg 100w\" sizes=\"(max-width: 300px) 100vw, 300px\" \/>\t\t\t\t\t\t\t\t\t\t\t\t\t\t\t<\/div>\n\t\t\t\t<div class=\"elementor-element elementor-element-bfb744c animated-slow elementor-widget elementor-widget-image\" data-id=\"bfb744c\" data-element_type=\"widget\" data-e-type=\"widget\" data-settings=\"{&quot;_animation&quot;:&quot;none&quot;,&quot;_animation_delay&quot;:600}\" data-widget_type=\"image.default\">\n\t\t\t\t\t\t\t\t\t\t\t\t\t\t\t<img loading=\"lazy\" decoding=\"async\" width=\"300\" height=\"224\" src=\"https:\/\/www.opticagracia.com\/wp-content\/uploads\/2021\/07\/Optica-Gracia-Taller-propi-02.jpg\" class=\"attachment-full size-full wp-image-14399\" alt=\"\u00d2ptica Gr\u00e0cia - Serveis - Taller propi\" srcset=\"https:\/\/www.opticagracia.com\/wp-content\/uploads\/2021\/07\/Optica-Gracia-Taller-propi-02.jpg 300w, https:\/\/www.opticagracia.com\/wp-content\/uploads\/2021\/07\/Optica-Gracia-Taller-propi-02-100x75.jpg 100w\" sizes=\"(max-width: 300px) 100vw, 300px\" \/>\t\t\t\t\t\t\t\t\t\t\t\t\t\t\t<\/div>\n\t\t\t\t\t<\/div>\n\t\t<\/div>\n\t\t\t\t<div class=\"elementor-column elementor-col-50 elementor-top-column elementor-element elementor-element-8c8cde3 animated-slow\" data-id=\"8c8cde3\" data-element_type=\"column\" data-e-type=\"column\" data-settings=\"{&quot;animation&quot;:&quot;none&quot;,&quot;animation_delay&quot;:700}\">\n\t\t\t<div class=\"elementor-widget-wrap elementor-element-populated\">\n\t\t\t\t\t\t<div class=\"elementor-element elementor-element-80680d6 elementor-widget elementor-widget-heading\" data-id=\"80680d6\" data-element_type=\"widget\" data-e-type=\"widget\" id=\"taller-propi\" data-widget_type=\"heading.default\">\n\t\t\t\t\t<h2 class=\"elementor-heading-title elementor-size-default\">Taller propi<\/h2>\t\t\t\t<\/div>\n\t\t\t\t<div class=\"elementor-element elementor-element-d62d414 elementor-widget elementor-widget-text-editor\" data-id=\"d62d414\" data-element_type=\"widget\" data-e-type=\"widget\" data-widget_type=\"text-editor.default\">\n\t\t\t\t\t\t\t\t\t<p>Disposem de les m\u00e0quines m\u00e9s actuals i avan\u00e7ades per poder fer els muntatges necessaris en poc temps.<\/p><p><strong>Servei de<\/strong> <strong>Urg\u00e8ncies<\/strong>: <strong>lents en estoc<\/strong>.<\/p><p>Muntatges de lents solars i graduades: Monofocals i progressives.<\/p><p>Reparacions diverses.<\/p><p>Manteniment de tota mena d&#039;ulleres als nostres clients.<\/p>\t\t\t\t\t\t\t\t<\/div>\n\t\t\t\t\t<\/div>\n\t\t<\/div>\n\t\t\t\t\t<\/div>\n\t\t<\/section>\n\t\t\t\t<\/div>","protected":false},"excerpt":{"rendered":"<p>EasyScan En \u00d2ptica Gr\u00e0cia realizamos un examen visual premium a todos los pacientes de todas las edades incluyendo tests visuales para evaluar si existe alg\u00fan defecto visual o problemas de enfoque (miopia astigmatismo, hipermetrop\u00eda y presbicia). Realizamos tambi\u00e9n la tonometr\u00eda (Toma de la presi\u00f3n ocular) ya que de esta manera tenemos toda la informaci\u00f3n con<br \/><a class=\"moretag\" href=\"https:\/\/www.opticagracia.com\/ca\/servicios\/\">+ Read More<\/a><\/p>","protected":false},"author":6,"featured_media":14559,"parent":0,"menu_order":0,"comment_status":"closed","ping_status":"closed","template":"templates\/page-fullwidth_template.php","meta":{"footnotes":""},"class_list":["post-2958","page","type-page","status-publish","has-post-thumbnail","hentry"],"_links":{"self":[{"href":"https:\/\/www.opticagracia.com\/ca\/wp-json\/wp\/v2\/pages\/2958","targetHints":{"allow":["GET"]}}],"collection":[{"href":"https:\/\/www.opticagracia.com\/ca\/wp-json\/wp\/v2\/pages"}],"about":[{"href":"https:\/\/www.opticagracia.com\/ca\/wp-json\/wp\/v2\/types\/page"}],"author":[{"embeddable":true,"href":"https:\/\/www.opticagracia.com\/ca\/wp-json\/wp\/v2\/users\/6"}],"replies":[{"embeddable":true,"href":"https:\/\/www.opticagracia.com\/ca\/wp-json\/wp\/v2\/comments?post=2958"}],"version-history":[{"count":0,"href":"https:\/\/www.opticagracia.com\/ca\/wp-json\/wp\/v2\/pages\/2958\/revisions"}],"wp:featuredmedia":[{"embeddable":true,"href":"https:\/\/www.opticagracia.com\/ca\/wp-json\/wp\/v2\/media\/14559"}],"wp:attachment":[{"href":"https:\/\/www.opticagracia.com\/ca\/wp-json\/wp\/v2\/media?parent=2958"}],"curies":[{"name":"wp","href":"https:\/\/api.w.org\/{rel}","templated":true}]}}