{"id":10649,"date":"2019-09-02T12:44:39","date_gmt":"2019-09-02T10:44:39","guid":{"rendered":"http:\/\/opticagracia.com\/?post_type=product&#038;p=10649"},"modified":"2025-02-13T23:17:52","modified_gmt":"2025-02-13T22:17:52","slug":"rayban-3647-001-4o","status":"publish","type":"product","link":"https:\/\/www.opticagracia.com\/ca\/producto\/rayban-3647-001-4o\/","title":{"rendered":"Ulleres de sol RayBan 3647 001-4O"},"content":{"rendered":"<p>Ulleres met\u00e0l\u00b7liques Ray Ban 3647 rodones amb doble pont de color blanc i lents minerals color blau mirall 100% UV.<\/p>\n<ul>\n<li>Fam\u00edlia frontal color: blanc<\/li>\n<li>Material de lents: mineral<\/li>\n<li>Propietat lents: est\u00e0ndard<\/li>\n<li>Color lents: blau mirall<\/li>\n<li>100% UV<\/li>\n<\/ul>\n<p>Un dels models m\u00e9s venuts, Round Double Bridge, ara est\u00e0 disponible amb muntures de colors coberts per cercles pl\u00e0stics prims en diversos tons. Les lents degradades contempor\u00e0nies i les muntures de colors transparents ressalten la identitat \u00fanica d\u00b4aquestes ulleres de metall resistent i molt elegant.<br \/>\nUn model street-smart amb un atractiu minimalista, unisex i f\u00e0cil de portar per a individus s\u00faper estilosos.<\/p>","protected":false},"excerpt":{"rendered":"<p>Ulleres met\u00e0l\u00b7liques Ray Ban 3647 rodones amb doble pont de color blanc i lents minerals color blau mirall 100% UV.<\/p>","protected":false},"featured_media":11451,"template":"","meta":[],"product_brand":[1069],"product_cat":[829,895,911,912,914,585,205,206,130,572,814],"product_tag":[],"class_list":{"0":"post-10649","1":"product","2":"type-product","3":"status-publish","4":"has-post-thumbnail","6":"product_brand-ray-ban","7":"product_cat-forma","8":"product_cat-gafas-de-sol","9":"product_cat-gafas-de-sol-hombre","10":"product_cat-gafas-de-sol-mujer","11":"product_cat-gafas-de-sol-unisex","12":"product_cat-gafas-doble-puente","13":"product_cat-gafas-hombre","14":"product_cat-gafas-mujer","15":"product_cat-gafas-ovaladas","16":"product_cat-gafas-redondas","17":"product_cat-gafas-unisex","19":"first","20":"instock","21":"sale","22":"taxable","23":"shipping-taxable","24":"purchasable","25":"product-type-simple"},"_links":{"self":[{"href":"https:\/\/www.opticagracia.com\/ca\/wp-json\/wp\/v2\/product\/10649","targetHints":{"allow":["GET"]}}],"collection":[{"href":"https:\/\/www.opticagracia.com\/ca\/wp-json\/wp\/v2\/product"}],"about":[{"href":"https:\/\/www.opticagracia.com\/ca\/wp-json\/wp\/v2\/types\/product"}],"wp:featuredmedia":[{"embeddable":true,"href":"https:\/\/www.opticagracia.com\/ca\/wp-json\/wp\/v2\/media\/11451"}],"wp:attachment":[{"href":"https:\/\/www.opticagracia.com\/ca\/wp-json\/wp\/v2\/media?parent=10649"}],"wp:term":[{"taxonomy":"product_brand","embeddable":true,"href":"https:\/\/www.opticagracia.com\/ca\/wp-json\/wp\/v2\/product_brand?post=10649"},{"taxonomy":"product_cat","embeddable":true,"href":"https:\/\/www.opticagracia.com\/ca\/wp-json\/wp\/v2\/product_cat?post=10649"},{"taxonomy":"product_tag","embeddable":true,"href":"https:\/\/www.opticagracia.com\/ca\/wp-json\/wp\/v2\/product_tag?post=10649"}],"curies":[{"name":"wp","href":"https:\/\/api.w.org\/{rel}","templated":true}]}}