{"id":10770,"date":"2019-11-04T19:58:13","date_gmt":"2019-11-04T18:58:13","guid":{"rendered":"http:\/\/opticagracia.com\/?post_type=product&#038;p=10770"},"modified":"2025-02-21T17:35:26","modified_gmt":"2025-02-21T16:35:26","slug":"oakley-radar-ev-9208-46","status":"publish","type":"product","link":"https:\/\/www.opticagracia.com\/ca\/producto\/oakley-radar-ev-9208-46\/","title":{"rendered":"Ulleres de sol Oakley Radar EV 9208 46"},"content":{"rendered":"<p>Ulleres Oakley Radar EV 9208, muntura negra amb lents prizm road.<\/p>\n<ul>\n<li>Material de lents: org\u00e0nic<\/li>\n<li>Propietat lents: est\u00e0ndard<\/li>\n<li>Color lents: prizm road<\/li>\n<li>% Transmissi\u00f3 20<\/li>\n<\/ul>\n<p>Una nova fita a l&#039;her\u00e8ncia de rendiment, Radar\u2122 EV porta les innovacions d&#039;un disseny revolucionari fins i tot m\u00e9s enll\u00e0 amb una lent m\u00e9s alta que amplia el camp superior de visi\u00f3. Des de la comoditat i protecci\u00f3 de la muntura O Matter\u2122 a l&#039;adher\u00e8ncia dels seus components d&#039;Unobtanium\u2122, aquest disseny premium es basa en la innovaci\u00f3 i l&#039;estil de les Radar.<\/p>\n<p>Les lents prizm ofereixen el m\u00e0xim contrast i una millor visibilitat amb els beneficis de filtratge brillant de Oakley HD<\/p>","protected":false},"excerpt":{"rendered":"<p>Ulleres Oakley Radar EV 9208, muntura negra amb lents prizm road.<\/p>","protected":false},"featured_media":10771,"template":"","meta":[],"product_brand":[1068],"product_cat":[829,592,895,911,912,914,205,206,582,814,828],"product_tag":[],"class_list":{"0":"post-10770","1":"product","2":"type-product","3":"status-publish","4":"has-post-thumbnail","6":"product_brand-oakley","7":"product_cat-forma","8":"product_cat-gafas-curvadas","9":"product_cat-gafas-de-sol","10":"product_cat-gafas-de-sol-hombre","11":"product_cat-gafas-de-sol-mujer","12":"product_cat-gafas-de-sol-unisex","13":"product_cat-gafas-hombre","14":"product_cat-gafas-mujer","15":"product_cat-gafas-de-pantalla","16":"product_cat-gafas-unisex","17":"product_cat-menu","19":"first","20":"instock","21":"sale","22":"taxable","23":"shipping-taxable","24":"purchasable","25":"product-type-simple"},"_links":{"self":[{"href":"https:\/\/www.opticagracia.com\/ca\/wp-json\/wp\/v2\/product\/10770","targetHints":{"allow":["GET"]}}],"collection":[{"href":"https:\/\/www.opticagracia.com\/ca\/wp-json\/wp\/v2\/product"}],"about":[{"href":"https:\/\/www.opticagracia.com\/ca\/wp-json\/wp\/v2\/types\/product"}],"wp:featuredmedia":[{"embeddable":true,"href":"https:\/\/www.opticagracia.com\/ca\/wp-json\/wp\/v2\/media\/10771"}],"wp:attachment":[{"href":"https:\/\/www.opticagracia.com\/ca\/wp-json\/wp\/v2\/media?parent=10770"}],"wp:term":[{"taxonomy":"product_brand","embeddable":true,"href":"https:\/\/www.opticagracia.com\/ca\/wp-json\/wp\/v2\/product_brand?post=10770"},{"taxonomy":"product_cat","embeddable":true,"href":"https:\/\/www.opticagracia.com\/ca\/wp-json\/wp\/v2\/product_cat?post=10770"},{"taxonomy":"product_tag","embeddable":true,"href":"https:\/\/www.opticagracia.com\/ca\/wp-json\/wp\/v2\/product_tag?post=10770"}],"curies":[{"name":"wp","href":"https:\/\/api.w.org\/{rel}","templated":true}]}}