{"id":15917,"date":"2019-12-19T17:00:20","date_gmt":"2019-12-19T16:00:20","guid":{"rendered":"https:\/\/www.opticagracia.com\/?post_type=product&#038;p=15917"},"modified":"2025-02-12T17:40:30","modified_gmt":"2025-02-12T16:40:30","slug":"gafas-de-sol-ray-ban-kids-9062-7013-55","status":"publish","type":"product","link":"https:\/\/www.opticagracia.com\/ca\/producto\/gafas-de-sol-ray-ban-kids-9062-7013-55\/","title":{"rendered":"Ulleres de sol Ray Ban Kids 9062 7013\/55"},"content":{"rendered":"<p>Aquestes Ray-Ban Junior, inspirades en les Andy Youngster, proposen una cl\u00e0ssica muntura rectangular unisex. Amb les lents d&#039;alta qualitat, que garanteixen la m\u00e0xima protecci\u00f3 davant els danys dels raigs UVB\/UVA, aquestes ulleres s\u00f3n perfectes per als nens que volen cuidar-se els ulls sense renunciar al millor estil.<\/p>\n<ul>\n<li>Fam\u00edlia frontal color: Negre<\/li>\n<li>Material de lents: Org\u00e0nic<\/li>\n<li>Propietat lents: Standard<\/li>\n<li>Color lents: Blau flash<\/li>\n<li>Nota d&#039;informaci\u00f3: 3<\/li>\n<\/ul>\n<p>La muntura flexible de fibra de nil\u00f3, amb el frontal prim i les varetes amples, est\u00e0 feta per resistir tot el que exigeixin fins i tot els joves estilosos m\u00e9s roquers. Els terminals i les varetes s\u00f3n ajustables, de manera que les Ray-Ban Junior RJ9062S permeten personalitzar a la perfecci\u00f3 l&#039;estil infantil m\u00e9s xulo.<\/p>","protected":false},"excerpt":{"rendered":"<p>Les Ray-Ban Junior RJ9062S s&#039;inspiren en models m\u00edtics d&#039;adult per\u00f2 hi afegeixen un gir contemporani especial.<\/p>","protected":false},"featured_media":15918,"template":"","meta":[],"product_brand":[1069],"product_cat":[829,895,913,914,819,586,814,828],"product_tag":[],"class_list":{"0":"post-15917","1":"product","2":"type-product","3":"status-publish","4":"has-post-thumbnail","6":"product_brand-ray-ban","7":"product_cat-forma","8":"product_cat-gafas-de-sol","9":"product_cat-gafas-de-sol-infantiles","10":"product_cat-gafas-de-sol-unisex","11":"product_cat-gafas-infantiles","12":"product_cat-gafas-rectangulares","13":"product_cat-gafas-unisex","14":"product_cat-menu","16":"first","17":"instock","18":"taxable","19":"shipping-taxable","20":"purchasable","21":"product-type-simple"},"_links":{"self":[{"href":"https:\/\/www.opticagracia.com\/ca\/wp-json\/wp\/v2\/product\/15917","targetHints":{"allow":["GET"]}}],"collection":[{"href":"https:\/\/www.opticagracia.com\/ca\/wp-json\/wp\/v2\/product"}],"about":[{"href":"https:\/\/www.opticagracia.com\/ca\/wp-json\/wp\/v2\/types\/product"}],"wp:featuredmedia":[{"embeddable":true,"href":"https:\/\/www.opticagracia.com\/ca\/wp-json\/wp\/v2\/media\/15918"}],"wp:attachment":[{"href":"https:\/\/www.opticagracia.com\/ca\/wp-json\/wp\/v2\/media?parent=15917"}],"wp:term":[{"taxonomy":"product_brand","embeddable":true,"href":"https:\/\/www.opticagracia.com\/ca\/wp-json\/wp\/v2\/product_brand?post=15917"},{"taxonomy":"product_cat","embeddable":true,"href":"https:\/\/www.opticagracia.com\/ca\/wp-json\/wp\/v2\/product_cat?post=15917"},{"taxonomy":"product_tag","embeddable":true,"href":"https:\/\/www.opticagracia.com\/ca\/wp-json\/wp\/v2\/product_tag?post=15917"}],"curies":[{"name":"wp","href":"https:\/\/api.w.org\/{rel}","templated":true}]}}