{"id":18625,"date":"2024-10-18T17:23:58","date_gmt":"2024-10-18T15:23:58","guid":{"rendered":"https:\/\/www.opticagracia.com\/?post_type=product&#038;p=18625"},"modified":"2026-01-14T17:29:22","modified_gmt":"2026-01-14T16:29:22","slug":"gafas-de-sol-miu-miu-52ys-5ak06s","status":"publish","type":"product","link":"https:\/\/www.opticagracia.com\/ca\/producto\/gafas-de-sol-miu-miu-52ys-5ak06s\/","title":{"rendered":"Ulleres de Sol Miu Miu 52YS 5AK06S"},"content":{"rendered":"<p data-start=\"145\" data-end=\"230\">Amb Miu Miu all\u00f2 inesperat sempre marca tend\u00e8ncia. I aquest model d&#039;ulleres de sol no n&#039;\u00e9s l&#039;excepci\u00f3.<\/p>\n<p data-start=\"232\" data-end=\"534\">Les ulleres de sol Miu Miu 52YS reinventen la cl\u00e0ssica forma ovalada amb una proposta original i trencadora: els c\u00e8rcols met\u00e0l\u00b7lics se separen subtilment de les lents, generant un efecte visual \u00fanic abans d&#039;unir-se a les varetes, on el logotip vertical de Miu Miu es converteix en protagonista.<\/p>\n<p data-start=\"536\" data-end=\"778\">La muntura met\u00e0l\u00b7lica en daurat combinada amb terminals en acetat, aporta equilibri entre lleugeresa, eleg\u00e0ncia i car\u00e0cter. Un disseny pensat per a dones que busquen estil amb actitud, sense renunciar a la comoditat ni a la personalitat.<\/p>","protected":false},"excerpt":{"rendered":"<p>Busques unes ulleres de sol Miu Miu que combinin disseny i eleg\u00e0ncia duradora?<\/p>\n<p>Les ulleres de sol Miu Miu 52YS 5AK06S ho tenen tot: una silueta ovalada atemporal, lents violeta degradat i una muntura met\u00e0l\u00b7lica daurada amb el distintiu detall del lla\u00e7 a les varetes.<br data-start=\"1823\" data-end=\"1826\" \/>Aquestes ulleres aporten una sofisticaci\u00f3 subtil a qualsevol conjunt i estan pensades per als que valoren tant el disseny com la qualitat.<\/p>\n<p>Vine a \u00d2ptica Gr\u00e0cia a Platja d&#039;Aro o compra en l\u00ednia amb enviament r\u00e0pid i segur. Fes-te&#039;n i llueix l&#039;aut\u00e8ntic estil Miu Miu!<\/p>","protected":false},"featured_media":18626,"template":"","meta":[],"product_brand":[1058],"product_cat":[829,895,912,206,130,572,828],"product_tag":[],"class_list":{"0":"post-18625","1":"product","2":"type-product","3":"status-publish","4":"has-post-thumbnail","6":"product_brand-miu-miu","7":"product_cat-forma","8":"product_cat-gafas-de-sol","9":"product_cat-gafas-de-sol-mujer","10":"product_cat-gafas-mujer","11":"product_cat-gafas-ovaladas","12":"product_cat-gafas-redondas","13":"product_cat-menu","15":"first","16":"outofstock","17":"taxable","18":"shipping-taxable","19":"purchasable","20":"product-type-simple"},"_links":{"self":[{"href":"https:\/\/www.opticagracia.com\/ca\/wp-json\/wp\/v2\/product\/18625","targetHints":{"allow":["GET"]}}],"collection":[{"href":"https:\/\/www.opticagracia.com\/ca\/wp-json\/wp\/v2\/product"}],"about":[{"href":"https:\/\/www.opticagracia.com\/ca\/wp-json\/wp\/v2\/types\/product"}],"wp:featuredmedia":[{"embeddable":true,"href":"https:\/\/www.opticagracia.com\/ca\/wp-json\/wp\/v2\/media\/18626"}],"wp:attachment":[{"href":"https:\/\/www.opticagracia.com\/ca\/wp-json\/wp\/v2\/media?parent=18625"}],"wp:term":[{"taxonomy":"product_brand","embeddable":true,"href":"https:\/\/www.opticagracia.com\/ca\/wp-json\/wp\/v2\/product_brand?post=18625"},{"taxonomy":"product_cat","embeddable":true,"href":"https:\/\/www.opticagracia.com\/ca\/wp-json\/wp\/v2\/product_cat?post=18625"},{"taxonomy":"product_tag","embeddable":true,"href":"https:\/\/www.opticagracia.com\/ca\/wp-json\/wp\/v2\/product_tag?post=18625"}],"curies":[{"name":"wp","href":"https:\/\/api.w.org\/{rel}","templated":true}]}}