{"id":18645,"date":"2024-10-23T18:25:14","date_gmt":"2024-10-23T16:25:14","guid":{"rendered":"https:\/\/www.opticagracia.com\/?post_type=product&#038;p=18645"},"modified":"2025-06-24T19:07:38","modified_gmt":"2025-06-24T17:07:38","slug":"gafas-de-sol-miu-miu-07ys-1ab5d1","status":"publish","type":"product","link":"https:\/\/www.opticagracia.com\/ca\/producto\/gafas-de-sol-miu-miu-07ys-1ab5d1\/","title":{"rendered":"Ulleres de sol Miu Miu 07YS 1AB5D1"},"content":{"rendered":"<p>Miu Miu t\u00e9 lequilibri perfecte. Amb la forma en acetat molt ponible, aquest model supera les tend\u00e8ncies en les gammes de color cl\u00e0ssiques o s&#039;ajusta a la moda amb les transparents.<\/p>\n<p>El logotip vertical de Miu Miu \u00e9s un detall elegant alhora que una frontissa funcional.<\/p>\n<p>Un model de sol rectangular en acetat que \u00e9s tota una declaraci\u00f3 d&#039;intencions instant\u00e0nia amb els volums agosarats.<\/p>","protected":false},"excerpt":{"rendered":"<p>Vols unes ulleres de sol Miu Miu originals que combinin eleg\u00e0ncia i estil contemporani?<\/p>\n<p data-start=\"317\" data-end=\"679\">El model d&#039;ulleres de sol Miu Miu 07YS 1AB5D1 destaca per la seva muntura rectangular en acetat negre, un disseny auda\u00e7 i sofisticat que es completa amb lents grises degradades, perfectes per a un look actual i refinat, pensat per a dones que busquen marcar estil sense renunciar a la funcionalitat.<\/p>\n<p data-start=\"681\" data-end=\"882\">Fabricades amb materials de primera qualitat, aquestes ulleres de sol ofereixen una gran resist\u00e8ncia i comoditat, convertint-les en una aposta segura tant pel dia a dia com per ocasions especials.<\/p>\n<p data-start=\"884\" data-end=\"1104\">Troba les ulleres de sol Miu Miu al millor preu a \u00d2ptica Gr\u00e0cia, a Platja d&#039;Aro o fes la teva comanda online amb enviament expr\u00e9s en 24\/48 hores.<\/p>\n<p>&nbsp;<\/p>\n<p>&nbsp;<\/p>","protected":false},"featured_media":18646,"template":"","meta":[],"product_brand":[1058],"product_cat":[829,579,895,912,206,828],"product_tag":[],"class_list":{"0":"post-18645","1":"product","2":"type-product","3":"status-publish","4":"has-post-thumbnail","6":"product_brand-miu-miu","7":"product_cat-forma","8":"product_cat-gafas-cuadradas","9":"product_cat-gafas-de-sol","10":"product_cat-gafas-de-sol-mujer","11":"product_cat-gafas-mujer","12":"product_cat-menu","14":"first","15":"instock","16":"taxable","17":"shipping-taxable","18":"purchasable","19":"product-type-simple"},"_links":{"self":[{"href":"https:\/\/www.opticagracia.com\/ca\/wp-json\/wp\/v2\/product\/18645","targetHints":{"allow":["GET"]}}],"collection":[{"href":"https:\/\/www.opticagracia.com\/ca\/wp-json\/wp\/v2\/product"}],"about":[{"href":"https:\/\/www.opticagracia.com\/ca\/wp-json\/wp\/v2\/types\/product"}],"wp:featuredmedia":[{"embeddable":true,"href":"https:\/\/www.opticagracia.com\/ca\/wp-json\/wp\/v2\/media\/18646"}],"wp:attachment":[{"href":"https:\/\/www.opticagracia.com\/ca\/wp-json\/wp\/v2\/media?parent=18645"}],"wp:term":[{"taxonomy":"product_brand","embeddable":true,"href":"https:\/\/www.opticagracia.com\/ca\/wp-json\/wp\/v2\/product_brand?post=18645"},{"taxonomy":"product_cat","embeddable":true,"href":"https:\/\/www.opticagracia.com\/ca\/wp-json\/wp\/v2\/product_cat?post=18645"},{"taxonomy":"product_tag","embeddable":true,"href":"https:\/\/www.opticagracia.com\/ca\/wp-json\/wp\/v2\/product_tag?post=18645"}],"curies":[{"name":"wp","href":"https:\/\/api.w.org\/{rel}","templated":true}]}}