{"id":18686,"date":"2024-10-28T18:49:53","date_gmt":"2024-10-28T17:49:53","guid":{"rendered":"https:\/\/www.opticagracia.com\/?post_type=product&#038;p=18686"},"modified":"2025-02-12T21:47:15","modified_gmt":"2025-02-12T20:47:15","slug":"gafas-de-sol-chloe-0262s-001","status":"publish","type":"product","link":"https:\/\/www.opticagracia.com\/ca\/producto\/gafas-de-sol-chloe-0262s-001\/","title":{"rendered":"Ulleres de sol Chloe 0262S 001"},"content":{"rendered":"<p>Ulleres CHLOE 0262S 001 de pasta multicolor de forma hexagonal i lents gris degradades de m\u00e0xima qualitat.<\/p>\n<p>Un disseny addicional de la l\u00ednia supervendes Frankie. Una forma hexagonal incre\u00efblement lleugera. Els terminals tenen l&#039;emblem\u00e0tic detall de la ll\u00e0grima de Chlo\u00e9 Eyewear en metall.<\/p>\n<p>Chlo\u00e9 \u00e9s una marca de luxe francesa fundada el 1952, coneguda entre les dones sofisticades m\u00e9s conscients de la moda del m\u00f3n per la seva vestimenta chic, femenina i accessoris ic\u00f2nic i imprescindible El disseny modern de Chlo\u00e9 i la feminitat en espiral evolucionen cap a una nova col\u00b7lecci\u00f3 d&#039;ulleres que eleva els codis d&#039;estil. Marcs lleugers, guarniments ic\u00f2nics i contrastos harm\u00f2nics de textures i matisos milloren les formes m\u00e9s grans, a m\u00e9s d&#039;afegir una distinci\u00f3 m\u00e9s a la sofisticaci\u00f3 sense esfor\u00e7 de Chlo\u00e9. La col\u00b7lecci\u00f3 reflecteix una barreja d&#039;elements ic\u00f2nics com materials suaus, formes rodones, retro i de grans dimensions, expressades a trav\u00e9s de tons c\u00e0lids i sorrencs, fidels a la paleta de colors de Chlo\u00e9.<\/p>","protected":false},"excerpt":{"rendered":"<p>Ulleres CHLOE 0262S 001 de pasta multicolor de forma hexagonal i lents gris degradades de m\u00e0xima qualitat.<\/p>\n<p>Un disseny addicional de la l\u00ednia supervendes Frankie. Una forma hexagonal incre\u00efblement lleugera. Els terminals tenen l&#039;emblem\u00e0tic detall de la ll\u00e0grima de Chlo\u00e9 Eyewear en metall.<\/p>","protected":false},"featured_media":18687,"template":"","meta":[],"product_brand":[1054],"product_cat":[829,579,895,912,206,586,828],"product_tag":[],"class_list":{"0":"post-18686","1":"product","2":"type-product","3":"status-publish","4":"has-post-thumbnail","6":"product_brand-chloe","7":"product_cat-forma","8":"product_cat-gafas-cuadradas","9":"product_cat-gafas-de-sol","10":"product_cat-gafas-de-sol-mujer","11":"product_cat-gafas-mujer","12":"product_cat-gafas-rectangulares","13":"product_cat-menu","15":"first","16":"instock","17":"taxable","18":"shipping-taxable","19":"purchasable","20":"product-type-simple"},"_links":{"self":[{"href":"https:\/\/www.opticagracia.com\/ca\/wp-json\/wp\/v2\/product\/18686","targetHints":{"allow":["GET"]}}],"collection":[{"href":"https:\/\/www.opticagracia.com\/ca\/wp-json\/wp\/v2\/product"}],"about":[{"href":"https:\/\/www.opticagracia.com\/ca\/wp-json\/wp\/v2\/types\/product"}],"wp:featuredmedia":[{"embeddable":true,"href":"https:\/\/www.opticagracia.com\/ca\/wp-json\/wp\/v2\/media\/18687"}],"wp:attachment":[{"href":"https:\/\/www.opticagracia.com\/ca\/wp-json\/wp\/v2\/media?parent=18686"}],"wp:term":[{"taxonomy":"product_brand","embeddable":true,"href":"https:\/\/www.opticagracia.com\/ca\/wp-json\/wp\/v2\/product_brand?post=18686"},{"taxonomy":"product_cat","embeddable":true,"href":"https:\/\/www.opticagracia.com\/ca\/wp-json\/wp\/v2\/product_cat?post=18686"},{"taxonomy":"product_tag","embeddable":true,"href":"https:\/\/www.opticagracia.com\/ca\/wp-json\/wp\/v2\/product_tag?post=18686"}],"curies":[{"name":"wp","href":"https:\/\/api.w.org\/{rel}","templated":true}]}}