{"id":18858,"date":"2024-12-05T18:12:55","date_gmt":"2024-12-05T17:12:55","guid":{"rendered":"https:\/\/www.opticagracia.com\/?post_type=product&#038;p=18858"},"modified":"2025-02-12T20:23:54","modified_gmt":"2025-02-12T19:23:54","slug":"gafas-de-sol-carrera-1071-s-2m2","status":"publish","type":"product","link":"https:\/\/www.opticagracia.com\/ca\/producto\/gafas-de-sol-carrera-1071-s-2m2\/","title":{"rendered":"Ulleres de sol Carrera 1071\/S 2M2"},"content":{"rendered":"<p>Aquestes ulleres de sol expressen el car\u00e0cter fort de Carrera. portar lents de correcci\u00f3 en aquestes ulleres \u00e9s un aut\u00e8ntic regal de llibertat.<\/p>\n<p>Ulleres de sol Carrera 1071\/S 2M2, estil aviador rectangular geom\u00e8trica de metall daurat combinat amb acetat negre brillant i lents gris degradades.<\/p>","protected":false},"excerpt":{"rendered":"<p>Ulleres de sol Carrera 1071\/S 2M2, estil aviador rectangular geom\u00e8trica de metall daurat combinat amb acetat negre brillant i lents gris degradades.<\/p>","protected":false},"featured_media":18859,"template":"","meta":[],"product_brand":[1063],"product_cat":[829,584,579,895,911,914,585,205,586,814,828],"product_tag":[],"class_list":{"0":"post-18858","1":"product","2":"type-product","3":"status-publish","4":"has-post-thumbnail","6":"product_brand-carrera","7":"product_cat-forma","8":"product_cat-gafas-aviador","9":"product_cat-gafas-cuadradas","10":"product_cat-gafas-de-sol","11":"product_cat-gafas-de-sol-hombre","12":"product_cat-gafas-de-sol-unisex","13":"product_cat-gafas-doble-puente","14":"product_cat-gafas-hombre","15":"product_cat-gafas-rectangulares","16":"product_cat-gafas-unisex","17":"product_cat-menu","19":"first","20":"instock","21":"taxable","22":"shipping-taxable","23":"purchasable","24":"product-type-simple"},"_links":{"self":[{"href":"https:\/\/www.opticagracia.com\/ca\/wp-json\/wp\/v2\/product\/18858","targetHints":{"allow":["GET"]}}],"collection":[{"href":"https:\/\/www.opticagracia.com\/ca\/wp-json\/wp\/v2\/product"}],"about":[{"href":"https:\/\/www.opticagracia.com\/ca\/wp-json\/wp\/v2\/types\/product"}],"wp:featuredmedia":[{"embeddable":true,"href":"https:\/\/www.opticagracia.com\/ca\/wp-json\/wp\/v2\/media\/18859"}],"wp:attachment":[{"href":"https:\/\/www.opticagracia.com\/ca\/wp-json\/wp\/v2\/media?parent=18858"}],"wp:term":[{"taxonomy":"product_brand","embeddable":true,"href":"https:\/\/www.opticagracia.com\/ca\/wp-json\/wp\/v2\/product_brand?post=18858"},{"taxonomy":"product_cat","embeddable":true,"href":"https:\/\/www.opticagracia.com\/ca\/wp-json\/wp\/v2\/product_cat?post=18858"},{"taxonomy":"product_tag","embeddable":true,"href":"https:\/\/www.opticagracia.com\/ca\/wp-json\/wp\/v2\/product_tag?post=18858"}],"curies":[{"name":"wp","href":"https:\/\/api.w.org\/{rel}","templated":true}]}}