{"id":18864,"date":"2024-12-05T18:41:28","date_gmt":"2024-12-05T17:41:28","guid":{"rendered":"https:\/\/www.opticagracia.com\/?post_type=product&#038;p=18864"},"modified":"2026-05-04T23:22:32","modified_gmt":"2026-05-04T21:22:32","slug":"gafas-de-sol-carrera-1071-s-lgd","status":"publish","type":"product","link":"https:\/\/www.opticagracia.com\/ca\/producto\/gafas-de-sol-carrera-1071-s-lgd\/","title":{"rendered":"Ulleres de sol Carrera 1071\/S LGD"},"content":{"rendered":"<p>Aquestes ulleres de sol expressen el car\u00e0cter fort de Carrera. portar lents de correcci\u00f3 en aquestes ulleres \u00e9s un aut\u00e8ntic regal de llibertat.<\/p>\n<p>Ulleres de sol Carrera 1071\/S LGD, estil aviador rectangular geom\u00e8trica de metall daurat combinat amb acetat negre brillant i lents marr\u00f3 degradades.<\/p>","protected":false},"excerpt":{"rendered":"<p>Ulleres de sol Carrera 1071\/S LGD, estil aviador rectangular geom\u00e8trica de metall daurat combinat amb acetat negre brillant i lents marr\u00f3 degradades.<\/p>","protected":false},"featured_media":18865,"template":"","meta":[],"product_brand":[1063],"product_cat":[895],"product_tag":[],"class_list":{"0":"post-18864","1":"product","2":"type-product","3":"status-publish","4":"has-post-thumbnail","6":"product_brand-carrera","7":"product_cat-gafas-de-sol","8":"pa_color-dorado","9":"pa_color-negro","10":"pa_forma-aviador","11":"pa_forma-doble-puente","12":"pa_forma-rectangular","13":"pa_genero-hombre","14":"pa_genero-mujer","15":"pa_genero-unisex","16":"pa_material-acetato","17":"pa_material-combinado","18":"pa_material-metal","20":"first","21":"outofstock","22":"taxable","23":"shipping-taxable","24":"purchasable","25":"product-type-simple"},"_links":{"self":[{"href":"https:\/\/www.opticagracia.com\/ca\/wp-json\/wp\/v2\/product\/18864","targetHints":{"allow":["GET"]}}],"collection":[{"href":"https:\/\/www.opticagracia.com\/ca\/wp-json\/wp\/v2\/product"}],"about":[{"href":"https:\/\/www.opticagracia.com\/ca\/wp-json\/wp\/v2\/types\/product"}],"wp:featuredmedia":[{"embeddable":true,"href":"https:\/\/www.opticagracia.com\/ca\/wp-json\/wp\/v2\/media\/18865"}],"wp:attachment":[{"href":"https:\/\/www.opticagracia.com\/ca\/wp-json\/wp\/v2\/media?parent=18864"}],"wp:term":[{"taxonomy":"product_brand","embeddable":true,"href":"https:\/\/www.opticagracia.com\/ca\/wp-json\/wp\/v2\/product_brand?post=18864"},{"taxonomy":"product_cat","embeddable":true,"href":"https:\/\/www.opticagracia.com\/ca\/wp-json\/wp\/v2\/product_cat?post=18864"},{"taxonomy":"product_tag","embeddable":true,"href":"https:\/\/www.opticagracia.com\/ca\/wp-json\/wp\/v2\/product_tag?post=18864"}],"curies":[{"name":"wp","href":"https:\/\/api.w.org\/{rel}","templated":true}]}}