{"id":18898,"date":"2024-12-06T17:18:51","date_gmt":"2024-12-06T16:18:51","guid":{"rendered":"https:\/\/www.opticagracia.com\/?post_type=product&#038;p=18898"},"modified":"2026-05-04T22:17:06","modified_gmt":"2026-05-04T20:17:06","slug":"gafas-de-sol-tom-ford-1030-52f","status":"publish","type":"product","link":"https:\/\/www.opticagracia.com\/ca\/producto\/gafas-de-sol-tom-ford-1030-52f\/","title":{"rendered":"Ulleres de sol Tom Ford 1030 52F"},"content":{"rendered":"<p>Tom Ford \u00e9s avui dia un dels estilistes m\u00e9s famosos i estimats.<br \/>\nEl seu disseny innovatiu i provocatiu ha marcat una revoluci\u00f3 al m\u00f3n del luxe gr\u00e0cies a les seves intu\u00efcions vision\u00e0ries sobre el que necessiten els clients moderns.<\/p>\n<p>Ulleres de sol Tom Ford 1030 52F de pasta havana en forma rectangular cl\u00e0ssica i lents marr\u00f3 degradat.<\/p>","protected":false},"excerpt":{"rendered":"<p>Ulleres de sol Tom Ford 1030 52F de pasta havana en forma rectangular cl\u00e0ssica i lents marr\u00f3 degradat.<\/p>","protected":false},"featured_media":18899,"template":"","meta":[],"product_brand":[1061],"product_cat":[895],"product_tag":[],"class_list":{"0":"post-18898","1":"product","2":"type-product","3":"status-publish","4":"has-post-thumbnail","6":"product_brand-tom-ford","7":"product_cat-gafas-de-sol","8":"pa_color-marron","9":"pa_forma-rectangular","10":"pa_genero-mujer","11":"pa_material-acetato","13":"first","14":"instock","15":"taxable","16":"shipping-taxable","17":"purchasable","18":"product-type-simple"},"_links":{"self":[{"href":"https:\/\/www.opticagracia.com\/ca\/wp-json\/wp\/v2\/product\/18898","targetHints":{"allow":["GET"]}}],"collection":[{"href":"https:\/\/www.opticagracia.com\/ca\/wp-json\/wp\/v2\/product"}],"about":[{"href":"https:\/\/www.opticagracia.com\/ca\/wp-json\/wp\/v2\/types\/product"}],"wp:featuredmedia":[{"embeddable":true,"href":"https:\/\/www.opticagracia.com\/ca\/wp-json\/wp\/v2\/media\/18899"}],"wp:attachment":[{"href":"https:\/\/www.opticagracia.com\/ca\/wp-json\/wp\/v2\/media?parent=18898"}],"wp:term":[{"taxonomy":"product_brand","embeddable":true,"href":"https:\/\/www.opticagracia.com\/ca\/wp-json\/wp\/v2\/product_brand?post=18898"},{"taxonomy":"product_cat","embeddable":true,"href":"https:\/\/www.opticagracia.com\/ca\/wp-json\/wp\/v2\/product_cat?post=18898"},{"taxonomy":"product_tag","embeddable":true,"href":"https:\/\/www.opticagracia.com\/ca\/wp-json\/wp\/v2\/product_tag?post=18898"}],"curies":[{"name":"wp","href":"https:\/\/api.w.org\/{rel}","templated":true}]}}