{"id":18902,"date":"2024-12-06T17:32:17","date_gmt":"2024-12-06T16:32:17","guid":{"rendered":"https:\/\/www.opticagracia.com\/?post_type=product&#038;p=18902"},"modified":"2025-02-12T20:22:13","modified_gmt":"2025-02-12T19:22:13","slug":"gafas-de-sol-tom-ford-0884-01b","status":"publish","type":"product","link":"https:\/\/www.opticagracia.com\/ca\/producto\/gafas-de-sol-tom-ford-0884-01b\/","title":{"rendered":"Ulleres de sol Tom Ford 0884 01B"},"content":{"rendered":"<p>Tom Ford \u00e9s avui dia un dels estilistes m\u00e9s famosos i estimats.<br \/>\nEl seu disseny innovatiu i provocatiu ha marcat una revoluci\u00f3 al m\u00f3n del luxe gr\u00e0cies a les seves intu\u00efcions vision\u00e0ries sobre el que necessiten els clients moderns.<\/p>\n<p>Ulleres de sol Tom Ford 0884 01B de pasta negra de forma aviador rectangular i lents gris degradat.<\/p>","protected":false},"excerpt":{"rendered":"<p>Ulleres de sol Tom Ford 0884 01B de pasta negra de forma aviador rectangular i lents gris degradat.<\/p>","protected":false},"featured_media":18903,"template":"","meta":[],"product_brand":[1061],"product_cat":[829,584,895,911,914,585,907,910,206,828],"product_tag":[],"class_list":{"0":"post-18902","1":"product","2":"type-product","3":"status-publish","4":"has-post-thumbnail","6":"product_brand-tom-ford","7":"product_cat-forma","8":"product_cat-gafas-aviador","9":"product_cat-gafas-de-sol","10":"product_cat-gafas-de-sol-hombre","11":"product_cat-gafas-de-sol-unisex","12":"product_cat-gafas-doble-puente","13":"product_cat-gafas-graduadas-hombre","14":"product_cat-gafas-graduadas-unisex","15":"product_cat-gafas-mujer","16":"product_cat-menu","18":"first","19":"instock","20":"taxable","21":"shipping-taxable","22":"purchasable","23":"product-type-simple"},"_links":{"self":[{"href":"https:\/\/www.opticagracia.com\/ca\/wp-json\/wp\/v2\/product\/18902","targetHints":{"allow":["GET"]}}],"collection":[{"href":"https:\/\/www.opticagracia.com\/ca\/wp-json\/wp\/v2\/product"}],"about":[{"href":"https:\/\/www.opticagracia.com\/ca\/wp-json\/wp\/v2\/types\/product"}],"wp:featuredmedia":[{"embeddable":true,"href":"https:\/\/www.opticagracia.com\/ca\/wp-json\/wp\/v2\/media\/18903"}],"wp:attachment":[{"href":"https:\/\/www.opticagracia.com\/ca\/wp-json\/wp\/v2\/media?parent=18902"}],"wp:term":[{"taxonomy":"product_brand","embeddable":true,"href":"https:\/\/www.opticagracia.com\/ca\/wp-json\/wp\/v2\/product_brand?post=18902"},{"taxonomy":"product_cat","embeddable":true,"href":"https:\/\/www.opticagracia.com\/ca\/wp-json\/wp\/v2\/product_cat?post=18902"},{"taxonomy":"product_tag","embeddable":true,"href":"https:\/\/www.opticagracia.com\/ca\/wp-json\/wp\/v2\/product_tag?post=18902"}],"curies":[{"name":"wp","href":"https:\/\/api.w.org\/{rel}","templated":true}]}}