{"id":18916,"date":"2024-12-06T18:25:46","date_gmt":"2024-12-06T17:25:46","guid":{"rendered":"https:\/\/www.opticagracia.com\/?post_type=product&#038;p=18916"},"modified":"2025-02-12T14:40:06","modified_gmt":"2025-02-12T13:40:06","slug":"gafas-de-sol-tom-ford-0711-52f","status":"publish","type":"product","link":"https:\/\/www.opticagracia.com\/ca\/producto\/gafas-de-sol-tom-ford-0711-52f\/","title":{"rendered":"Ulleres de sol Tom Ford 0711 52F"},"content":{"rendered":"<p>Tom Ford \u00e9s avui dia un dels estilistes m\u00e9s famosos i estimats.<br \/>\nEl seu disseny innovatiu i provocatiu ha marcat una revoluci\u00f3 al m\u00f3n del luxe gr\u00e0cies a les seves intu\u00efcions vision\u00e0ries sobre el que necessiten els clients moderns.<\/p>\n<p>Ulleres de sol Tom Ford 0711 52F de pasta gruixuda de color havana en forma rectangular i lents marr\u00f3 fosc.<\/p>","protected":false},"excerpt":{"rendered":"<p>Ulleres de sol Tom Ford 0711 52F de pasta gruixuda de color havana en forma rectangular i lents marr\u00f3 fosc.<\/p>","protected":false},"featured_media":18917,"template":"","meta":[],"product_brand":[1061],"product_cat":[829,579,895,911,912,914,205,206,586,814,828],"product_tag":[],"class_list":{"0":"post-18916","1":"product","2":"type-product","3":"status-publish","4":"has-post-thumbnail","6":"product_brand-tom-ford","7":"product_cat-forma","8":"product_cat-gafas-cuadradas","9":"product_cat-gafas-de-sol","10":"product_cat-gafas-de-sol-hombre","11":"product_cat-gafas-de-sol-mujer","12":"product_cat-gafas-de-sol-unisex","13":"product_cat-gafas-hombre","14":"product_cat-gafas-mujer","15":"product_cat-gafas-rectangulares","16":"product_cat-gafas-unisex","17":"product_cat-menu","19":"first","20":"instock","21":"taxable","22":"shipping-taxable","23":"purchasable","24":"product-type-simple"},"_links":{"self":[{"href":"https:\/\/www.opticagracia.com\/ca\/wp-json\/wp\/v2\/product\/18916","targetHints":{"allow":["GET"]}}],"collection":[{"href":"https:\/\/www.opticagracia.com\/ca\/wp-json\/wp\/v2\/product"}],"about":[{"href":"https:\/\/www.opticagracia.com\/ca\/wp-json\/wp\/v2\/types\/product"}],"wp:featuredmedia":[{"embeddable":true,"href":"https:\/\/www.opticagracia.com\/ca\/wp-json\/wp\/v2\/media\/18917"}],"wp:attachment":[{"href":"https:\/\/www.opticagracia.com\/ca\/wp-json\/wp\/v2\/media?parent=18916"}],"wp:term":[{"taxonomy":"product_brand","embeddable":true,"href":"https:\/\/www.opticagracia.com\/ca\/wp-json\/wp\/v2\/product_brand?post=18916"},{"taxonomy":"product_cat","embeddable":true,"href":"https:\/\/www.opticagracia.com\/ca\/wp-json\/wp\/v2\/product_cat?post=18916"},{"taxonomy":"product_tag","embeddable":true,"href":"https:\/\/www.opticagracia.com\/ca\/wp-json\/wp\/v2\/product_tag?post=18916"}],"curies":[{"name":"wp","href":"https:\/\/api.w.org\/{rel}","templated":true}]}}