{"id":18952,"date":"2024-12-09T11:45:24","date_gmt":"2024-12-09T10:45:24","guid":{"rendered":"https:\/\/www.opticagracia.com\/?post_type=product&#038;p=18952"},"modified":"2025-08-30T12:02:59","modified_gmt":"2025-08-30T10:02:59","slug":"gafas-de-sol-arnette-4335-27536q","status":"publish","type":"product","link":"https:\/\/www.opticagracia.com\/ca\/producto\/gafas-de-sol-arnette-4335-27536q\/","title":{"rendered":"Ulleres de sol Arnette 4335 27536Q"},"content":{"rendered":"<p>Les muntures de bionailon acaparen l&#039;atenci\u00f3 en un model de c\u00e8rcol complet amb calats dissenyat per destacar. Muntura de m\u00e0scara en tend\u00e8ncia amb lents de mirall per a un look aut\u00e8nticament esportiu.<br \/>\nTextures en contrast amb varetes d&#039;injecci\u00f3 doble i detalls de goma de base bio.<\/p>\n<p>Muntura de sol Arnette 4335 27536Q corbada de pasta de color negre mat i brillant amb detall en vermell a les varetes i lents de m\u00e0scara gris fosc mirall vermell\/groc.<\/p>","protected":false},"excerpt":{"rendered":"<p>Muntura de sol Arnette 4335 27536Q corbada de pasta de color negre mat i brillant amb detall en vermell a les varetes i lents de m\u00e0scara gris fosc mirall vermell\/groc.<\/p>","protected":false},"featured_media":0,"template":"","meta":[],"product_brand":[1062],"product_cat":[829,592,895,911,912,914,205,206,208,582,814,828],"product_tag":[],"class_list":{"0":"post-18952","1":"product","2":"type-product","3":"status-publish","5":"product_brand-arnette","6":"product_cat-forma","7":"product_cat-gafas-curvadas","8":"product_cat-gafas-de-sol","9":"product_cat-gafas-de-sol-hombre","10":"product_cat-gafas-de-sol-mujer","11":"product_cat-gafas-de-sol-unisex","12":"product_cat-gafas-hombre","13":"product_cat-gafas-mujer","14":"product_cat-gafas-polarizadas","15":"product_cat-gafas-de-pantalla","16":"product_cat-gafas-unisex","17":"product_cat-menu","19":"first","20":"outofstock","21":"taxable","22":"shipping-taxable","23":"purchasable","24":"product-type-simple"},"_links":{"self":[{"href":"https:\/\/www.opticagracia.com\/ca\/wp-json\/wp\/v2\/product\/18952","targetHints":{"allow":["GET"]}}],"collection":[{"href":"https:\/\/www.opticagracia.com\/ca\/wp-json\/wp\/v2\/product"}],"about":[{"href":"https:\/\/www.opticagracia.com\/ca\/wp-json\/wp\/v2\/types\/product"}],"wp:attachment":[{"href":"https:\/\/www.opticagracia.com\/ca\/wp-json\/wp\/v2\/media?parent=18952"}],"wp:term":[{"taxonomy":"product_brand","embeddable":true,"href":"https:\/\/www.opticagracia.com\/ca\/wp-json\/wp\/v2\/product_brand?post=18952"},{"taxonomy":"product_cat","embeddable":true,"href":"https:\/\/www.opticagracia.com\/ca\/wp-json\/wp\/v2\/product_cat?post=18952"},{"taxonomy":"product_tag","embeddable":true,"href":"https:\/\/www.opticagracia.com\/ca\/wp-json\/wp\/v2\/product_tag?post=18952"}],"curies":[{"name":"wp","href":"https:\/\/api.w.org\/{rel}","templated":true}]}}