{"id":18960,"date":"2024-12-09T12:19:59","date_gmt":"2024-12-09T11:19:59","guid":{"rendered":"https:\/\/www.opticagracia.com\/?post_type=product&#038;p=18960"},"modified":"2025-08-30T12:00:38","modified_gmt":"2025-08-30T10:00:38","slug":"gafas-de-sol-arnette-4323-27556q","status":"publish","type":"product","link":"https:\/\/www.opticagracia.com\/ca\/producto\/gafas-de-sol-arnette-4323-27556q\/","title":{"rendered":"Ulleres de sol Arnette 4323 27556Q"},"content":{"rendered":"<p>Arnette sempre proper al m\u00f3n de l'esport urb\u00e0, la m\u00fasica i les contracultures juvenils, cada ullera ha estat meticulosament dissenyada amb materials de m\u00e0xima qualitat per presentar un disseny lleuger i de llarga durada.<\/p>\n<p>Muntura de sol Arnette 4323 27556Q de pasta de color transparent amb varetes de color vermell i lents gris fosc miralls en taronja\/groc.<\/p>","protected":false},"excerpt":{"rendered":"<p>Muntura de sol Arnette 4323 27556Q de pasta de color transparent amb varetes de color vermell i lents gris fosc miralls en taronja\/groc.<\/p>","protected":false},"featured_media":18961,"template":"","meta":[],"product_brand":[1062],"product_cat":[829,895,911,912,914,205,206,208,814,828],"product_tag":[],"class_list":{"0":"post-18960","1":"product","2":"type-product","3":"status-publish","4":"has-post-thumbnail","6":"product_brand-arnette","7":"product_cat-forma","8":"product_cat-gafas-de-sol","9":"product_cat-gafas-de-sol-hombre","10":"product_cat-gafas-de-sol-mujer","11":"product_cat-gafas-de-sol-unisex","12":"product_cat-gafas-hombre","13":"product_cat-gafas-mujer","14":"product_cat-gafas-polarizadas","15":"product_cat-gafas-unisex","16":"product_cat-menu","18":"first","19":"outofstock","20":"taxable","21":"shipping-taxable","22":"purchasable","23":"product-type-simple"},"_links":{"self":[{"href":"https:\/\/www.opticagracia.com\/ca\/wp-json\/wp\/v2\/product\/18960","targetHints":{"allow":["GET"]}}],"collection":[{"href":"https:\/\/www.opticagracia.com\/ca\/wp-json\/wp\/v2\/product"}],"about":[{"href":"https:\/\/www.opticagracia.com\/ca\/wp-json\/wp\/v2\/types\/product"}],"wp:featuredmedia":[{"embeddable":true,"href":"https:\/\/www.opticagracia.com\/ca\/wp-json\/wp\/v2\/media\/18961"}],"wp:attachment":[{"href":"https:\/\/www.opticagracia.com\/ca\/wp-json\/wp\/v2\/media?parent=18960"}],"wp:term":[{"taxonomy":"product_brand","embeddable":true,"href":"https:\/\/www.opticagracia.com\/ca\/wp-json\/wp\/v2\/product_brand?post=18960"},{"taxonomy":"product_cat","embeddable":true,"href":"https:\/\/www.opticagracia.com\/ca\/wp-json\/wp\/v2\/product_cat?post=18960"},{"taxonomy":"product_tag","embeddable":true,"href":"https:\/\/www.opticagracia.com\/ca\/wp-json\/wp\/v2\/product_tag?post=18960"}],"curies":[{"name":"wp","href":"https:\/\/api.w.org\/{rel}","templated":true}]}}