{"id":18968,"date":"2024-12-09T13:08:56","date_gmt":"2024-12-09T12:08:56","guid":{"rendered":"https:\/\/www.opticagracia.com\/?post_type=product&#038;p=18968"},"modified":"2026-04-27T15:02:47","modified_gmt":"2026-04-27T13:02:47","slug":"gafas-de-sol-arnette-4290-275881","status":"publish","type":"product","link":"https:\/\/www.opticagracia.com\/ca\/producto\/gafas-de-sol-arnette-4290-275881\/","title":{"rendered":"Ulleres de sol Arnette 4290 275881"},"content":{"rendered":"<p>Arnette sempre proper al m\u00f3n de l'esport urb\u00e0, la m\u00fasica i les contracultures juvenils, cada ullera ha estat meticulosament dissenyada amb materials de m\u00e0xima qualitat per presentar un disseny lleuger i de llarga durada.<\/p>\n<p>Muntura de sol Arnette 4290 275881 corbada de pasta de color negre mat i lents gris fosc polaritzades amb detalls en daurat mat.<\/p>","protected":false},"excerpt":{"rendered":"<p>Muntura de sol Arnette 4290 275881 corbada de pasta de color negre mat i lents gris fosc polaritzades amb detalls en daurat mat.<\/p>","protected":false},"featured_media":18969,"template":"","meta":[],"product_brand":[1062],"product_cat":[895],"product_tag":[],"class_list":{"0":"post-18968","1":"product","2":"type-product","3":"status-publish","4":"has-post-thumbnail","6":"product_brand-arnette","7":"product_cat-gafas-de-sol","8":"pa_color-negro","9":"pa_forma-curvada","10":"pa_genero-hombre","11":"pa_genero-mujer","12":"pa_genero-unisex","13":"pa_material-acetato","14":"pa_tipo-lente-polarizada","16":"first","17":"instock","18":"taxable","19":"shipping-taxable","20":"purchasable","21":"product-type-simple"},"_links":{"self":[{"href":"https:\/\/www.opticagracia.com\/ca\/wp-json\/wp\/v2\/product\/18968","targetHints":{"allow":["GET"]}}],"collection":[{"href":"https:\/\/www.opticagracia.com\/ca\/wp-json\/wp\/v2\/product"}],"about":[{"href":"https:\/\/www.opticagracia.com\/ca\/wp-json\/wp\/v2\/types\/product"}],"wp:featuredmedia":[{"embeddable":true,"href":"https:\/\/www.opticagracia.com\/ca\/wp-json\/wp\/v2\/media\/18969"}],"wp:attachment":[{"href":"https:\/\/www.opticagracia.com\/ca\/wp-json\/wp\/v2\/media?parent=18968"}],"wp:term":[{"taxonomy":"product_brand","embeddable":true,"href":"https:\/\/www.opticagracia.com\/ca\/wp-json\/wp\/v2\/product_brand?post=18968"},{"taxonomy":"product_cat","embeddable":true,"href":"https:\/\/www.opticagracia.com\/ca\/wp-json\/wp\/v2\/product_cat?post=18968"},{"taxonomy":"product_tag","embeddable":true,"href":"https:\/\/www.opticagracia.com\/ca\/wp-json\/wp\/v2\/product_tag?post=18968"}],"curies":[{"name":"wp","href":"https:\/\/api.w.org\/{rel}","templated":true}]}}