{"id":18980,"date":"2024-12-09T16:46:29","date_gmt":"2024-12-09T15:46:29","guid":{"rendered":"https:\/\/www.opticagracia.com\/?post_type=product&#038;p=18980"},"modified":"2025-02-13T18:00:18","modified_gmt":"2025-02-13T17:00:18","slug":"gafas-de-sol-furla-787-07ux","status":"publish","type":"product","link":"https:\/\/www.opticagracia.com\/ca\/producto\/gafas-de-sol-furla-787-07ux\/","title":{"rendered":"Ulleres de sol Furla 787 07UX"},"content":{"rendered":"<p>La prestigiosa firma italiana de moda Furla, coneguda per la seva magn\u00edfica col\u00b7lecci\u00f3 d&#039;accessoris entre els que desatacen les seves bosses bosses ens sorpr\u00e8n amb una bell\u00edssima col\u00b7lecci\u00f3 de muntures tant de sol com de vista.<\/p>\n<p>Ulleres de sol Furla 787 07UX, met\u00e0l\u00b7liques en forma geom\u00e8trica amb un embellidor en pasta als dos laterals de les lents amb print animal i lents en un degradat violeta a taronja.<\/p>","protected":false},"excerpt":{"rendered":"<p>Ulleres de sol Furla 787 07UX, met\u00e0l\u00b7liques en forma geom\u00e8trica amb un embellidor en pasta als dos laterals de les lents amb print animal i lents en un degradat violeta a taronja.<\/p>","protected":false},"featured_media":18981,"template":"","meta":[],"product_brand":[1051],"product_cat":[829,895,912,580,575,581,206,828],"product_tag":[],"class_list":{"0":"post-18980","1":"product","2":"type-product","3":"status-publish","4":"has-post-thumbnail","6":"product_brand-furla","7":"product_cat-forma","8":"product_cat-gafas-de-sol","9":"product_cat-gafas-de-sol-mujer","10":"product_cat-gafas-forma-mariposa","11":"product_cat-gafas-ojo-de-gato","12":"product_cat-gafas-hexagonales","13":"product_cat-gafas-mujer","14":"product_cat-menu","16":"first","17":"instock","18":"taxable","19":"shipping-taxable","20":"purchasable","21":"product-type-simple"},"_links":{"self":[{"href":"https:\/\/www.opticagracia.com\/ca\/wp-json\/wp\/v2\/product\/18980","targetHints":{"allow":["GET"]}}],"collection":[{"href":"https:\/\/www.opticagracia.com\/ca\/wp-json\/wp\/v2\/product"}],"about":[{"href":"https:\/\/www.opticagracia.com\/ca\/wp-json\/wp\/v2\/types\/product"}],"wp:featuredmedia":[{"embeddable":true,"href":"https:\/\/www.opticagracia.com\/ca\/wp-json\/wp\/v2\/media\/18981"}],"wp:attachment":[{"href":"https:\/\/www.opticagracia.com\/ca\/wp-json\/wp\/v2\/media?parent=18980"}],"wp:term":[{"taxonomy":"product_brand","embeddable":true,"href":"https:\/\/www.opticagracia.com\/ca\/wp-json\/wp\/v2\/product_brand?post=18980"},{"taxonomy":"product_cat","embeddable":true,"href":"https:\/\/www.opticagracia.com\/ca\/wp-json\/wp\/v2\/product_cat?post=18980"},{"taxonomy":"product_tag","embeddable":true,"href":"https:\/\/www.opticagracia.com\/ca\/wp-json\/wp\/v2\/product_tag?post=18980"}],"curies":[{"name":"wp","href":"https:\/\/api.w.org\/{rel}","templated":true}]}}