{"id":18992,"date":"2024-12-09T18:27:02","date_gmt":"2024-12-09T17:27:02","guid":{"rendered":"https:\/\/www.opticagracia.com\/?post_type=product&#038;p=18992"},"modified":"2025-08-30T11:16:35","modified_gmt":"2025-08-30T09:16:35","slug":"gafas-de-sol-furla-776-0700","status":"publish","type":"product","link":"https:\/\/www.opticagracia.com\/ca\/producto\/gafas-de-sol-furla-776-0700\/","title":{"rendered":"Ulleres de sol Furla 776 0700"},"content":{"rendered":"<p>La prestigiosa firma italiana de moda Furla, coneguda per la seva magn\u00edfica col\u00b7lecci\u00f3 d&#039;accessoris entre els que desatacen les seves bosses bosses ens sorpr\u00e8n amb una bell\u00edssima col\u00b7lecci\u00f3 de muntures tant de sol com de vista.<\/p>\n<p>Ulleres de sol Furla 776 0700, de pasta quadrada color negre amb detall de color al final de les varetes i lents en gris fosc.<\/p>","protected":false},"excerpt":{"rendered":"<p>Ulleres de sol Furla 776 0700, de pasta quadrada color negre amb detall de color al final de les varetes i lents en gris fosc.<\/p>","protected":false},"featured_media":18993,"template":"","meta":[],"product_brand":[1051],"product_cat":[829,579,895,912,206,828],"product_tag":[],"class_list":{"0":"post-18992","1":"product","2":"type-product","3":"status-publish","4":"has-post-thumbnail","6":"product_brand-furla","7":"product_cat-forma","8":"product_cat-gafas-cuadradas","9":"product_cat-gafas-de-sol","10":"product_cat-gafas-de-sol-mujer","11":"product_cat-gafas-mujer","12":"product_cat-menu","14":"first","15":"outofstock","16":"taxable","17":"shipping-taxable","18":"purchasable","19":"product-type-simple"},"_links":{"self":[{"href":"https:\/\/www.opticagracia.com\/ca\/wp-json\/wp\/v2\/product\/18992","targetHints":{"allow":["GET"]}}],"collection":[{"href":"https:\/\/www.opticagracia.com\/ca\/wp-json\/wp\/v2\/product"}],"about":[{"href":"https:\/\/www.opticagracia.com\/ca\/wp-json\/wp\/v2\/types\/product"}],"wp:featuredmedia":[{"embeddable":true,"href":"https:\/\/www.opticagracia.com\/ca\/wp-json\/wp\/v2\/media\/18993"}],"wp:attachment":[{"href":"https:\/\/www.opticagracia.com\/ca\/wp-json\/wp\/v2\/media?parent=18992"}],"wp:term":[{"taxonomy":"product_brand","embeddable":true,"href":"https:\/\/www.opticagracia.com\/ca\/wp-json\/wp\/v2\/product_brand?post=18992"},{"taxonomy":"product_cat","embeddable":true,"href":"https:\/\/www.opticagracia.com\/ca\/wp-json\/wp\/v2\/product_cat?post=18992"},{"taxonomy":"product_tag","embeddable":true,"href":"https:\/\/www.opticagracia.com\/ca\/wp-json\/wp\/v2\/product_tag?post=18992"}],"curies":[{"name":"wp","href":"https:\/\/api.w.org\/{rel}","templated":true}]}}