{"id":18996,"date":"2024-12-09T19:18:24","date_gmt":"2024-12-09T18:18:24","guid":{"rendered":"https:\/\/www.opticagracia.com\/?post_type=product&#038;p=18996"},"modified":"2026-04-27T11:32:28","modified_gmt":"2026-04-27T09:32:28","slug":"gafas-de-sol-furla-784-0700","status":"publish","type":"product","link":"https:\/\/www.opticagracia.com\/ca\/producto\/gafas-de-sol-furla-784-0700\/","title":{"rendered":"Ulleres de sol Furla 784 0700"},"content":{"rendered":"<p>La prestigiosa firma italiana de moda Furla, coneguda per la seva magn\u00edfica col\u00b7lecci\u00f3 d&#039;accessoris entre els que desatacen les seves bosses bosses ens sorpr\u00e8n amb una bell\u00edssima col\u00b7lecci\u00f3 de muntures tant de sol com de vista.<\/p>\n<p>Ulleres de sol Furla 784 0700, de pasta en forma de gat color negre combinat amb color vison amb textura a les varetes i lents en negre degradat.<\/p>","protected":false},"excerpt":{"rendered":"<p>Ulleres de sol Furla 784 0700, de pasta en forma de gat color negre combinat amb color vison amb textura a les varetes i lents en negre degradat.<\/p>","protected":false},"featured_media":18997,"template":"","meta":[],"product_brand":[1051],"product_cat":[895],"product_tag":[],"class_list":{"0":"post-18996","1":"product","2":"type-product","3":"status-publish","4":"has-post-thumbnail","6":"product_brand-furla","7":"product_cat-gafas-de-sol","8":"pa_color-negro","9":"pa_forma-ojo-de-gato","10":"pa_forma-ovalada","11":"pa_genero-mujer","12":"pa_material-acetato","14":"first","15":"outofstock","16":"taxable","17":"shipping-taxable","18":"purchasable","19":"product-type-simple"},"_links":{"self":[{"href":"https:\/\/www.opticagracia.com\/ca\/wp-json\/wp\/v2\/product\/18996","targetHints":{"allow":["GET"]}}],"collection":[{"href":"https:\/\/www.opticagracia.com\/ca\/wp-json\/wp\/v2\/product"}],"about":[{"href":"https:\/\/www.opticagracia.com\/ca\/wp-json\/wp\/v2\/types\/product"}],"wp:featuredmedia":[{"embeddable":true,"href":"https:\/\/www.opticagracia.com\/ca\/wp-json\/wp\/v2\/media\/18997"}],"wp:attachment":[{"href":"https:\/\/www.opticagracia.com\/ca\/wp-json\/wp\/v2\/media?parent=18996"}],"wp:term":[{"taxonomy":"product_brand","embeddable":true,"href":"https:\/\/www.opticagracia.com\/ca\/wp-json\/wp\/v2\/product_brand?post=18996"},{"taxonomy":"product_cat","embeddable":true,"href":"https:\/\/www.opticagracia.com\/ca\/wp-json\/wp\/v2\/product_cat?post=18996"},{"taxonomy":"product_tag","embeddable":true,"href":"https:\/\/www.opticagracia.com\/ca\/wp-json\/wp\/v2\/product_tag?post=18996"}],"curies":[{"name":"wp","href":"https:\/\/api.w.org\/{rel}","templated":true}]}}