{"id":19894,"date":"2025-03-24T17:50:18","date_gmt":"2025-03-24T16:50:18","guid":{"rendered":"https:\/\/www.opticagracia.com\/?post_type=product&#038;p=19894"},"modified":"2025-08-23T20:27:46","modified_gmt":"2025-08-23T18:27:46","slug":"gafas-de-sol-furla-815-700y-54-19","status":"publish","type":"product","link":"https:\/\/www.opticagracia.com\/ca\/producto\/gafas-de-sol-furla-815-700y-54-19\/","title":{"rendered":"Ulleres de sol Furla 815 700Y 54 19"},"content":{"rendered":"<p>La prestigiosa firma italiana de moda Furla, coneguda per la seva magn\u00edfica col\u00b7lecci\u00f3 d&#039;accessoris entre els que desatacen les seves bosses bosses ens sorpr\u00e8n amb una bell\u00edssima col\u00b7lecci\u00f3 de muntures tant de sol com de vista.<\/p>\n<p>Ulleres de sol Furla 815 700Y, de pasta hexagonal color negre amb varetes en color carei amb logo a banda i banda i lents en un degradat gris.<\/p>","protected":false},"excerpt":{"rendered":"<p>Ulleres de sol Furla 815 700Y, de pasta hexagonal color negre amb varetes en color carei amb logo a banda i banda i lents en un degradat gris.<\/p>","protected":false},"featured_media":19895,"template":"","meta":[],"product_brand":[1051],"product_cat":[829,895,912,581,206,586,828],"product_tag":[],"class_list":{"0":"post-19894","1":"product","2":"type-product","3":"status-publish","4":"has-post-thumbnail","6":"product_brand-furla","7":"product_cat-forma","8":"product_cat-gafas-de-sol","9":"product_cat-gafas-de-sol-mujer","10":"product_cat-gafas-hexagonales","11":"product_cat-gafas-mujer","12":"product_cat-gafas-rectangulares","13":"product_cat-menu","15":"first","16":"outofstock","17":"taxable","18":"shipping-taxable","19":"purchasable","20":"product-type-simple"},"_links":{"self":[{"href":"https:\/\/www.opticagracia.com\/ca\/wp-json\/wp\/v2\/product\/19894","targetHints":{"allow":["GET"]}}],"collection":[{"href":"https:\/\/www.opticagracia.com\/ca\/wp-json\/wp\/v2\/product"}],"about":[{"href":"https:\/\/www.opticagracia.com\/ca\/wp-json\/wp\/v2\/types\/product"}],"wp:featuredmedia":[{"embeddable":true,"href":"https:\/\/www.opticagracia.com\/ca\/wp-json\/wp\/v2\/media\/19895"}],"wp:attachment":[{"href":"https:\/\/www.opticagracia.com\/ca\/wp-json\/wp\/v2\/media?parent=19894"}],"wp:term":[{"taxonomy":"product_brand","embeddable":true,"href":"https:\/\/www.opticagracia.com\/ca\/wp-json\/wp\/v2\/product_brand?post=19894"},{"taxonomy":"product_cat","embeddable":true,"href":"https:\/\/www.opticagracia.com\/ca\/wp-json\/wp\/v2\/product_cat?post=19894"},{"taxonomy":"product_tag","embeddable":true,"href":"https:\/\/www.opticagracia.com\/ca\/wp-json\/wp\/v2\/product_tag?post=19894"}],"curies":[{"name":"wp","href":"https:\/\/api.w.org\/{rel}","templated":true}]}}