{"id":19898,"date":"2025-03-24T18:07:45","date_gmt":"2025-03-24T17:07:45","guid":{"rendered":"https:\/\/www.opticagracia.com\/?post_type=product&#038;p=19898"},"modified":"2025-10-07T20:08:02","modified_gmt":"2025-10-07T18:08:02","slug":"gafas-de-sol-furla-781-700y-5418","status":"publish","type":"product","link":"https:\/\/www.opticagracia.com\/ca\/producto\/gafas-de-sol-furla-781-700y-5418\/","title":{"rendered":"Ulleres de sol Furla 781 700Y 5418"},"content":{"rendered":"<p>La prestigiosa firma italiana de moda Furla, coneguda per la seva magn\u00edfica col\u00b7lecci\u00f3 d&#039;accessoris entre els que desatacen les seves bosses bosses ens sorpr\u00e8n amb una bell\u00edssima col\u00b7lecci\u00f3 de muntures tant de sol com de vista.<\/p>\n<p>Ulleres de sol Furla 781 700Y 54 18, de pasta en forma de gat color negre amb el logotip de la marca en daurat i rosa pal a les dues varetes i terminals amb lents en gris fosc.<\/p>","protected":false},"excerpt":{"rendered":"<p>Ulleres de sol Furla 781 700Y 54 18, de pasta en forma de gat color negre amb el logotip de la marca en daurat i rosa pal a les dues varetes i terminals amb lents en gris fosc.<\/p>","protected":false},"featured_media":19899,"template":"","meta":[],"product_brand":[1051],"product_cat":[829,579,895,912,575,206,586,828],"product_tag":[],"class_list":{"0":"post-19898","1":"product","2":"type-product","3":"status-publish","4":"has-post-thumbnail","6":"product_brand-furla","7":"product_cat-forma","8":"product_cat-gafas-cuadradas","9":"product_cat-gafas-de-sol","10":"product_cat-gafas-de-sol-mujer","11":"product_cat-gafas-ojo-de-gato","12":"product_cat-gafas-mujer","13":"product_cat-gafas-rectangulares","14":"product_cat-menu","16":"first","17":"outofstock","18":"taxable","19":"shipping-taxable","20":"purchasable","21":"product-type-simple"},"_links":{"self":[{"href":"https:\/\/www.opticagracia.com\/ca\/wp-json\/wp\/v2\/product\/19898","targetHints":{"allow":["GET"]}}],"collection":[{"href":"https:\/\/www.opticagracia.com\/ca\/wp-json\/wp\/v2\/product"}],"about":[{"href":"https:\/\/www.opticagracia.com\/ca\/wp-json\/wp\/v2\/types\/product"}],"wp:featuredmedia":[{"embeddable":true,"href":"https:\/\/www.opticagracia.com\/ca\/wp-json\/wp\/v2\/media\/19899"}],"wp:attachment":[{"href":"https:\/\/www.opticagracia.com\/ca\/wp-json\/wp\/v2\/media?parent=19898"}],"wp:term":[{"taxonomy":"product_brand","embeddable":true,"href":"https:\/\/www.opticagracia.com\/ca\/wp-json\/wp\/v2\/product_brand?post=19898"},{"taxonomy":"product_cat","embeddable":true,"href":"https:\/\/www.opticagracia.com\/ca\/wp-json\/wp\/v2\/product_cat?post=19898"},{"taxonomy":"product_tag","embeddable":true,"href":"https:\/\/www.opticagracia.com\/ca\/wp-json\/wp\/v2\/product_tag?post=19898"}],"curies":[{"name":"wp","href":"https:\/\/api.w.org\/{rel}","templated":true}]}}