{"id":19933,"date":"2025-04-04T12:38:45","date_gmt":"2025-04-04T10:38:45","guid":{"rendered":"https:\/\/www.opticagracia.com\/?post_type=product&#038;p=19933"},"modified":"2025-08-03T12:12:44","modified_gmt":"2025-08-03T10:12:44","slug":"gafas-de-vista-etnia-barcelona-chroma-n06-rd-52-18","status":"publish","type":"product","link":"https:\/\/www.opticagracia.com\/ca\/producto\/gafas-de-vista-etnia-barcelona-chroma-n06-rd-52-18\/","title":{"rendered":"Ulleres de vista Etnia Barcelona CHROMA N06 RD 52 18"},"content":{"rendered":"<p>CHROMA \u00e9s m\u00e9s que una col\u00b7lecci\u00f3: \u00e9s una invitaci\u00f3 a explorar i experimentar el color de manera completament nova.<\/p>\n<p>La col\u00b7lecci\u00f3 destaca pel joc de contrastos: formes geom\u00e8triques arriscades, volums contundents i colors extrems que eleven l&#039;ADN d&#039;\u00c8tnia Barcelona.<\/p>\n<p>Les nostres muntures estan fabricades amb acetat Mazzucchelli d&#039;alta qualitat. Aquest material procedeix de l&#039;acetat de cel\u00b7lulosa, les mat\u00e8ries primeres del qual s\u00f3n el cot\u00f3 i la fusta. A m\u00e9s, aquest material ofereix una resist\u00e8ncia i mal\u00b7leabilitat superiors, cosa que proporciona el m\u00e0xim confort i durabilitat.<\/p>\n<p>Ulleres Etnia Barcelona CHROMA N06 RD 52 18 d&#039;estil papallona amb combinaci\u00f3 de colors vermellosos amb grans volums a les varetes.<\/p>\n<p>&nbsp;<\/p>","protected":false},"excerpt":{"rendered":"<p>Ulleres Etnia Barcelona CHROMA N06 RD 52 18 d&#039;estil papallona amb combinaci\u00f3 de colors vermellosos amb grans volums a les varetes.<\/p>","protected":false},"featured_media":19934,"template":"","meta":[],"product_brand":[1065],"product_cat":[829,579,580,575,848,908,206,828],"product_tag":[],"class_list":{"0":"post-19933","1":"product","2":"type-product","3":"status-publish","4":"has-post-thumbnail","6":"product_brand-etnia-barcelona","7":"product_cat-forma","8":"product_cat-gafas-cuadradas","9":"product_cat-gafas-forma-mariposa","10":"product_cat-gafas-ojo-de-gato","11":"product_cat-gafas-graduadas","12":"product_cat-gafas-graduadas-mujer","13":"product_cat-gafas-mujer","14":"product_cat-menu","16":"first","17":"outofstock","18":"taxable","19":"shipping-taxable","20":"purchasable","21":"product-type-simple"},"_links":{"self":[{"href":"https:\/\/www.opticagracia.com\/ca\/wp-json\/wp\/v2\/product\/19933","targetHints":{"allow":["GET"]}}],"collection":[{"href":"https:\/\/www.opticagracia.com\/ca\/wp-json\/wp\/v2\/product"}],"about":[{"href":"https:\/\/www.opticagracia.com\/ca\/wp-json\/wp\/v2\/types\/product"}],"wp:featuredmedia":[{"embeddable":true,"href":"https:\/\/www.opticagracia.com\/ca\/wp-json\/wp\/v2\/media\/19934"}],"wp:attachment":[{"href":"https:\/\/www.opticagracia.com\/ca\/wp-json\/wp\/v2\/media?parent=19933"}],"wp:term":[{"taxonomy":"product_brand","embeddable":true,"href":"https:\/\/www.opticagracia.com\/ca\/wp-json\/wp\/v2\/product_brand?post=19933"},{"taxonomy":"product_cat","embeddable":true,"href":"https:\/\/www.opticagracia.com\/ca\/wp-json\/wp\/v2\/product_cat?post=19933"},{"taxonomy":"product_tag","embeddable":true,"href":"https:\/\/www.opticagracia.com\/ca\/wp-json\/wp\/v2\/product_tag?post=19933"}],"curies":[{"name":"wp","href":"https:\/\/api.w.org\/{rel}","templated":true}]}}