{"id":19939,"date":"2025-04-04T12:43:29","date_gmt":"2025-04-04T10:43:29","guid":{"rendered":"https:\/\/www.opticagracia.com\/?post_type=product&#038;p=19939"},"modified":"2026-04-21T17:55:10","modified_gmt":"2026-04-21T15:55:10","slug":"gafas-de-vista-etnia-barcelona-chroma-n06-dbpk-52-18","status":"publish","type":"product","link":"https:\/\/www.opticagracia.com\/ca\/producto\/gafas-de-vista-etnia-barcelona-chroma-n06-dbpk-52-18\/","title":{"rendered":"Ulleres de vista Etnia Barcelona CHROMA N06 DBPK 52 18"},"content":{"rendered":"<p>CHROMA \u00e9s m\u00e9s que una col\u00b7lecci\u00f3: \u00e9s una invitaci\u00f3 a explorar i experimentar el color de manera completament nova.<\/p>\n<p>La col\u00b7lecci\u00f3 destaca pel joc de contrastos: formes geom\u00e8triques arriscades, volums contundents i colors extrems que eleven l&#039;ADN d&#039;\u00c8tnia Barcelona.<\/p>\n<p>Les nostres muntures estan fabricades amb acetat Mazzucchelli d&#039;alta qualitat. Aquest material procedeix de l&#039;acetat de cel\u00b7lulosa, les mat\u00e8ries primeres del qual s\u00f3n el cot\u00f3 i la fusta. A m\u00e9s, aquest material ofereix una resist\u00e8ncia i mal\u00b7leabilitat superiors, cosa que proporciona el m\u00e0xim confort i durabilitat.<\/p>\n<p>Ulleres Etnia Barcelona CHROMA N06 DBPK 52 18 d&#039;estil papallona amb combinaci\u00f3 de colors blaus foscos\/roses amb grans volums a les varetes.<\/p>\n<p>&nbsp;<\/p>","protected":false},"excerpt":{"rendered":"<p>Ulleres Etnia Barcelona CHROMA N06 DBPK 52 18 d&#039;estil papallona amb combinaci\u00f3 de colors blaus foscos\/roses amb grans volums a les varetes.<\/p>","protected":false},"featured_media":19940,"template":"","meta":[],"product_brand":[1065],"product_cat":[848],"product_tag":[],"class_list":{"0":"post-19939","1":"product","2":"type-product","3":"status-publish","4":"has-post-thumbnail","6":"product_brand-etnia-barcelona","7":"product_cat-gafas-graduadas","8":"pa_color-azul","9":"pa_color-rosa","10":"pa_forma-mariposa","11":"pa_genero-mujer","12":"pa_material-acetato","14":"first","15":"instock","16":"taxable","17":"shipping-taxable","18":"purchasable","19":"product-type-simple"},"_links":{"self":[{"href":"https:\/\/www.opticagracia.com\/ca\/wp-json\/wp\/v2\/product\/19939","targetHints":{"allow":["GET"]}}],"collection":[{"href":"https:\/\/www.opticagracia.com\/ca\/wp-json\/wp\/v2\/product"}],"about":[{"href":"https:\/\/www.opticagracia.com\/ca\/wp-json\/wp\/v2\/types\/product"}],"wp:featuredmedia":[{"embeddable":true,"href":"https:\/\/www.opticagracia.com\/ca\/wp-json\/wp\/v2\/media\/19940"}],"wp:attachment":[{"href":"https:\/\/www.opticagracia.com\/ca\/wp-json\/wp\/v2\/media?parent=19939"}],"wp:term":[{"taxonomy":"product_brand","embeddable":true,"href":"https:\/\/www.opticagracia.com\/ca\/wp-json\/wp\/v2\/product_brand?post=19939"},{"taxonomy":"product_cat","embeddable":true,"href":"https:\/\/www.opticagracia.com\/ca\/wp-json\/wp\/v2\/product_cat?post=19939"},{"taxonomy":"product_tag","embeddable":true,"href":"https:\/\/www.opticagracia.com\/ca\/wp-json\/wp\/v2\/product_tag?post=19939"}],"curies":[{"name":"wp","href":"https:\/\/api.w.org\/{rel}","templated":true}]}}