{"id":19953,"date":"2025-04-04T17:31:03","date_gmt":"2025-04-04T15:31:03","guid":{"rendered":"https:\/\/www.opticagracia.com\/?post_type=product&#038;p=19953"},"modified":"2026-04-20T10:32:18","modified_gmt":"2026-04-20T08:32:18","slug":"gafas-de-vista-etnia-barcelona-chroma-n04-fubx-53","status":"publish","type":"product","link":"https:\/\/www.opticagracia.com\/ca\/producto\/gafas-de-vista-etnia-barcelona-chroma-n04-fubx-53\/","title":{"rendered":"Gafas de vista Etnia Barcelona CHROMA N04 FUBX 53"},"content":{"rendered":"<p>CHROMA \u00e9s m\u00e9s que una col\u00b7lecci\u00f3: \u00e9s una invitaci\u00f3 a explorar i experimentar el color de manera completament nova.<\/p>\n<p>La col\u00b7lecci\u00f3 destaca pel joc de contrastos: formes geom\u00e8triques arriscades, volums contundents i colors extrems que eleven l&#039;ADN d&#039;\u00c8tnia Barcelona.<\/p>\n<p>Les nostres muntures estan fabricades amb acetat Mazzucchelli d&#039;alta qualitat. Aquest material procedeix de l&#039;acetat de cel\u00b7lulosa, les mat\u00e8ries primeres del qual s\u00f3n el cot\u00f3 i la fusta. A m\u00e9s, aquest material ofereix una resist\u00e8ncia i mal\u00b7leabilitat superiors, cosa que proporciona el m\u00e0xim confort i durabilitat.<\/p>\n<p>Gafas Etnia Barcelona CHROMA N04 FUBX 53 de estilo redondo y geom\u00e9trico con combinaci\u00f3n de colores azul\/verde y grandes vol\u00famenes en las varillas.<\/p>\n<p>&nbsp;<\/p>","protected":false},"excerpt":{"rendered":"<p>Ulleres Etnia Barcelona CHROMA N03 GRDB 52 20 d&#039;estil rod\u00f3 i geom\u00e8tric amb combinaci\u00f3 de colors blau\/verd i grans volums a les varetes.<\/p>","protected":false},"featured_media":19951,"template":"","meta":[],"product_brand":[1065],"product_cat":[848],"product_tag":[],"class_list":{"0":"post-19953","1":"product","2":"type-product","3":"status-publish","4":"has-post-thumbnail","6":"product_brand-etnia-barcelona","7":"product_cat-gafas-graduadas","8":"pa_color-azul","9":"pa_color-verde","10":"pa_forma-redonda","11":"pa_genero-mujer","12":"pa_material-acetato","14":"first","15":"instock","16":"taxable","17":"shipping-taxable","18":"purchasable","19":"product-type-simple"},"_links":{"self":[{"href":"https:\/\/www.opticagracia.com\/ca\/wp-json\/wp\/v2\/product\/19953","targetHints":{"allow":["GET"]}}],"collection":[{"href":"https:\/\/www.opticagracia.com\/ca\/wp-json\/wp\/v2\/product"}],"about":[{"href":"https:\/\/www.opticagracia.com\/ca\/wp-json\/wp\/v2\/types\/product"}],"wp:featuredmedia":[{"embeddable":true,"href":"https:\/\/www.opticagracia.com\/ca\/wp-json\/wp\/v2\/media\/19951"}],"wp:attachment":[{"href":"https:\/\/www.opticagracia.com\/ca\/wp-json\/wp\/v2\/media?parent=19953"}],"wp:term":[{"taxonomy":"product_brand","embeddable":true,"href":"https:\/\/www.opticagracia.com\/ca\/wp-json\/wp\/v2\/product_brand?post=19953"},{"taxonomy":"product_cat","embeddable":true,"href":"https:\/\/www.opticagracia.com\/ca\/wp-json\/wp\/v2\/product_cat?post=19953"},{"taxonomy":"product_tag","embeddable":true,"href":"https:\/\/www.opticagracia.com\/ca\/wp-json\/wp\/v2\/product_tag?post=19953"}],"curies":[{"name":"wp","href":"https:\/\/api.w.org\/{rel}","templated":true}]}}