{"id":19957,"date":"2025-04-05T10:42:20","date_gmt":"2025-04-05T08:42:20","guid":{"rendered":"https:\/\/www.opticagracia.com\/?post_type=product&#038;p=19957"},"modified":"2025-08-03T12:07:20","modified_gmt":"2025-08-03T10:07:20","slug":"gafas-de-sol-etnia-barcelona-eixample-bebr-52-22","status":"publish","type":"product","link":"https:\/\/www.opticagracia.com\/ca\/producto\/gafas-de-sol-etnia-barcelona-eixample-bebr-52-22\/","title":{"rendered":"Ulleres de sol ETNIA BARCELONA EIXAMPLE BEBR 52 22"},"content":{"rendered":"<p>Les ulleres Etnia Barcelona estan fetes amb materials naturals de qualitat alt\u00edssima com l&#039;acetat Mazzucchelli, que prov\u00e9 del cot\u00f3 i la fusta, i assegura m\u00e0xim confort.<\/p>\n<p>Mazzuchelli, \u00e9s un material 100% natural i mal\u00b7leable de molt alta qualitat que prov\u00e9 de la flor de cot\u00f3 tractada amb cura per aconseguir muntures altament amb c\u00f2modes i confortables.<\/p>\n<p>Etnia Barcelona selecciona i desenvolupa amb cura tots els colors de les seves col\u00b7leccions sempre recolzant-se en les tend\u00e8ncies de l&#039;art i la moda.<\/p>\n<p>Ulleres de sol Etnia Barcelona Eixample BEBR 52 22, d&#039;estil rod\u00f3 amb combinaci\u00f3 de colors crema, havanes i transpar\u00e8ncia amb aires retros i lents minerals de m\u00e0xima qualitat de color marr\u00f3 degradat fotocrom\u00e0tiques.<\/p>\n<p>&nbsp;<\/p>","protected":false},"excerpt":{"rendered":"<p>Ulleres de sol Etnia Barcelona Eixample BEBR 52 22, d&#039;estil rod\u00f3 amb combinaci\u00f3 de colors crema, havanes i transpar\u00e8ncia amb aires retros i lents minerals de m\u00e0xima qualitat de color marr\u00f3 degradat fotocrom\u00e0tiques.<\/p>","protected":false},"featured_media":19958,"template":"","meta":[],"product_brand":[1065],"product_cat":[829,895,912,580,575,206,130,572,828],"product_tag":[],"class_list":{"0":"post-19957","1":"product","2":"type-product","3":"status-publish","4":"has-post-thumbnail","6":"product_brand-etnia-barcelona","7":"product_cat-forma","8":"product_cat-gafas-de-sol","9":"product_cat-gafas-de-sol-mujer","10":"product_cat-gafas-forma-mariposa","11":"product_cat-gafas-ojo-de-gato","12":"product_cat-gafas-mujer","13":"product_cat-gafas-ovaladas","14":"product_cat-gafas-redondas","15":"product_cat-menu","17":"first","18":"outofstock","19":"taxable","20":"shipping-taxable","21":"purchasable","22":"product-type-simple"},"_links":{"self":[{"href":"https:\/\/www.opticagracia.com\/ca\/wp-json\/wp\/v2\/product\/19957","targetHints":{"allow":["GET"]}}],"collection":[{"href":"https:\/\/www.opticagracia.com\/ca\/wp-json\/wp\/v2\/product"}],"about":[{"href":"https:\/\/www.opticagracia.com\/ca\/wp-json\/wp\/v2\/types\/product"}],"wp:featuredmedia":[{"embeddable":true,"href":"https:\/\/www.opticagracia.com\/ca\/wp-json\/wp\/v2\/media\/19958"}],"wp:attachment":[{"href":"https:\/\/www.opticagracia.com\/ca\/wp-json\/wp\/v2\/media?parent=19957"}],"wp:term":[{"taxonomy":"product_brand","embeddable":true,"href":"https:\/\/www.opticagracia.com\/ca\/wp-json\/wp\/v2\/product_brand?post=19957"},{"taxonomy":"product_cat","embeddable":true,"href":"https:\/\/www.opticagracia.com\/ca\/wp-json\/wp\/v2\/product_cat?post=19957"},{"taxonomy":"product_tag","embeddable":true,"href":"https:\/\/www.opticagracia.com\/ca\/wp-json\/wp\/v2\/product_tag?post=19957"}],"curies":[{"name":"wp","href":"https:\/\/api.w.org\/{rel}","templated":true}]}}