{"id":19991,"date":"2025-04-05T19:22:27","date_gmt":"2025-04-05T17:22:27","guid":{"rendered":"https:\/\/www.opticagracia.com\/?post_type=product&#038;p=19991"},"modified":"2026-04-18T19:04:53","modified_gmt":"2026-04-18T17:04:53","slug":"gafas-de-sol-prada-19zs-1ab5s0-55-17","status":"publish","type":"product","link":"https:\/\/www.opticagracia.com\/ca\/producto\/gafas-de-sol-prada-19zs-1ab5s0-55-17\/","title":{"rendered":"Ulleres de sol Prada 19ZS 1AB5S0 55 17"},"content":{"rendered":"<p>Les ulleres de sol Prada capturen l?ess\u00e8ncia de l?eleg\u00e0ncia moderna i la sofisticaci\u00f3 vintage. Podr\u00e0s escollir les ulleres de sol que s&#039;adaptin al teu estil gr\u00e0cies a la seva \u00e0mplia varietat de models i colors que ofereix la marca de moda. Mostra al m\u00f3n el teu estil \u00fanic amb les ulleres de sol Prada.<\/p>\n<p>Ulleres de sol Prada 19ZS 1AB5S0 55 17, de pasta estil geom\u00e8tric color negre amb les varetes fines del mateix color amb logotip en platejat de la marca i lents color gris fosc.<\/p>","protected":false},"excerpt":{"rendered":"<p>Ulleres de sol Prada 19ZS 1AB5S0 55 17, de pasta estil geom\u00e8tric color negre amb les varetes fines del mateix color amb logotip en platejat de la marca i lents color gris fosc.<\/p>","protected":false},"featured_media":19992,"template":"","meta":[],"product_brand":[1060],"product_cat":[895],"product_tag":[],"class_list":{"0":"post-19991","1":"product","2":"type-product","3":"status-publish","4":"has-post-thumbnail","6":"product_brand-prada","7":"product_cat-gafas-de-sol","8":"pa_color-negro","9":"pa_forma-geometrica","10":"pa_genero-mujer","11":"pa_material-acetato","13":"first","14":"instock","15":"taxable","16":"shipping-taxable","17":"purchasable","18":"product-type-simple"},"_links":{"self":[{"href":"https:\/\/www.opticagracia.com\/ca\/wp-json\/wp\/v2\/product\/19991","targetHints":{"allow":["GET"]}}],"collection":[{"href":"https:\/\/www.opticagracia.com\/ca\/wp-json\/wp\/v2\/product"}],"about":[{"href":"https:\/\/www.opticagracia.com\/ca\/wp-json\/wp\/v2\/types\/product"}],"wp:featuredmedia":[{"embeddable":true,"href":"https:\/\/www.opticagracia.com\/ca\/wp-json\/wp\/v2\/media\/19992"}],"wp:attachment":[{"href":"https:\/\/www.opticagracia.com\/ca\/wp-json\/wp\/v2\/media?parent=19991"}],"wp:term":[{"taxonomy":"product_brand","embeddable":true,"href":"https:\/\/www.opticagracia.com\/ca\/wp-json\/wp\/v2\/product_brand?post=19991"},{"taxonomy":"product_cat","embeddable":true,"href":"https:\/\/www.opticagracia.com\/ca\/wp-json\/wp\/v2\/product_cat?post=19991"},{"taxonomy":"product_tag","embeddable":true,"href":"https:\/\/www.opticagracia.com\/ca\/wp-json\/wp\/v2\/product_tag?post=19991"}],"curies":[{"name":"wp","href":"https:\/\/api.w.org\/{rel}","templated":true}]}}