{"id":20127,"date":"2025-04-14T11:55:10","date_gmt":"2025-04-14T09:55:10","guid":{"rendered":"https:\/\/www.opticagracia.com\/?post_type=product&#038;p=20127"},"modified":"2026-04-18T11:05:27","modified_gmt":"2026-04-18T09:05:27","slug":"gafas-de-sol-chopard-schlo3m-0300-57-16","status":"publish","type":"product","link":"https:\/\/www.opticagracia.com\/ca\/producto\/gafas-de-sol-chopard-schlo3m-0300-57-16\/","title":{"rendered":"Ulleres de sol Chopard SCHLO3M 0300 57 16"},"content":{"rendered":"<p>El seu estil s\u00b4inspira en les col\u00b7leccions de rellotgeria i joieria de la casa su\u00efssa i reinterpreta els elements m\u00e9s emblem\u00e0tics.<\/p>\n<p>Ulleres de sol Chopard SCHLO3M 0300 57 16, de titani super lleugeres en forma rodona color daurat rosat i lents en gris degradat.<\/p>\n<p>&nbsp;<\/p>","protected":false},"excerpt":{"rendered":"<p>Ulleres de sol Chopard SCHLO3M 0300 57 16, de titani super lleugeres en forma rodona color daurat rosat i lents en gris degradat.<\/p>\n<p>&nbsp;<\/p>","protected":false},"featured_media":20128,"template":"","meta":[],"product_brand":[1055],"product_cat":[895],"product_tag":[],"class_list":{"0":"post-20127","1":"product","2":"type-product","3":"status-publish","4":"has-post-thumbnail","6":"product_brand-chopard","7":"product_cat-gafas-de-sol","8":"pa_color-dorado","9":"pa_forma-redonda","10":"pa_genero-mujer","11":"pa_material-titanio","13":"first","14":"outofstock","15":"taxable","16":"shipping-taxable","17":"purchasable","18":"product-type-simple"},"_links":{"self":[{"href":"https:\/\/www.opticagracia.com\/ca\/wp-json\/wp\/v2\/product\/20127","targetHints":{"allow":["GET"]}}],"collection":[{"href":"https:\/\/www.opticagracia.com\/ca\/wp-json\/wp\/v2\/product"}],"about":[{"href":"https:\/\/www.opticagracia.com\/ca\/wp-json\/wp\/v2\/types\/product"}],"wp:featuredmedia":[{"embeddable":true,"href":"https:\/\/www.opticagracia.com\/ca\/wp-json\/wp\/v2\/media\/20128"}],"wp:attachment":[{"href":"https:\/\/www.opticagracia.com\/ca\/wp-json\/wp\/v2\/media?parent=20127"}],"wp:term":[{"taxonomy":"product_brand","embeddable":true,"href":"https:\/\/www.opticagracia.com\/ca\/wp-json\/wp\/v2\/product_brand?post=20127"},{"taxonomy":"product_cat","embeddable":true,"href":"https:\/\/www.opticagracia.com\/ca\/wp-json\/wp\/v2\/product_cat?post=20127"},{"taxonomy":"product_tag","embeddable":true,"href":"https:\/\/www.opticagracia.com\/ca\/wp-json\/wp\/v2\/product_tag?post=20127"}],"curies":[{"name":"wp","href":"https:\/\/api.w.org\/{rel}","templated":true}]}}