{"id":20166,"date":"2025-05-28T19:11:44","date_gmt":"2025-05-28T17:11:44","guid":{"rendered":"https:\/\/www.opticagracia.com\/?post_type=product&#038;p=20166"},"modified":"2026-04-17T21:26:56","modified_gmt":"2026-04-17T19:26:56","slug":"gafas-de-sol-prada-prb15s-16k731-51-21","status":"publish","type":"product","link":"https:\/\/www.opticagracia.com\/ca\/producto\/gafas-de-sol-prada-prb15s-16k731-51-21\/","title":{"rendered":"Ulleres de sol Prada PRB15S 16K731 51 21"},"content":{"rendered":"<p>Aconseguint un equilibri entre minimalisme i espectacularitat, aquestes ulleres de sol d&#039;acetat presenten una forma ovalada amb una contempor\u00e0nia l\u00ednia plana a les celles. El disseny es completa amb plaques ic\u00f2niques allargades a les patilles, que mostren el logotip de Prada, i est\u00e0 disponible en una gamma de colors sofisticats, incl\u00f2s el blanc, un dels favorits de Prada.<\/p>\n<p>Ulleres de sol Prada PRB15S 16K731 51 21, de pasta estil geom\u00e8tric color negre amb les varetes fines del mateix color amb logotip en platejat de la marca i lents color gris fosc.<\/p>","protected":false},"excerpt":{"rendered":"<p>Ulleres de sol Prada PRB15S 16K731 51 21, de pasta estil geom\u00e8tric color negre amb les varetes fines del mateix color amb logotip en platejat de la marca i lents color gris fosc.<\/p>","protected":false},"featured_media":20167,"template":"","meta":[],"product_brand":[1060],"product_cat":[895],"product_tag":[],"class_list":{"0":"post-20166","1":"product","2":"type-product","3":"status-publish","4":"has-post-thumbnail","6":"product_brand-prada","7":"product_cat-gafas-de-sol","8":"pa_color-negro","9":"pa_forma-ovalada","10":"pa_genero-mujer","11":"pa_material-acetato","13":"first","14":"instock","15":"taxable","16":"shipping-taxable","17":"purchasable","18":"product-type-simple"},"_links":{"self":[{"href":"https:\/\/www.opticagracia.com\/ca\/wp-json\/wp\/v2\/product\/20166","targetHints":{"allow":["GET"]}}],"collection":[{"href":"https:\/\/www.opticagracia.com\/ca\/wp-json\/wp\/v2\/product"}],"about":[{"href":"https:\/\/www.opticagracia.com\/ca\/wp-json\/wp\/v2\/types\/product"}],"wp:featuredmedia":[{"embeddable":true,"href":"https:\/\/www.opticagracia.com\/ca\/wp-json\/wp\/v2\/media\/20167"}],"wp:attachment":[{"href":"https:\/\/www.opticagracia.com\/ca\/wp-json\/wp\/v2\/media?parent=20166"}],"wp:term":[{"taxonomy":"product_brand","embeddable":true,"href":"https:\/\/www.opticagracia.com\/ca\/wp-json\/wp\/v2\/product_brand?post=20166"},{"taxonomy":"product_cat","embeddable":true,"href":"https:\/\/www.opticagracia.com\/ca\/wp-json\/wp\/v2\/product_cat?post=20166"},{"taxonomy":"product_tag","embeddable":true,"href":"https:\/\/www.opticagracia.com\/ca\/wp-json\/wp\/v2\/product_tag?post=20166"}],"curies":[{"name":"wp","href":"https:\/\/api.w.org\/{rel}","templated":true}]}}