{"id":20170,"date":"2025-05-28T20:11:59","date_gmt":"2025-05-28T18:11:59","guid":{"rendered":"https:\/\/www.opticagracia.com\/?post_type=product&#038;p=20170"},"modified":"2026-04-17T11:24:59","modified_gmt":"2026-04-17T09:24:59","slug":"gafas-de-sol-chloe-0286s-001-60-15","status":"publish","type":"product","link":"https:\/\/www.opticagracia.com\/ca\/producto\/gafas-de-sol-chloe-0286s-001-60-15\/","title":{"rendered":"Ulleres de sol Chloe 0286S 001 60 15"},"content":{"rendered":"<p>Chlo\u00e9 \u00e9s una marca de luxe francesa fundada el 1952, coneguda entre les dones sofisticades m\u00e9s conscients de la moda del m\u00f3n per la seva vestimenta chic, femenina i accessoris ic\u00f2nic i imprescindible El disseny modern de Chlo\u00e9 i la feminitat en espiral evolucionen cap a una nova col\u00b7lecci\u00f3 d&#039;ulleres que eleva els codis d&#039;estil. Marcs lleugers, guarniments ic\u00f2nics i contrastos harm\u00f2nics de textures i matisos milloren les formes m\u00e9s grans, a m\u00e9s d&#039;afegir una distinci\u00f3 m\u00e9s a la sofisticaci\u00f3 sense esfor\u00e7 de Chlo\u00e9. La col\u00b7lecci\u00f3 reflecteix una barreja d&#039;elements ic\u00f2nics com materials suaus, formes rodones, retro i de grans dimensions, expressades a trav\u00e9s de tons c\u00e0lids i sorrencs, fidels a la paleta de colors de Chlo\u00e9.<\/p>\n<p>Ulleres CHLOE 0286S 001 60 15 muntura quadrada oversize amb frontal d&#039;acetat i varetes de metall decorades amb el logotip de Chlo\u00e9 gravat a l\u00e0ser a la lent. Uni\u00f3 \u00fanica entre les varetes i el frontal. La l\u00ednia minimalista de la vareta continua al frontal i un preci\u00f3s terminal emmarca el lateral. Exclusives lents de triple degradat gris per a un look distintiu i \u00fanic.<\/p>","protected":false},"excerpt":{"rendered":"<p>Ulleres CHLOE 0286S 001 60 15 muntura quadrada oversize amb frontal d&#039;acetat i varetes de metall decorades amb el logotip de Chlo\u00e9 gravat a l\u00e0ser a la lent. Uni\u00f3 \u00fanica entre les varetes i el frontal. La l\u00ednia minimalista de la vareta continua al frontal i un preci\u00f3s terminal emmarca el lateral. Exclusives lents de triple degradat gris per a un look distintiu i \u00fanic.<\/p>","protected":false},"featured_media":20171,"template":"","meta":[],"product_brand":[1054],"product_cat":[895],"product_tag":[],"class_list":{"0":"post-20170","1":"product","2":"type-product","3":"status-publish","4":"has-post-thumbnail","6":"product_brand-chloe","7":"product_cat-gafas-de-sol","8":"pa_forma-cuadrada","9":"pa_genero-mujer","10":"pa_material-acetato","12":"first","13":"instock","14":"taxable","15":"shipping-taxable","16":"purchasable","17":"product-type-simple"},"_links":{"self":[{"href":"https:\/\/www.opticagracia.com\/ca\/wp-json\/wp\/v2\/product\/20170","targetHints":{"allow":["GET"]}}],"collection":[{"href":"https:\/\/www.opticagracia.com\/ca\/wp-json\/wp\/v2\/product"}],"about":[{"href":"https:\/\/www.opticagracia.com\/ca\/wp-json\/wp\/v2\/types\/product"}],"wp:featuredmedia":[{"embeddable":true,"href":"https:\/\/www.opticagracia.com\/ca\/wp-json\/wp\/v2\/media\/20171"}],"wp:attachment":[{"href":"https:\/\/www.opticagracia.com\/ca\/wp-json\/wp\/v2\/media?parent=20170"}],"wp:term":[{"taxonomy":"product_brand","embeddable":true,"href":"https:\/\/www.opticagracia.com\/ca\/wp-json\/wp\/v2\/product_brand?post=20170"},{"taxonomy":"product_cat","embeddable":true,"href":"https:\/\/www.opticagracia.com\/ca\/wp-json\/wp\/v2\/product_cat?post=20170"},{"taxonomy":"product_tag","embeddable":true,"href":"https:\/\/www.opticagracia.com\/ca\/wp-json\/wp\/v2\/product_tag?post=20170"}],"curies":[{"name":"wp","href":"https:\/\/api.w.org\/{rel}","templated":true}]}}