{"id":20245,"date":"2025-06-17T17:54:27","date_gmt":"2025-06-17T15:54:27","guid":{"rendered":"https:\/\/www.opticagracia.com\/?post_type=product&#038;p=20245"},"modified":"2026-04-16T23:01:41","modified_gmt":"2026-04-16T21:01:41","slug":"gafas-de-sol-vogue-5616s-2718-83","status":"publish","type":"product","link":"https:\/\/www.opticagracia.com\/ca\/producto\/gafas-de-sol-vogue-5616s-2718-83\/","title":{"rendered":"Ulleres de sol Vogue 5616S 2718\/83"},"content":{"rendered":"<p style=\"text-align: justify;\">Afegeix un toc sofisticat al teu look amb les ulleres de sol dona Vogue 5616S 2718\/83<br \/>\nAquestes ulleres de sol per a dona destaquen per la seva elegant forma d&#039;ull de gat i les seves lents de color carey, ideals per protegir els ulls del sol amb estil. La muntura Havana fosc aporta un acabat modern i vers\u00e0til, perfecte per a qualsevol ocasi\u00f3.<\/p>","protected":false},"excerpt":{"rendered":"<p data-start=\"60\" data-end=\"146\">T&#039;agraden les ulleres de sol dona amb estil propi i detalls que marquen la difer\u00e8ncia?<\/p>\n<p data-start=\"148\" data-end=\"488\">Les ulleres de sol dona Vogue 5616S 2718\/83 estan disponibles a \u00d2ptica Gr\u00e0cia. Aquest model destaca per la seva forma elegant d&#039;ull de gat, amb una muntura d&#039;acetat en to carei que combina lleugeresa i eleg\u00e0ncia. El disseny inclou varetes amples amb l&#039;ic\u00f2nic logo de Vogue, aportant un aire modern i amb molta personalitat. Unes ulleres pensades per a dones que aposten per la moda sense renunciar a la comoditat ni a la protecci\u00f3 davant del sol.<\/p>\n<p data-start=\"612\" data-end=\"754\" data-is-last-node=\"\" data-is-only-node=\"\">Vine a provar-te-les a \u00d2ptica Gr\u00e0cia, a Platja d&#039;Aro, a nom\u00e9s una hora de Barcelona, o fes la teva compra en l\u00ednia amb enviament r\u00e0pid en 24\/48 hores.<\/p>","protected":false},"featured_media":20246,"template":"","meta":[],"product_brand":[1070],"product_cat":[895],"product_tag":[],"class_list":{"0":"post-20245","1":"product","2":"type-product","3":"status-publish","4":"has-post-thumbnail","6":"product_brand-vogue","7":"product_cat-gafas-de-sol","8":"pa_color-carey","9":"pa_forma-ojo-de-gato","10":"pa_genero-mujer","11":"pa_material-acetato","13":"first","14":"instock","15":"taxable","16":"shipping-taxable","17":"purchasable","18":"product-type-simple"},"_links":{"self":[{"href":"https:\/\/www.opticagracia.com\/ca\/wp-json\/wp\/v2\/product\/20245","targetHints":{"allow":["GET"]}}],"collection":[{"href":"https:\/\/www.opticagracia.com\/ca\/wp-json\/wp\/v2\/product"}],"about":[{"href":"https:\/\/www.opticagracia.com\/ca\/wp-json\/wp\/v2\/types\/product"}],"wp:featuredmedia":[{"embeddable":true,"href":"https:\/\/www.opticagracia.com\/ca\/wp-json\/wp\/v2\/media\/20246"}],"wp:attachment":[{"href":"https:\/\/www.opticagracia.com\/ca\/wp-json\/wp\/v2\/media?parent=20245"}],"wp:term":[{"taxonomy":"product_brand","embeddable":true,"href":"https:\/\/www.opticagracia.com\/ca\/wp-json\/wp\/v2\/product_brand?post=20245"},{"taxonomy":"product_cat","embeddable":true,"href":"https:\/\/www.opticagracia.com\/ca\/wp-json\/wp\/v2\/product_cat?post=20245"},{"taxonomy":"product_tag","embeddable":true,"href":"https:\/\/www.opticagracia.com\/ca\/wp-json\/wp\/v2\/product_tag?post=20245"}],"curies":[{"name":"wp","href":"https:\/\/api.w.org\/{rel}","templated":true}]}}