{"id":20270,"date":"2025-06-25T10:53:18","date_gmt":"2025-06-25T08:53:18","guid":{"rendered":"https:\/\/www.opticagracia.com\/?post_type=product&#038;p=20270"},"modified":"2026-04-09T23:16:57","modified_gmt":"2026-04-09T21:16:57","slug":"gafas-de-sol-miu-miu-56zs-5ak09z-56-17","status":"publish","type":"product","link":"https:\/\/www.opticagracia.com\/ca\/producto\/gafas-de-sol-miu-miu-56zs-5ak09z-56-17\/","title":{"rendered":"Ulleres de sol Miu Miu 56ZS 5AK09Z 56 17"},"content":{"rendered":"<p>Inspirades en l&#039;ess\u00e8ncia irreverent de Miu Miu, aquestes ulleres de sol destaquen per la seva muntura prima i de forma asim\u00e8trica, oferint un disseny genu\u00ed i fora del que \u00e9s convencional. La seva estructura lleugera es defineix per l\u00ednies netes i minimalistes, mentre que el logotip vertical integrat a la frontissa aporta un toc distintiu. A m\u00e9s, els terminals de les varetes llueixen un elegant detall met\u00e0l\u00b7lic que eleva encara m\u00e9s el seu estil.<\/p>","protected":false},"excerpt":{"rendered":"<p>Busques unes ulleres de sol que combinin luxe i estil modern?<\/p>\n<p>Descobreix el model d&#039;ulleres Miu Miu 56ZS 5AK09Z 56 17, una opci\u00f3 perfecta per als que valoren la sofisticaci\u00f3 amb un toc diferent. La seva muntura met\u00e0l\u00b7lica de forma irregular en color daurat destaca pel seu estil \u00fanic i refinat, mentre que les lents en marr\u00f3 fosc aporten un aire atemporal que mai no passa de moda.<\/p>\n<p data-start=\"632\" data-end=\"952\">Aquestes ulleres de sol no nom\u00e9s formen part del cat\u00e0leg m\u00e9s exclusiu de Miu Miu, sin\u00f3 que tamb\u00e9 ofereixen un disseny actual amb picades d&#039;ullet al passat. Les varetes met\u00e0l\u00b7liques amb detalls ic\u00f2nics en reforcen el car\u00e0cter distintiu, fent d&#039;aquest model una pe\u00e7a imprescindible per a amants de la moda amb personalitat.<\/p>\n<p data-start=\"954\" data-end=\"1125\">Disponible a \u00d2ptica Gr\u00e0cia, visita&#039;ns a Platja d&#039;Aro, a una hora de Barcelona o fes la teva comanda al nostre shop online ara i rep-ho en 24\/48 hores.<\/p>","protected":false},"featured_media":20278,"template":"","meta":[],"product_brand":[1058],"product_cat":[895],"product_tag":[],"class_list":{"0":"post-20270","1":"product","2":"type-product","3":"status-publish","4":"has-post-thumbnail","6":"product_brand-miu-miu","7":"product_cat-gafas-de-sol","8":"pa_color-dorado","9":"pa_forma-cuadrada","10":"pa_forma-rectangular","11":"pa_genero-mujer","12":"pa_material-metal","14":"first","15":"instock","16":"taxable","17":"shipping-taxable","18":"purchasable","19":"product-type-simple"},"_links":{"self":[{"href":"https:\/\/www.opticagracia.com\/ca\/wp-json\/wp\/v2\/product\/20270","targetHints":{"allow":["GET"]}}],"collection":[{"href":"https:\/\/www.opticagracia.com\/ca\/wp-json\/wp\/v2\/product"}],"about":[{"href":"https:\/\/www.opticagracia.com\/ca\/wp-json\/wp\/v2\/types\/product"}],"wp:featuredmedia":[{"embeddable":true,"href":"https:\/\/www.opticagracia.com\/ca\/wp-json\/wp\/v2\/media\/20278"}],"wp:attachment":[{"href":"https:\/\/www.opticagracia.com\/ca\/wp-json\/wp\/v2\/media?parent=20270"}],"wp:term":[{"taxonomy":"product_brand","embeddable":true,"href":"https:\/\/www.opticagracia.com\/ca\/wp-json\/wp\/v2\/product_brand?post=20270"},{"taxonomy":"product_cat","embeddable":true,"href":"https:\/\/www.opticagracia.com\/ca\/wp-json\/wp\/v2\/product_cat?post=20270"},{"taxonomy":"product_tag","embeddable":true,"href":"https:\/\/www.opticagracia.com\/ca\/wp-json\/wp\/v2\/product_tag?post=20270"}],"curies":[{"name":"wp","href":"https:\/\/api.w.org\/{rel}","templated":true}]}}