{"id":20408,"date":"2025-12-06T13:41:53","date_gmt":"2025-12-06T12:41:53","guid":{"rendered":"https:\/\/www.opticagracia.com\/?post_type=product&#038;p=20408"},"modified":"2026-03-09T16:38:08","modified_gmt":"2026-03-09T15:38:08","slug":"gafas-de-sol-prada-0pr-c04s-16k08z","status":"publish","type":"product","link":"https:\/\/www.opticagracia.com\/ca\/producto\/gafas-de-sol-prada-0pr-c04s-16k08z\/","title":{"rendered":"Ulleres de sol Prada 0PR C04S 16K08Z"},"content":{"rendered":"<p>El logotip met\u00e0l\u00b7lic Prada, embossat i aplicat individualment sobre les patilles amples, aporta un acabat de luxe inconfusible. La col\u00b7lecci\u00f3 es presenta en tons cl\u00e0ssics amb lents s\u00f2lides o degradades, a m\u00e9s d&#039;una versi\u00f3 bicolor amb frontal negre i varetes orchid tortoise, ideal per als que busquen sofisticaci\u00f3 amb car\u00e0cter.<\/p>","protected":false},"excerpt":{"rendered":"<p data-start=\"232\" data-end=\"343\">Busques unes ulleres de sol Prada elegants i amb un disseny cat-eye que realci la teva mirada amb un toc distintiu?<\/p>\n<p style=\"text-align: justify;\" data-start=\"345\" data-end=\"737\">Descobreix aquest model exclusiu a \u00d2ptica Gr\u00e0cia. Amb una silueta cat-eye atemporal i una muntura d'acetat de l\u00ednies refinades, aquestes ulleres aporten sofisticaci\u00f3 a qualsevol look. Les seves amples patilles destaquen per les lletres met\u00e0l\u00b7liques Prada, aplicades una a una a m\u00e0, un detall artesanal que eleva el disseny a un altre nivell. Una proposta femenina, elegant i perfecta per al dia a dia.<\/p>\n<p>&nbsp;<\/p>","protected":false},"featured_media":20409,"template":"","meta":[],"product_brand":[1060],"product_cat":[895],"product_tag":[],"class_list":{"0":"post-20408","1":"product","2":"type-product","3":"status-publish","4":"has-post-thumbnail","6":"product_brand-prada","7":"product_cat-gafas-de-sol","8":"pa_forma-ojo-de-gato","9":"pa_genero-mujer","10":"pa_material-acetato","12":"first","13":"instock","14":"taxable","15":"shipping-taxable","16":"purchasable","17":"product-type-simple"},"_links":{"self":[{"href":"https:\/\/www.opticagracia.com\/ca\/wp-json\/wp\/v2\/product\/20408","targetHints":{"allow":["GET"]}}],"collection":[{"href":"https:\/\/www.opticagracia.com\/ca\/wp-json\/wp\/v2\/product"}],"about":[{"href":"https:\/\/www.opticagracia.com\/ca\/wp-json\/wp\/v2\/types\/product"}],"wp:featuredmedia":[{"embeddable":true,"href":"https:\/\/www.opticagracia.com\/ca\/wp-json\/wp\/v2\/media\/20409"}],"wp:attachment":[{"href":"https:\/\/www.opticagracia.com\/ca\/wp-json\/wp\/v2\/media?parent=20408"}],"wp:term":[{"taxonomy":"product_brand","embeddable":true,"href":"https:\/\/www.opticagracia.com\/ca\/wp-json\/wp\/v2\/product_brand?post=20408"},{"taxonomy":"product_cat","embeddable":true,"href":"https:\/\/www.opticagracia.com\/ca\/wp-json\/wp\/v2\/product_cat?post=20408"},{"taxonomy":"product_tag","embeddable":true,"href":"https:\/\/www.opticagracia.com\/ca\/wp-json\/wp\/v2\/product_tag?post=20408"}],"curies":[{"name":"wp","href":"https:\/\/api.w.org\/{rel}","templated":true}]}}