{"id":20483,"date":"2026-04-05T13:13:55","date_gmt":"2026-04-05T11:13:55","guid":{"rendered":"https:\/\/www.opticagracia.com\/?post_type=product&#038;p=20483"},"modified":"2026-04-06T10:45:15","modified_gmt":"2026-04-06T08:45:15","slug":"gafas-ray-ban-meta-wayfarer-gen-2","status":"publish","type":"product","link":"https:\/\/www.opticagracia.com\/ca\/producto\/gafas-ray-ban-meta-wayfarer-gen-2\/","title":{"rendered":"Gafes Ray-Ban Meta WAYFARER RW4012 601\/1M (Gen 2)"},"content":{"rendered":"<p data-start=\"782\" data-end=\"927\">Les Ray-Ban Meta Wayfarer AI s\u00f3n molt m\u00e9s que unes smart glasses Ray-Ban: s\u00f3n una nova manera de viure la tecnologia amb estil. Gr\u00e0cies a la Meta AI integrada, aquestes ulleres amb intel\u00b7lig\u00e8ncia artificial permeten <strong data-start=\"1018\" data-end=\"1100\">t<\/strong>traduir converses en temps real (fins a 6 idiomes, fins i tot fora de l\u00ednia), resoldre dubtes i obtenir recomanacions a l'instant.<\/p>\n<p data-start=\"1157\" data-end=\"1512\">Incorporen una c\u00e0mera de 12 MP amb v\u00eddeo en 3K, ideal per a aquells que busquen ulleres intel\u00b7ligents per gravar v\u00eddeo i fer fotos sense mans, perfectes per a viatges i el dia a dia. Els seus altaveus oberts i micr\u00f2fons integrats ofereixen una experi\u00e8ncia completa per escoltar m\u00fasica, fer trucades i utilitzar assistents de veu sense a\u00efllar-te de l'entorn.<\/p>\n<p data-start=\"1514\" data-end=\"1696\">Amb una bateria de fins a 8 hores, control per veu i t\u00e0ctil, s\u00f3n l'opci\u00f3 ideal si busques comprar ulleres intel\u00b7ligents Ray-Ban Meta que combinin disseny, innovaci\u00f3 i funcionalitat.<\/p>","protected":false},"excerpt":{"rendered":"<p data-start=\"157\" data-end=\"340\">Busques ulleres intel\u00b7ligents Ray-Ban Meta amb disseny ic\u00f2nic i tecnologia avan\u00e7ada?<\/p>\n<p data-start=\"157\" data-end=\"340\">Les ulleres intel\u00b7ligents Ray-Ban Meta Wayfarer combinen l'estil Wayfarer amb la IA de Meta integrada. Permeten traduir en temps real, fer preguntes i accedir a informaci\u00f3 sense utilitzar el m\u00f2bil.<\/p>\n<p data-start=\"157\" data-end=\"340\">Aquestes ulleres intel\u00b7ligents amb c\u00e0mera incorporen 12 MP i v\u00eddeo en 3K, a m\u00e9s d'\u00e0udio obert per a m\u00fasica i trucades. Disponibles a \u00d2ptica Gr\u00e0cia, a botiga f\u00edsica a Platja d\u2019Aro o amb enviament online r\u00e0pid en 24\/48 h.<\/p>\n<p data-start=\"1335\" data-end=\"1420\" data-is-last-node=\"\" data-is-only-node=\"\">","protected":false},"featured_media":20486,"template":"","meta":[],"product_brand":[1069],"product_cat":[895],"product_tag":[],"class_list":{"0":"post-20483","1":"product","2":"type-product","3":"status-publish","4":"has-post-thumbnail","6":"product_brand-ray-ban","7":"product_cat-gafas-de-sol","8":"pa_color-negro","9":"pa_forma-rectangular","10":"pa_genero-unisex","11":"pa_material-combinado","12":"pa_talla-1116","13":"pa_talla-1118","14":"pa_tipo-lente-fotocromatica","16":"first","17":"instock","18":"taxable","19":"shipping-taxable","20":"purchasable","21":"product-type-simple"},"_links":{"self":[{"href":"https:\/\/www.opticagracia.com\/ca\/wp-json\/wp\/v2\/product\/20483","targetHints":{"allow":["GET"]}}],"collection":[{"href":"https:\/\/www.opticagracia.com\/ca\/wp-json\/wp\/v2\/product"}],"about":[{"href":"https:\/\/www.opticagracia.com\/ca\/wp-json\/wp\/v2\/types\/product"}],"wp:featuredmedia":[{"embeddable":true,"href":"https:\/\/www.opticagracia.com\/ca\/wp-json\/wp\/v2\/media\/20486"}],"wp:attachment":[{"href":"https:\/\/www.opticagracia.com\/ca\/wp-json\/wp\/v2\/media?parent=20483"}],"wp:term":[{"taxonomy":"product_brand","embeddable":true,"href":"https:\/\/www.opticagracia.com\/ca\/wp-json\/wp\/v2\/product_brand?post=20483"},{"taxonomy":"product_cat","embeddable":true,"href":"https:\/\/www.opticagracia.com\/ca\/wp-json\/wp\/v2\/product_cat?post=20483"},{"taxonomy":"product_tag","embeddable":true,"href":"https:\/\/www.opticagracia.com\/ca\/wp-json\/wp\/v2\/product_tag?post=20483"}],"curies":[{"name":"wp","href":"https:\/\/api.w.org\/{rel}","templated":true}]}}