{"id":3895,"date":"2018-02-16T12:06:03","date_gmt":"2018-02-16T11:06:03","guid":{"rendered":"http:\/\/opticagracia.com\/?post_type=product&#038;p=3895"},"modified":"2025-02-12T11:06:08","modified_gmt":"2025-02-12T10:06:08","slug":"ray-ban-aviator-3025","status":"publish","type":"product","link":"https:\/\/www.opticagracia.com\/ca\/producto\/ray-ban-aviator-3025\/","title":{"rendered":"Ray Ban Aviator 3025 001"},"content":{"rendered":"<p>El model Aviador Cl\u00e0ssic de Ray-Ban \u00e9s actualment un dels models m\u00e9s ic\u00f2nics del m\u00f3n de les ulleres, va ser dissenyat originalment al 1937 per als aviadors dels Estats Units. El m\u00f3n Ray-Ban Aviador 3025, \u00e9s atemporal i combina el magn\u00edfic disseny amb la qualitat, confort i prestacions excepcionals, ho considerem UNISEX, la qual cosa implica que \u00e9s tant adequat per a HOMES, DONES i NENS. S\u00b4adapta b\u00e9 a diferents formes de cara, tant si \u00e9s m\u00e9s rodona com m\u00e9s quadrada.<\/p>","protected":false},"excerpt":{"rendered":"<ul>\n<li>Fam\u00edlia frontal color: daurat<\/li>\n<li>Material de lents: crystal<\/li>\n<li>Propietat lents: est\u00e0ndard<\/li>\n<li>Color lents: grey green<\/li>\n<li>Nota d&#039;informaci\u00f3 3n<\/li>\n<li>% Transmissi\u00f3 13.2<\/li>\n<\/ul>\n<p>Muntura met\u00e0l\u00b7lica daurada amb lents verdes fosques de m\u00e0xima protecci\u00f3.<\/p>","protected":false},"featured_media":3915,"template":"","meta":[],"product_brand":[1069],"product_cat":[829,584,895,911,912,914,585,205,206,814,828],"product_tag":[],"class_list":{"0":"post-3895","1":"product","2":"type-product","3":"status-publish","4":"has-post-thumbnail","6":"product_brand-ray-ban","7":"product_cat-forma","8":"product_cat-gafas-aviador","9":"product_cat-gafas-de-sol","10":"product_cat-gafas-de-sol-hombre","11":"product_cat-gafas-de-sol-mujer","12":"product_cat-gafas-de-sol-unisex","13":"product_cat-gafas-doble-puente","14":"product_cat-gafas-hombre","15":"product_cat-gafas-mujer","16":"product_cat-gafas-unisex","17":"product_cat-menu","19":"first","20":"instock","21":"taxable","22":"shipping-taxable","23":"purchasable","24":"product-type-simple"},"_links":{"self":[{"href":"https:\/\/www.opticagracia.com\/ca\/wp-json\/wp\/v2\/product\/3895","targetHints":{"allow":["GET"]}}],"collection":[{"href":"https:\/\/www.opticagracia.com\/ca\/wp-json\/wp\/v2\/product"}],"about":[{"href":"https:\/\/www.opticagracia.com\/ca\/wp-json\/wp\/v2\/types\/product"}],"wp:featuredmedia":[{"embeddable":true,"href":"https:\/\/www.opticagracia.com\/ca\/wp-json\/wp\/v2\/media\/3915"}],"wp:attachment":[{"href":"https:\/\/www.opticagracia.com\/ca\/wp-json\/wp\/v2\/media?parent=3895"}],"wp:term":[{"taxonomy":"product_brand","embeddable":true,"href":"https:\/\/www.opticagracia.com\/ca\/wp-json\/wp\/v2\/product_brand?post=3895"},{"taxonomy":"product_cat","embeddable":true,"href":"https:\/\/www.opticagracia.com\/ca\/wp-json\/wp\/v2\/product_cat?post=3895"},{"taxonomy":"product_tag","embeddable":true,"href":"https:\/\/www.opticagracia.com\/ca\/wp-json\/wp\/v2\/product_tag?post=3895"}],"curies":[{"name":"wp","href":"https:\/\/api.w.org\/{rel}","templated":true}]}}