{"id":3960,"date":"2018-02-16T18:32:35","date_gmt":"2018-02-16T17:32:35","guid":{"rendered":"http:\/\/opticagracia.com\/?post_type=product&#038;p=3960"},"modified":"2025-02-18T18:07:19","modified_gmt":"2025-02-18T17:07:19","slug":"ray-ban-aviator-3025-003-3f","status":"publish","type":"product","link":"https:\/\/www.opticagracia.com\/ca\/producto\/ray-ban-aviator-3025-003-3f\/","title":{"rendered":"Ulleres de sol Ray Ban 3025 003 3F Aviator"},"content":{"rendered":"<p>El model Aviador Cl\u00e0ssic de Ray-Ban \u00e9s actualment un dels models m\u00e9s ic\u00f2nics del m\u00f3n de les ulleres, va ser dissenyat originalment al 1937 per als aviadors dels Estats Units. El m\u00f3n Ray-Ban Aviador 3025, \u00e9s atemporal i combina el magn\u00edfic disseny amb la qualitat, confort i prestacions excepcionals, ho considerem UNISEX, la qual cosa implica que \u00e9s tant adient per a HOMES, DONES i NENS. S\u00b4adapta b\u00e9 a diferents formes de cara, tant si \u00e9s m\u00e9s rodona com m\u00e9s quadrada.<\/p>","protected":false},"excerpt":{"rendered":"<ul>\n<li>Fam\u00edlia frontal color: plata<\/li>\n<li>Material de lents: crystal<\/li>\n<li>Propietat lents: est\u00e0ndard<\/li>\n<li>Color lents: crystal gradient light blue<\/li>\n<li>Nota d&#039;informaci\u00f3 2n<\/li>\n<li>% Transmissi\u00f3 29.9<\/li>\n<\/ul>\n<p>Muntura met\u00e0l\u00b7lica platejada de forma d&#039;aviador amb lents blaves degradades.<\/p>","protected":false},"featured_media":3961,"template":"","meta":[],"product_brand":[1069],"product_cat":[829,584,895,911,912,914,585,205,206,814,828],"product_tag":[],"class_list":{"0":"post-3960","1":"product","2":"type-product","3":"status-publish","4":"has-post-thumbnail","6":"product_brand-ray-ban","7":"product_cat-forma","8":"product_cat-gafas-aviador","9":"product_cat-gafas-de-sol","10":"product_cat-gafas-de-sol-hombre","11":"product_cat-gafas-de-sol-mujer","12":"product_cat-gafas-de-sol-unisex","13":"product_cat-gafas-doble-puente","14":"product_cat-gafas-hombre","15":"product_cat-gafas-mujer","16":"product_cat-gafas-unisex","17":"product_cat-menu","19":"first","20":"instock","21":"sale","22":"taxable","23":"shipping-taxable","24":"purchasable","25":"product-type-simple"},"_links":{"self":[{"href":"https:\/\/www.opticagracia.com\/ca\/wp-json\/wp\/v2\/product\/3960","targetHints":{"allow":["GET"]}}],"collection":[{"href":"https:\/\/www.opticagracia.com\/ca\/wp-json\/wp\/v2\/product"}],"about":[{"href":"https:\/\/www.opticagracia.com\/ca\/wp-json\/wp\/v2\/types\/product"}],"wp:featuredmedia":[{"embeddable":true,"href":"https:\/\/www.opticagracia.com\/ca\/wp-json\/wp\/v2\/media\/3961"}],"wp:attachment":[{"href":"https:\/\/www.opticagracia.com\/ca\/wp-json\/wp\/v2\/media?parent=3960"}],"wp:term":[{"taxonomy":"product_brand","embeddable":true,"href":"https:\/\/www.opticagracia.com\/ca\/wp-json\/wp\/v2\/product_brand?post=3960"},{"taxonomy":"product_cat","embeddable":true,"href":"https:\/\/www.opticagracia.com\/ca\/wp-json\/wp\/v2\/product_cat?post=3960"},{"taxonomy":"product_tag","embeddable":true,"href":"https:\/\/www.opticagracia.com\/ca\/wp-json\/wp\/v2\/product_tag?post=3960"}],"curies":[{"name":"wp","href":"https:\/\/api.w.org\/{rel}","templated":true}]}}