{"id":3975,"date":"2018-02-16T19:01:26","date_gmt":"2018-02-16T18:01:26","guid":{"rendered":"http:\/\/opticagracia.com\/?post_type=product&#038;p=3975"},"modified":"2025-02-18T18:04:17","modified_gmt":"2025-02-18T17:04:17","slug":"ray-ban-wayfarer-2140-601-58","status":"publish","type":"product","link":"https:\/\/www.opticagracia.com\/ca\/producto\/ray-ban-wayfarer-2140-601-58\/","title":{"rendered":"Ulleres de sol Ray Ban 4340 Wayfarer 2140 601\/58 POLAR"},"content":{"rendered":"<p>Muntura de pasta negra amb lents verdes polaritzades de m\u00e0xima protecci\u00f3.<\/p>\n<ul>\n<li>Fam\u00edlia frontal color: negre<\/li>\n<li>Material de lents: mineral<\/li>\n<li>Propietat lents: polaritzat<\/li>\n<li>Color lents: verd<\/li>\n<li>\u00a0Nota d&#039;informaci\u00f3 3p<\/li>\n<li>% Transmissi\u00f3 11<\/li>\n<\/ul>\n<p>Les Ray-Ban Original Wayfarer Classic s\u00f3n el model m\u00e9s recognoscible en la hist\u00f2ria de les ulleres de sol. Des del seu disseny inicial el 1952, les Wayfarer Classic es van anar popularitzant entre celebritats, m\u00fasics, artistes i persones amb un sentit de la moda impecable. Com a estil emblem\u00e0tic d&#039;ulleres de sol, les Original Wayfarer Classic s\u00f3n ideals per a qualsevol look.<\/p>","protected":false},"excerpt":{"rendered":"<p>Muntura de pasta negra amb lents verdes polaritzades de m\u00e0xima protecci\u00f3.<\/p>","protected":false},"featured_media":11391,"template":"","meta":[],"product_brand":[1069],"product_cat":[829,579,895,911,912,914,205,206,208,814,828],"product_tag":[],"class_list":{"0":"post-3975","1":"product","2":"type-product","3":"status-publish","4":"has-post-thumbnail","6":"product_brand-ray-ban","7":"product_cat-forma","8":"product_cat-gafas-cuadradas","9":"product_cat-gafas-de-sol","10":"product_cat-gafas-de-sol-hombre","11":"product_cat-gafas-de-sol-mujer","12":"product_cat-gafas-de-sol-unisex","13":"product_cat-gafas-hombre","14":"product_cat-gafas-mujer","15":"product_cat-gafas-polarizadas","16":"product_cat-gafas-unisex","17":"product_cat-menu","19":"first","20":"instock","21":"sale","22":"taxable","23":"shipping-taxable","24":"purchasable","25":"product-type-simple"},"_links":{"self":[{"href":"https:\/\/www.opticagracia.com\/ca\/wp-json\/wp\/v2\/product\/3975","targetHints":{"allow":["GET"]}}],"collection":[{"href":"https:\/\/www.opticagracia.com\/ca\/wp-json\/wp\/v2\/product"}],"about":[{"href":"https:\/\/www.opticagracia.com\/ca\/wp-json\/wp\/v2\/types\/product"}],"wp:featuredmedia":[{"embeddable":true,"href":"https:\/\/www.opticagracia.com\/ca\/wp-json\/wp\/v2\/media\/11391"}],"wp:attachment":[{"href":"https:\/\/www.opticagracia.com\/ca\/wp-json\/wp\/v2\/media?parent=3975"}],"wp:term":[{"taxonomy":"product_brand","embeddable":true,"href":"https:\/\/www.opticagracia.com\/ca\/wp-json\/wp\/v2\/product_brand?post=3975"},{"taxonomy":"product_cat","embeddable":true,"href":"https:\/\/www.opticagracia.com\/ca\/wp-json\/wp\/v2\/product_cat?post=3975"},{"taxonomy":"product_tag","embeddable":true,"href":"https:\/\/www.opticagracia.com\/ca\/wp-json\/wp\/v2\/product_tag?post=3975"}],"curies":[{"name":"wp","href":"https:\/\/api.w.org\/{rel}","templated":true}]}}