{"id":4226,"date":"2018-02-20T18:07:10","date_gmt":"2018-02-20T17:07:10","guid":{"rendered":"http:\/\/opticagracia.com\/?post_type=product&#038;p=4226"},"modified":"2025-02-21T20:03:37","modified_gmt":"2025-02-21T19:03:37","slug":"ray-ban-4165-justin-622-55","status":"publish","type":"product","link":"https:\/\/www.opticagracia.com\/ca\/producto\/ray-ban-4165-justin-622-55\/","title":{"rendered":"Ulleres de sol Ray Ban 4165 Justin 622\/55"},"content":{"rendered":"<p>Les ulleres de sol Ray-Ban Justin RB4165 s\u00f3n unes de les m\u00e9s originals de la col\u00b7lecci\u00f3 Ray-Ban. Inspirades per les ulleres de sol Wayfarer, les Justin reprenen la forma cl\u00e0ssica en versi\u00f3 m\u00e9s sport gr\u00e0cies a la suavitat del seu acabat amb goma. Els nous colors degradats de la muntura, les noves i impressionants lents de colors afegeixen un toc divertit, intr\u00e8pid i avantguardista al teu estil. Estan disponibles en combinacions de colors de contrast o amb muntura degradada i colors de les lents a joc. T&#039;encantar\u00e0 el material durador i l&#039;inconfusible look Ray-Ban d&#039;aquestes ulleres de sol.<\/p>","protected":false},"excerpt":{"rendered":"<ul>\n<li>Fam\u00edlia frontal color: <span class=\"specific-info\">negre<\/span><\/li>\n<li>Material de lents: acetat<\/li>\n<li>Propietat lents: <span class=\"specific-info\">est\u00e0ndard<\/span><\/li>\n<li>Color lents:<span class=\"specific-info\"> green mirror blue<\/span><\/li>\n<li>Nota d&#039;informaci\u00f3 3n<\/li>\n<li>% Transmissi\u00f3 10.8<\/li>\n<\/ul>\n<p>Muntura de color negre mat efecte ruber amb lents de color blau d\u02bbefecte mirall.<\/p>","protected":false},"featured_media":4227,"template":"","meta":[],"product_brand":[1069],"product_cat":[829,579,895,911,912,914,205,206,814,828,179],"product_tag":[],"class_list":{"0":"post-4226","1":"product","2":"type-product","3":"status-publish","4":"has-post-thumbnail","6":"product_brand-ray-ban","7":"product_cat-forma","8":"product_cat-gafas-cuadradas","9":"product_cat-gafas-de-sol","10":"product_cat-gafas-de-sol-hombre","11":"product_cat-gafas-de-sol-mujer","12":"product_cat-gafas-de-sol-unisex","13":"product_cat-gafas-hombre","14":"product_cat-gafas-mujer","15":"product_cat-gafas-unisex","16":"product_cat-menu","17":"product_cat-outlet","19":"first","20":"instock","21":"sale","22":"taxable","23":"shipping-taxable","24":"purchasable","25":"product-type-simple"},"_links":{"self":[{"href":"https:\/\/www.opticagracia.com\/ca\/wp-json\/wp\/v2\/product\/4226","targetHints":{"allow":["GET"]}}],"collection":[{"href":"https:\/\/www.opticagracia.com\/ca\/wp-json\/wp\/v2\/product"}],"about":[{"href":"https:\/\/www.opticagracia.com\/ca\/wp-json\/wp\/v2\/types\/product"}],"wp:featuredmedia":[{"embeddable":true,"href":"https:\/\/www.opticagracia.com\/ca\/wp-json\/wp\/v2\/media\/4227"}],"wp:attachment":[{"href":"https:\/\/www.opticagracia.com\/ca\/wp-json\/wp\/v2\/media?parent=4226"}],"wp:term":[{"taxonomy":"product_brand","embeddable":true,"href":"https:\/\/www.opticagracia.com\/ca\/wp-json\/wp\/v2\/product_brand?post=4226"},{"taxonomy":"product_cat","embeddable":true,"href":"https:\/\/www.opticagracia.com\/ca\/wp-json\/wp\/v2\/product_cat?post=4226"},{"taxonomy":"product_tag","embeddable":true,"href":"https:\/\/www.opticagracia.com\/ca\/wp-json\/wp\/v2\/product_tag?post=4226"}],"curies":[{"name":"wp","href":"https:\/\/api.w.org\/{rel}","templated":true}]}}