{"id":4366,"date":"2018-02-21T13:16:07","date_gmt":"2018-02-21T12:16:07","guid":{"rendered":"http:\/\/opticagracia.com\/?post_type=product&#038;p=4366"},"modified":"2025-02-21T20:39:10","modified_gmt":"2025-02-21T19:39:10","slug":"rayban-4171-erika-622-8g","status":"publish","type":"product","link":"https:\/\/www.opticagracia.com\/ca\/producto\/rayban-4171-erika-622-8g\/","title":{"rendered":"Ulleres de sol RayBan 4171 Erika 622\/8G"},"content":{"rendered":"<p>Les ulleres de sol Ray-Ban Erika RB4171 s\u00f3n laccessori perfecte per completar qualsevol look. Amb frontals cl\u00e0ssics, com tamb\u00e9 amb revestiments de goma, vareta met\u00e0l\u00b7liques, les ulleres de sol Ray-Ban Erika faran que destaquis entre la multitud. La seva forma rodona i oversize ofereixen una protecci\u00f3 total contra els raigs ultraviolats.<\/p>","protected":false},"excerpt":{"rendered":"<ul>\n<li><span class=\"specific-info\">Fam\u00edlia frontal color: negre <\/span><\/li>\n<li><span class=\"specific-info\">Material de lents: acetat <\/span><\/li>\n<li><span class=\"specific-info\"> Propietat lents: est\u00e0ndard <\/span><\/li>\n<li><span class=\"specific-info\">Color lents: light grey gradient dark grey <\/span><\/li>\n<li><span class=\"specific-info\"> Nota d&#039;informaci\u00f3 3n <\/span><\/li>\n<li><span class=\"specific-info\">% Transmissi\u00f3 15.2 <\/span><\/li>\n<\/ul>\n<p>Muntura negra mat efecte rubber amb lents de color gris degradat, combinada amb varetes met\u00e0l\u00b7liques.<\/p>","protected":false},"featured_media":4368,"template":"","meta":[],"product_brand":[1069],"product_cat":[829,895,911,912,914,205,206,130,572,814,828],"product_tag":[],"class_list":{"0":"post-4366","1":"product","2":"type-product","3":"status-publish","4":"has-post-thumbnail","6":"product_brand-ray-ban","7":"product_cat-forma","8":"product_cat-gafas-de-sol","9":"product_cat-gafas-de-sol-hombre","10":"product_cat-gafas-de-sol-mujer","11":"product_cat-gafas-de-sol-unisex","12":"product_cat-gafas-hombre","13":"product_cat-gafas-mujer","14":"product_cat-gafas-ovaladas","15":"product_cat-gafas-redondas","16":"product_cat-gafas-unisex","17":"product_cat-menu","19":"first","20":"instock","21":"sale","22":"taxable","23":"shipping-taxable","24":"purchasable","25":"product-type-simple"},"_links":{"self":[{"href":"https:\/\/www.opticagracia.com\/ca\/wp-json\/wp\/v2\/product\/4366","targetHints":{"allow":["GET"]}}],"collection":[{"href":"https:\/\/www.opticagracia.com\/ca\/wp-json\/wp\/v2\/product"}],"about":[{"href":"https:\/\/www.opticagracia.com\/ca\/wp-json\/wp\/v2\/types\/product"}],"wp:featuredmedia":[{"embeddable":true,"href":"https:\/\/www.opticagracia.com\/ca\/wp-json\/wp\/v2\/media\/4368"}],"wp:attachment":[{"href":"https:\/\/www.opticagracia.com\/ca\/wp-json\/wp\/v2\/media?parent=4366"}],"wp:term":[{"taxonomy":"product_brand","embeddable":true,"href":"https:\/\/www.opticagracia.com\/ca\/wp-json\/wp\/v2\/product_brand?post=4366"},{"taxonomy":"product_cat","embeddable":true,"href":"https:\/\/www.opticagracia.com\/ca\/wp-json\/wp\/v2\/product_cat?post=4366"},{"taxonomy":"product_tag","embeddable":true,"href":"https:\/\/www.opticagracia.com\/ca\/wp-json\/wp\/v2\/product_tag?post=4366"}],"curies":[{"name":"wp","href":"https:\/\/api.w.org\/{rel}","templated":true}]}}