{"id":4658,"date":"2018-02-27T17:47:33","date_gmt":"2018-02-27T16:47:33","guid":{"rendered":"http:\/\/opticagracia.com\/?post_type=product&#038;p=4658"},"modified":"2025-02-18T18:55:14","modified_gmt":"2025-02-18T17:55:14","slug":"oakley-holbrook-9102-c1-polarizado","status":"publish","type":"product","link":"https:\/\/www.opticagracia.com\/ca\/producto\/oakley-holbrook-9102-c1-polarizado\/","title":{"rendered":"Ulleres de sol Oakley Holbrook 9102-C1 Polaritzat"},"content":{"rendered":"<p>[:es]Gafas Oakley, montura negra con lentes prizm polarizadas de filtro especial para el agua, de color azul de efecto espejo.<\/p>\n<ul>\n<li><span class=\"specific-info\">Familia frontal color: negro <\/span><\/li>\n<li><span class=\"specific-info\">Material de lentes: acetato <\/span><\/li>\n<li><span class=\"specific-info\">Propiedad lentes: polarizado <\/span><\/li>\n<li><span class=\"specific-info\"> Color lentes: prizm deep h2o polarized <\/span><\/li>\n<li><span class=\"specific-info\">% Transmisi\u00f3n 12<\/span><\/li>\n<\/ul>\n<p>Holbrook es un dise\u00f1o atemporal y cl\u00e1sico fusionado con la tecnolog\u00eda moderna de Oakley. Inspirada en los h\u00e9roes de la pantalla de los a\u00f1os cuarenta, cincuenta y sesenta, este dise\u00f1o refleja el esp\u00edritu de exploraci\u00f3n y aventura. El dise\u00f1o se adapta perfectamente a aquellos que buscan rendimiento, a la vez que estilo.<\/p>\n<p>Las lentes prizm polarizadas ofrecen el m\u00e1ximo contraste y una mejor visibilidad con los beneficios de filtraje brillante de Oakley HDPolarized.<\/p>\n<p>&nbsp;[:ca]Ulleres Oakley, muntura negra amb lents PRIZM polaritzades de filtre especial per a l&#8217;aigua, de color blau d&#8217;efecte mirall.<\/p>\n<ul>\n<li>Fam\u00edlia frontal color: negre<\/li>\n<li>Material de lents: acetat<\/li>\n<li>Propietat lents: polaritzat<\/li>\n<li>Color lents: PRIZM deep h2o Polarized<\/li>\n<li>% Transmissi\u00f3 12<\/li>\n<\/ul>\n<p>Holbrook \u00e9s un disseny atemporal i cl\u00e0ssic fusionat amb la tecnologia moderna de Oakley. Inspirada en els herois de la pantalla dels anys quaranta, cinquanta i seixanta, aquest disseny reflecteix l&#8217;esperit d&#8217;exploraci\u00f3 i aventura. El disseny s&#8217;adapta perfectament a aquells que busquen rendiment, alhora que estil.<\/p>\n<p>Les lents PRIZM polaritzades ofereixen el m\u00e0xim contrast i una millor visibilitat amb els beneficis de filtratge brillant de Oakley HDPolarized.[:en]Oakley glasses, black frame with polarized prizm lenses of special water filter, blue mirror effect.<\/p>\n<ul>\n<li>Front family color: black<\/li>\n<li>Lens material: acetate<\/li>\n<li>Lens property: polarized<\/li>\n<li>Lens color: prizm deep h2o polarized<\/li>\n<li>% Transmission 12<\/li>\n<\/ul>\n<p><span style=\"line-height: 1.5;\">Holbrook is a timeless and classic design merged with modern Oakley technology. Inspired by the screen heroes of the forties, fifties and sixties, this design reflects the spirit of exploration and adventure. The design adapts perfectly to those seeking performance, as well as style.<\/span><\/p>\n<p>Prizm polarized lenses offer maximum contrast and better visibility with the benefits of Oakley HDPolarized bright filtering.[:fr]Lunettes Oakley, monture noire avec verres prizm polaris\u00e9s avec filtre \u00e0 eau sp\u00e9cial, effet miroir bleu.<\/p>\n<ul>\n<li>Couleur de la famille avant: noir<\/li>\n<li>Mat\u00e9riau de la lentille: ac\u00e9tate<\/li>\n<li>Propri\u00e9t\u00e9 de la lentille: polaris\u00e9e<\/li>\n<li>Couleur des verres: prizm deep h2o polarized<\/li>\n<li>% De transmission 12<\/li>\n<\/ul>\n<p>Holbrook est un design classique et intemporel fusionn\u00e9 avec la technologie moderne Oakley. Inspir\u00e9 par les h\u00e9ros de l&#8217;\u00e9cran des ann\u00e9es quarante, cinquante et soixante, ce design refl\u00e8te l&#8217;esprit d&#8217;exploration et d&#8217;aventure. Le design s&#8217;adapte parfaitement \u00e0 ceux qui recherchent la performance, ainsi que le style.<\/p>\n<p>Les lentilles polaris\u00e9es Prizm offrent un contraste maximal et une meilleure visibilit\u00e9 gr\u00e2ce aux avantages du filtrage brillant Oakley HDPolarized.[:ru]Oakley glasses, black frame with polarized prizm lenses of special water filter, blue mirror effect.<\/p>\n<ul>\n<li>Front family color: black<\/li>\n<li>Lens material: acetate<\/li>\n<li>Lens property: polarized<\/li>\n<li>Lens color: prizm deep h2o polarized<\/li>\n<li>% Transmission 12<\/li>\n<\/ul>\n<p><span style=\"line-height: 1.5;\">Holbrook is a timeless and classic design merged with modern Oakley technology. Inspired by the screen heroes of the forties, fifties and sixties, this design reflects the spirit of exploration and adventure. The design adapts perfectly to those seeking performance, as well as style.<\/span><\/p>\n<p>Prizm polarized lenses offer maximum contrast and better visibility with the benefits of Oakley HDPolarized bright filtering.[:]<\/p>\n","protected":false},"excerpt":{"rendered":"<p>[:es]<\/p>\n<ul>\n<li><span class=\"specific-info\">Familia frontal color: negro <\/span><\/li>\n<li><span class=\"specific-info\">Material de lentes: acetato <\/span><\/li>\n<li><span class=\"specific-info\">Propiedad lentes: polarizado <\/span><\/li>\n<li><span class=\"specific-info\"> Color lentes: prizm deep h2o polarized <\/span><\/li>\n<li><span class=\"specific-info\">% Transmisi\u00f3n 12 <\/span><\/li>\n<\/ul>\n<p>Gafas Oakley, montura negra con lentes prizm polarizadas de filtro especial para el agua, de color azul de efecto espejo.[:ca]Ulleres Oakley, muntura negra amb lents PRIZM polaritzades de filtre especial per a l&#8217;aigua, de color blau d&#8217;efecte mirall.[:en]Oakley glasses, black frame with polarized prizm lenses of special water filter, blue mirror effect.[:fr]Lunettes Oakley, monture noire avec verres prizm polaris\u00e9s avec filtre \u00e0 eau sp\u00e9cial, effet miroir bleu.[:ru]Oakley glasses, black frame with polarized prizm lenses of special water filter, blue mirror effect.[:]<\/p>\n","protected":false},"featured_media":10765,"template":"","meta":[],"product_brand":[1068],"product_cat":[829,579,895,911,912,914,205,206,208,586,814,828],"product_tag":[],"class_list":{"0":"post-4658","1":"product","2":"type-product","3":"status-publish","4":"has-post-thumbnail","6":"product_brand-oakley","7":"product_cat-forma","8":"product_cat-gafas-cuadradas","9":"product_cat-gafas-de-sol","10":"product_cat-gafas-de-sol-hombre","11":"product_cat-gafas-de-sol-mujer","12":"product_cat-gafas-de-sol-unisex","13":"product_cat-gafas-hombre","14":"product_cat-gafas-mujer","15":"product_cat-gafas-polarizadas","16":"product_cat-gafas-rectangulares","17":"product_cat-gafas-unisex","18":"product_cat-menu","20":"first","21":"outofstock","22":"sale","23":"taxable","24":"shipping-taxable","25":"purchasable","26":"product-type-simple"},"_links":{"self":[{"href":"https:\/\/www.opticagracia.com\/ca\/wp-json\/wp\/v2\/product\/4658","targetHints":{"allow":["GET"]}}],"collection":[{"href":"https:\/\/www.opticagracia.com\/ca\/wp-json\/wp\/v2\/product"}],"about":[{"href":"https:\/\/www.opticagracia.com\/ca\/wp-json\/wp\/v2\/types\/product"}],"wp:featuredmedia":[{"embeddable":true,"href":"https:\/\/www.opticagracia.com\/ca\/wp-json\/wp\/v2\/media\/10765"}],"wp:attachment":[{"href":"https:\/\/www.opticagracia.com\/ca\/wp-json\/wp\/v2\/media?parent=4658"}],"wp:term":[{"taxonomy":"product_brand","embeddable":true,"href":"https:\/\/www.opticagracia.com\/ca\/wp-json\/wp\/v2\/product_brand?post=4658"},{"taxonomy":"product_cat","embeddable":true,"href":"https:\/\/www.opticagracia.com\/ca\/wp-json\/wp\/v2\/product_cat?post=4658"},{"taxonomy":"product_tag","embeddable":true,"href":"https:\/\/www.opticagracia.com\/ca\/wp-json\/wp\/v2\/product_tag?post=4658"}],"curies":[{"name":"wp","href":"https:\/\/api.w.org\/{rel}","templated":true}]}}