{"id":2957,"date":"2017-04-21T13:13:19","date_gmt":"2017-04-21T11:13:19","guid":{"rendered":"http:\/\/gt3demo.com\/wp\/wizestore\/?page_id=586"},"modified":"2026-05-12T16:05:38","modified_gmt":"2026-05-12T14:05:38","slug":"nosotras","status":"publish","type":"page","link":"https:\/\/www.opticagracia.com\/en\/nosotras\/","title":{"rendered":"We"},"content":{"rendered":"<div data-elementor-type=\"wp-post\" data-elementor-id=\"2957\" class=\"elementor elementor-2957\" data-elementor-post-type=\"page\">\n\t\t\t\t\t\t<section class=\"elementor-section elementor-top-section elementor-element elementor-element-628a704 elementor-section-full_width elementor-reverse-mobile elementor-section-height-default elementor-section-height-default\" data-id=\"628a704\" data-element_type=\"section\" data-e-type=\"section\">\n\t\t\t\t\t\t<div class=\"elementor-container elementor-column-gap-default\">\n\t\t\t\t\t<div class=\"elementor-column elementor-col-50 elementor-top-column elementor-element elementor-element-0bc9279\" data-id=\"0bc9279\" data-element_type=\"column\" data-e-type=\"column\">\n\t\t\t<div class=\"elementor-widget-wrap elementor-element-populated\">\n\t\t\t\t\t\t<div class=\"elementor-element elementor-element-06314fd animated-slow elementor-widget elementor-widget-image\" data-id=\"06314fd\" data-element_type=\"widget\" data-e-type=\"widget\" data-settings=\"{&quot;_animation&quot;:&quot;none&quot;,&quot;_animation_delay&quot;:300}\" data-widget_type=\"image.default\">\n\t\t\t\t\t\t\t\t\t\t\t\t\t\t\t<img fetchpriority=\"high\" decoding=\"async\" width=\"477\" height=\"600\" src=\"https:\/\/www.opticagracia.com\/wp-content\/uploads\/2021\/07\/Optica-Gracia-Sobre-Nosaltres-Monica-Gracia.jpg\" class=\"attachment-full size-full wp-image-14404\" alt=\"M\u00f2nica Gr\u00e0cia - EYEWEAR AND VISUAL HEALTH CONSULTANT opticagracia.com\" srcset=\"https:\/\/www.opticagracia.com\/wp-content\/uploads\/2021\/07\/Optica-Gracia-Sobre-Nosaltres-Monica-Gracia.jpg 477w, https:\/\/www.opticagracia.com\/wp-content\/uploads\/2021\/07\/Optica-Gracia-Sobre-Nosaltres-Monica-Gracia-80x100.jpg 80w\" sizes=\"(max-width: 477px) 100vw, 477px\" \/>\t\t\t\t\t\t\t\t\t\t\t\t\t\t\t<\/div>\n\t\t\t\t\t<\/div>\n\t\t<\/div>\n\t\t\t\t<div class=\"elementor-column elementor-col-50 elementor-top-column elementor-element elementor-element-8bc2ba4\" data-id=\"8bc2ba4\" data-element_type=\"column\" data-e-type=\"column\">\n\t\t\t<div class=\"elementor-widget-wrap elementor-element-populated\">\n\t\t\t\t\t\t<div class=\"elementor-element elementor-element-d4ec7f2 elementor-widget elementor-widget-text-editor\" data-id=\"d4ec7f2\" data-element_type=\"widget\" data-e-type=\"widget\" data-widget_type=\"text-editor.default\">\n\t\t\t\t\t\t\t\t\t<p><strong>Optica Gracia<\/strong> is a family-run optician's shop with 25 years of experience in the sector.<\/p><p><strong>M\u00f3nica Gracia Terrafeta<\/strong>The Optometrist, qualified optometrist No. 9090, offers you an unbeatable optical service and personalised advice for every person and every need.<\/p><p>We have a team of Optometrists and image consultants for customer service.<\/p>\t\t\t\t\t\t\t\t<\/div>\n\t\t\t\t\t<\/div>\n\t\t<\/div>\n\t\t\t\t\t<\/div>\n\t\t<\/section>\n\t\t\t\t<section class=\"elementor-section elementor-top-section elementor-element elementor-element-d8226e6 elementor-section-full_width elementor-section-height-default elementor-section-height-default\" data-id=\"d8226e6\" data-element_type=\"section\" data-e-type=\"section\">\n\t\t\t\t\t\t<div class=\"elementor-container elementor-column-gap-default\">\n\t\t\t\t\t<div class=\"elementor-column elementor-col-100 elementor-top-column elementor-element elementor-element-298c502\" data-id=\"298c502\" data-element_type=\"column\" data-e-type=\"column\">\n\t\t\t<div class=\"elementor-widget-wrap elementor-element-populated\">\n\t\t\t\t\t\t<div class=\"elementor-element elementor-element-caceeab elementor-widget elementor-widget-heading\" data-id=\"caceeab\" data-element_type=\"widget\" data-e-type=\"widget\" data-widget_type=\"heading.default\">\n\t\t\t\t\t<h2 class=\"elementor-heading-title elementor-size-default\">Always with you<\/h2>\t\t\t\t<\/div>\n\t\t\t\t<div class=\"elementor-element elementor-element-bad4ba6 elementor-widget elementor-widget-text-editor\" data-id=\"bad4ba6\" data-element_type=\"widget\" data-e-type=\"widget\" data-widget_type=\"text-editor.default\">\n\t\t\t\t\t\t\t\t\t<p>Thanks to our qualified staff we can attend in several languages: catalan, spanish, english, fran\u00e7ais, \u0440\u0443\u0441\u0441\u0441\u043a\u0438\u0439.<\/p><p>Trust and quality of service make our work the maximum guarantee of customer satisfaction.<\/p>\t\t\t\t\t\t\t\t<\/div>\n\t\t\t\t\t<\/div>\n\t\t<\/div>\n\t\t\t\t\t<\/div>\n\t\t<\/section>\n\t\t\t\t<section class=\"elementor-section elementor-top-section elementor-element elementor-element-7938d99 elementor-section-full_width elementor-section-height-default elementor-section-height-default\" data-id=\"7938d99\" data-element_type=\"section\" data-e-type=\"section\">\n\t\t\t\t\t\t<div class=\"elementor-container elementor-column-gap-default\">\n\t\t\t\t\t<div class=\"elementor-column elementor-col-100 elementor-top-column elementor-element elementor-element-cd1276d\" data-id=\"cd1276d\" data-element_type=\"column\" data-e-type=\"column\">\n\t\t\t<div class=\"elementor-widget-wrap elementor-element-populated\">\n\t\t\t\t\t\t<div class=\"elementor-element elementor-element-5714190 elementor-widget elementor-widget-text-editor\" data-id=\"5714190\" data-element_type=\"widget\" data-e-type=\"widget\" data-widget_type=\"text-editor.default\">\n\t\t\t\t\t\t\t\t\t<p>Come and let us advise you! At <strong>Optica Gr\u00e0cia<\/strong> we offer you an unbeatable service in optometry and visual controls for all ages.<\/p><p>We have the experience of working in ophthalmology clinics. Intraocular pressure control.<\/p><p>We are specialists in progressive lenses; we offer a wide range and specific selection suitable for each type of person according to graduation, utility, work...<\/p><p>We adjust to all the needs and demands of the client.<\/p>\t\t\t\t\t\t\t\t<\/div>\n\t\t\t\t\t<\/div>\n\t\t<\/div>\n\t\t\t\t\t<\/div>\n\t\t<\/section>\n\t\t\t\t<section class=\"elementor-section elementor-top-section elementor-element elementor-element-e2bb5e9 elementor-section-full_width elementor-section-height-default elementor-section-height-default\" data-id=\"e2bb5e9\" data-element_type=\"section\" data-e-type=\"section\">\n\t\t\t\t\t\t<div class=\"elementor-container elementor-column-gap-default\">\n\t\t\t\t\t<div class=\"elementor-column elementor-col-50 elementor-top-column elementor-element elementor-element-289b4c1\" data-id=\"289b4c1\" data-element_type=\"column\" data-e-type=\"column\">\n\t\t\t<div class=\"elementor-widget-wrap elementor-element-populated\">\n\t\t\t\t\t\t<div class=\"elementor-element elementor-element-b08c8d4 elementor-widget elementor-widget-heading\" data-id=\"b08c8d4\" data-element_type=\"widget\" data-e-type=\"widget\" data-widget_type=\"heading.default\">\n\t\t\t\t\t<h2 class=\"elementor-heading-title elementor-size-default\">Specific screenings for school-age children<\/h2>\t\t\t\t<\/div>\n\t\t\t\t<div class=\"elementor-element elementor-element-aece33d elementor-widget elementor-widget-text-editor\" data-id=\"aece33d\" data-element_type=\"widget\" data-e-type=\"widget\" data-widget_type=\"text-editor.default\">\n\t\t\t\t\t\t\t\t\t<p>Control, monitoring and adaptation to monthly contact lenses, daily contact lenses... and also cosmetic or coloured contact lenses. We specialise in progressive contact lenses.<\/p><p>We also offer you unbeatable personalised image advice after a detailed study, using state-of-the-art technology.<\/p><p>With a friendly and close treatment we will make your eyes always look attractive and above all we take care and always look after your visual health.<\/p>\t\t\t\t\t\t\t\t<\/div>\n\t\t\t\t\t<\/div>\n\t\t<\/div>\n\t\t\t\t<div class=\"elementor-column elementor-col-50 elementor-top-column elementor-element elementor-element-f2fd73c\" data-id=\"f2fd73c\" data-element_type=\"column\" data-e-type=\"column\">\n\t\t\t<div class=\"elementor-widget-wrap elementor-element-populated\">\n\t\t\t\t\t\t<div class=\"elementor-element elementor-element-d2e1def animated-slow elementor-widget elementor-widget-image\" data-id=\"d2e1def\" data-element_type=\"widget\" data-e-type=\"widget\" data-settings=\"{&quot;_animation&quot;:&quot;none&quot;,&quot;_animation_delay&quot;:400}\" data-widget_type=\"image.default\">\n\t\t\t\t\t\t\t\t\t\t\t\t\t\t\t<img decoding=\"async\" width=\"500\" height=\"661\" src=\"https:\/\/www.opticagracia.com\/wp-content\/uploads\/2021\/07\/Optica-Gracia-Sobre-Nosaltres-Revisions-especifiques-per-nens-i-nenes.jpg\" class=\"attachment-full size-full wp-image-14433\" alt=\"\" srcset=\"https:\/\/www.opticagracia.com\/wp-content\/uploads\/2021\/07\/Optica-Gracia-Sobre-Nosaltres-Revisions-especifiques-per-nens-i-nenes.jpg 500w, https:\/\/www.opticagracia.com\/wp-content\/uploads\/2021\/07\/Optica-Gracia-Sobre-Nosaltres-Revisions-especifiques-per-nens-i-nenes-492x650.jpg 492w, https:\/\/www.opticagracia.com\/wp-content\/uploads\/2021\/07\/Optica-Gracia-Sobre-Nosaltres-Revisions-especifiques-per-nens-i-nenes-76x100.jpg 76w\" sizes=\"(max-width: 500px) 100vw, 500px\" \/>\t\t\t\t\t\t\t\t\t\t\t\t\t\t\t<\/div>\n\t\t\t\t\t<\/div>\n\t\t<\/div>\n\t\t\t\t\t<\/div>\n\t\t<\/section>\n\t\t\t\t<section class=\"elementor-section elementor-top-section elementor-element elementor-element-cb9a442 elementor-section-full_width elementor-section-height-default elementor-section-height-default\" data-id=\"cb9a442\" data-element_type=\"section\" data-e-type=\"section\">\n\t\t\t\t\t\t<div class=\"elementor-container elementor-column-gap-default\">\n\t\t\t\t\t<div class=\"elementor-column elementor-col-100 elementor-top-column elementor-element elementor-element-866f61e\" data-id=\"866f61e\" data-element_type=\"column\" data-e-type=\"column\">\n\t\t\t<div class=\"elementor-widget-wrap elementor-element-populated\">\n\t\t\t\t\t\t<div class=\"elementor-element elementor-element-c5ac01f elementor-widget elementor-widget-heading\" data-id=\"c5ac01f\" data-element_type=\"widget\" data-e-type=\"widget\" data-widget_type=\"heading.default\">\n\t\t\t\t\t<h2 class=\"elementor-heading-title elementor-size-default translation-block\">Personalised advice<br>on sunglasses and prescription glasses<\/h2>\t\t\t\t<\/div>\n\t\t\t\t<div class=\"elementor-element elementor-element-2dca873 elementor-widget elementor-widget-text-editor\" data-id=\"2dca873\" data-element_type=\"widget\" data-e-type=\"widget\" data-widget_type=\"text-editor.default\">\n\t\t\t\t\t\t\t\t\t<p><strong>We offer a wide range of premium brands:<\/strong><br \/>Ray ban, Dolce Gabanna, Prada, Gucci, Saint laurent, Chopard, Prada, Tom Ford, Bvlgari, Dior, Chanel, Arnettebregs, Emporio Armani, Giorgio Armani, Oakley, Carrera, Persol, Gucci, Ralph Lauren, Vogue, Carolina Herrera... and many others.<\/p>\t\t\t\t\t\t\t\t<\/div>\n\t\t\t\t\t<\/div>\n\t\t<\/div>\n\t\t\t\t\t<\/div>\n\t\t<\/section>\n\t\t\t\t<\/div>","protected":false},"excerpt":{"rendered":"<p>\u00d3ptica Gracia es una \u00f3ptica de \u00e1mbito familiar con de 25 a\u00f1os de experiencia en el sector. M\u00f3nica Gracia Terrafeta, optometrista diplomada N\u00ba 9090, te ofrece un inmejorable servicio \u00f3ptico y asesoramiento personalizado para cada persona y necesidad. Contamos con un equipo de Optometristas y asesoras de imagen para atenci\u00f3n al cliente. Siempre contigo Gracias<br \/><a class=\"moretag\" href=\"https:\/\/www.opticagracia.com\/en\/nosotras\/\">+ Read More<\/a><\/p>","protected":false},"author":6,"featured_media":14699,"parent":0,"menu_order":0,"comment_status":"closed","ping_status":"closed","template":"templates\/page-fullwidth_template.php","meta":{"footnotes":""},"class_list":["post-2957","page","type-page","status-publish","has-post-thumbnail","hentry"],"_links":{"self":[{"href":"https:\/\/www.opticagracia.com\/en\/wp-json\/wp\/v2\/pages\/2957","targetHints":{"allow":["GET"]}}],"collection":[{"href":"https:\/\/www.opticagracia.com\/en\/wp-json\/wp\/v2\/pages"}],"about":[{"href":"https:\/\/www.opticagracia.com\/en\/wp-json\/wp\/v2\/types\/page"}],"author":[{"embeddable":true,"href":"https:\/\/www.opticagracia.com\/en\/wp-json\/wp\/v2\/users\/6"}],"replies":[{"embeddable":true,"href":"https:\/\/www.opticagracia.com\/en\/wp-json\/wp\/v2\/comments?post=2957"}],"version-history":[{"count":1,"href":"https:\/\/www.opticagracia.com\/en\/wp-json\/wp\/v2\/pages\/2957\/revisions"}],"predecessor-version":[{"id":20591,"href":"https:\/\/www.opticagracia.com\/en\/wp-json\/wp\/v2\/pages\/2957\/revisions\/20591"}],"wp:featuredmedia":[{"embeddable":true,"href":"https:\/\/www.opticagracia.com\/en\/wp-json\/wp\/v2\/media\/14699"}],"wp:attachment":[{"href":"https:\/\/www.opticagracia.com\/en\/wp-json\/wp\/v2\/media?parent=2957"}],"curies":[{"name":"wp","href":"https:\/\/api.w.org\/{rel}","templated":true}]}}