{"id":2958,"date":"2017-04-24T09:00:25","date_gmt":"2017-04-24T07:00:25","guid":{"rendered":"http:\/\/gt3demo.com\/wp\/wizestore\/?page_id=690"},"modified":"2025-02-22T17:25:57","modified_gmt":"2025-02-22T16:25:57","slug":"servicios","status":"publish","type":"page","link":"https:\/\/www.opticagracia.com\/en\/servicios\/","title":{"rendered":"Services"},"content":{"rendered":"<div data-elementor-type=\"wp-post\" data-elementor-id=\"2958\" class=\"elementor elementor-2958\" data-elementor-post-type=\"page\">\n\t\t\t\t\t\t<section class=\"elementor-section elementor-top-section elementor-element elementor-element-c5599ba elementor-section-full_width elementor-section-height-default elementor-section-height-default\" data-id=\"c5599ba\" data-element_type=\"section\" data-e-type=\"section\" id=\"easyscan\">\n\t\t\t\t\t\t<div class=\"elementor-container elementor-column-gap-default\">\n\t\t\t\t\t<div class=\"elementor-column elementor-col-50 elementor-top-column elementor-element elementor-element-1cf7066 animated-slow\" data-id=\"1cf7066\" data-element_type=\"column\" data-e-type=\"column\" data-settings=\"{&quot;animation&quot;:&quot;none&quot;,&quot;animation_delay&quot;:300}\">\n\t\t\t<div class=\"elementor-widget-wrap elementor-element-populated\">\n\t\t\t\t\t\t<div class=\"elementor-element elementor-element-153b5cf elementor-widget elementor-widget-heading\" data-id=\"153b5cf\" data-element_type=\"widget\" data-e-type=\"widget\" data-widget_type=\"heading.default\">\n\t\t\t\t\t<h2 class=\"elementor-heading-title elementor-size-default\">EasyScan<\/h2>\t\t\t\t<\/div>\n\t\t\t\t<div class=\"elementor-element elementor-element-c73992b elementor-widget elementor-widget-text-editor\" data-id=\"c73992b\" data-element_type=\"widget\" data-e-type=\"widget\" data-widget_type=\"text-editor.default\">\n\t\t\t\t\t\t\t\t\t<p class=\"translation-block\">At <strong>\u00d2ptica Gr\u00e0cia<\/strong> we perform a <strong>premium eye exam<\/strong> on all patients of all ages, including visual tests to assess whether there are any visual defects or focusing problems (myopia, astigmatism, hyperopia and presbyopia).<\/p><p>We also perform tonometry (eye pressure measurement), as this way we have all the information with all these optometric tests to evaluate the functionality of the vision and visual system, we also rule out possible dysfunctions of the binocular vision.<\/p><p class=\"translation-block\">We examine the state of health of your eyes with the <strong>EasyScan<\/strong> with which we take retinal scan images.<\/p><p class=\"translation-block\">The <strong>EasyScan<\/strong> non-dilated eye examination can easily detect eye conditions such as diabetic retinopathy, AMD, glaucoma and much more. Our technology makes it possible to detect these abnormalities even in their earliest stages, through an easy and pleasant non-contact experience with all hygienic and safety measures.<\/p><p>Once the retina has been assessed, we proceed to make a personalised report in case it is necessary for it to be assessed by an ophthalmologist.<\/p>\t\t\t\t\t\t\t\t<\/div>\n\t\t\t\t\t<\/div>\n\t\t<\/div>\n\t\t\t\t<div class=\"elementor-column elementor-col-50 elementor-top-column elementor-element elementor-element-bd27c0a\" data-id=\"bd27c0a\" data-element_type=\"column\" data-e-type=\"column\" data-settings=\"{&quot;animation&quot;:&quot;none&quot;}\">\n\t\t\t<div class=\"elementor-widget-wrap elementor-element-populated\">\n\t\t\t\t\t\t<div class=\"elementor-element elementor-element-fc05c61 animated-slow elementor-widget elementor-widget-image\" data-id=\"fc05c61\" data-element_type=\"widget\" data-e-type=\"widget\" data-settings=\"{&quot;_animation&quot;:&quot;none&quot;,&quot;_animation_delay&quot;:200}\" data-widget_type=\"image.default\">\n\t\t\t\t\t\t\t\t\t\t\t\t\t\t\t<img fetchpriority=\"high\" decoding=\"async\" width=\"600\" height=\"746\" src=\"https:\/\/www.opticagracia.com\/wp-content\/uploads\/2021\/03\/Optica-Gracia-EasyScan.jpg\" class=\"attachment-full size-full wp-image-13412\" alt=\"\u00d2ptica Gr\u00e0cia - EasyScan\" srcset=\"https:\/\/www.opticagracia.com\/wp-content\/uploads\/2021\/03\/Optica-Gracia-EasyScan.jpg 600w, https:\/\/www.opticagracia.com\/wp-content\/uploads\/2021\/03\/Optica-Gracia-EasyScan-500x622.jpg 500w, https:\/\/www.opticagracia.com\/wp-content\/uploads\/2021\/03\/Optica-Gracia-EasyScan-523x650.jpg 523w, https:\/\/www.opticagracia.com\/wp-content\/uploads\/2021\/03\/Optica-Gracia-EasyScan-80x100.jpg 80w\" sizes=\"(max-width: 600px) 100vw, 600px\" \/>\t\t\t\t\t\t\t\t\t\t\t\t\t\t\t<\/div>\n\t\t\t\t<div class=\"elementor-element elementor-element-f10bd20 animated-slow elementor-invisible elementor-widget elementor-widget-image\" data-id=\"f10bd20\" data-element_type=\"widget\" data-e-type=\"widget\" data-settings=\"{&quot;_animation&quot;:&quot;fadeInLeft&quot;,&quot;_animation_delay&quot;:300}\" data-widget_type=\"image.default\">\n\t\t\t\t\t\t\t\t\t\t\t\t\t\t\t<img decoding=\"async\" src=\"http:\/\/opticagracia.com\/wp-content\/uploads\/2019\/02\/M\u00f2nica-Gr\u00e0cia-\u00d2ptica-Gr\u00e0cia.jpg\" title=\"\" alt=\"\" loading=\"lazy\" \/>\t\t\t\t\t\t\t\t\t\t\t\t\t\t\t<\/div>\n\t\t\t\t\t<\/div>\n\t\t<\/div>\n\t\t\t\t\t<\/div>\n\t\t<\/section>\n\t\t\t\t<section class=\"elementor-section elementor-top-section elementor-element elementor-element-8fa7e45 elementor-section-full_width elementor-reverse-mobile elementor-section-height-default elementor-section-height-default\" data-id=\"8fa7e45\" data-element_type=\"section\" data-e-type=\"section\" id=\"optometria-infantil\" data-settings=\"{&quot;background_background&quot;:&quot;classic&quot;}\">\n\t\t\t\t\t\t<div class=\"elementor-container elementor-column-gap-default\">\n\t\t\t\t\t<div class=\"elementor-column elementor-col-50 elementor-top-column elementor-element elementor-element-fd89525\" data-id=\"fd89525\" data-element_type=\"column\" data-e-type=\"column\" data-settings=\"{&quot;animation&quot;:&quot;none&quot;}\">\n\t\t\t<div class=\"elementor-widget-wrap elementor-element-populated\">\n\t\t\t\t\t\t<div class=\"elementor-element elementor-element-3a44ceb animated-slow elementor-widget elementor-widget-image\" data-id=\"3a44ceb\" data-element_type=\"widget\" data-e-type=\"widget\" data-settings=\"{&quot;_animation&quot;:&quot;none&quot;,&quot;_animation_delay&quot;:300}\" data-widget_type=\"image.default\">\n\t\t\t\t\t\t\t\t\t\t\t\t\t\t\t<img decoding=\"async\" width=\"600\" height=\"400\" src=\"https:\/\/www.opticagracia.com\/wp-content\/uploads\/2021\/03\/Optica-Gracia-Optometria-infantil.jpg\" class=\"attachment-full size-full wp-image-13435\" alt=\"\" srcset=\"https:\/\/www.opticagracia.com\/wp-content\/uploads\/2021\/03\/Optica-Gracia-Optometria-infantil.jpg 600w, https:\/\/www.opticagracia.com\/wp-content\/uploads\/2021\/03\/Optica-Gracia-Optometria-infantil-500x333.jpg 500w, https:\/\/www.opticagracia.com\/wp-content\/uploads\/2021\/03\/Optica-Gracia-Optometria-infantil-100x67.jpg 100w\" sizes=\"(max-width: 600px) 100vw, 600px\" \/>\t\t\t\t\t\t\t\t\t\t\t\t\t\t\t<\/div>\n\t\t\t\t\t<\/div>\n\t\t<\/div>\n\t\t\t\t<div class=\"elementor-column elementor-col-50 elementor-top-column elementor-element elementor-element-8bc5ab9 animated-slow\" data-id=\"8bc5ab9\" data-element_type=\"column\" data-e-type=\"column\" data-settings=\"{&quot;animation&quot;:&quot;none&quot;,&quot;animation_delay&quot;:300}\">\n\t\t\t<div class=\"elementor-widget-wrap elementor-element-populated\">\n\t\t\t\t\t\t<div class=\"elementor-element elementor-element-adff2b8 elementor-widget elementor-widget-heading\" data-id=\"adff2b8\" data-element_type=\"widget\" data-e-type=\"widget\" data-widget_type=\"heading.default\">\n\t\t\t\t\t<h2 class=\"elementor-heading-title elementor-size-default\">Optometry for children<\/h2>\t\t\t\t<\/div>\n\t\t\t\t<div class=\"elementor-element elementor-element-322e46b elementor-widget elementor-widget-text-editor\" data-id=\"322e46b\" data-element_type=\"widget\" data-e-type=\"widget\" data-widget_type=\"text-editor.default\">\n\t\t\t\t\t\t\t\t\t<p>Specific check-ups for school-age children.<\/p><p>Study of the different visual defects (myopia, astigmatism, hyperopia). To rule out strabismus. To rule out learning problems.<\/p><p>We have a selection of glasses ideal for the little ones. We have a selection of frames from top brands as well as more economical alternatives for eyesight and sunglasses.<\/p>\t\t\t\t\t\t\t\t<\/div>\n\t\t\t\t\t<\/div>\n\t\t<\/div>\n\t\t\t\t\t<\/div>\n\t\t<\/section>\n\t\t\t\t<section class=\"elementor-section elementor-top-section elementor-element elementor-element-0816a45 elementor-section-full_width elementor-section-height-default elementor-section-height-default\" data-id=\"0816a45\" data-element_type=\"section\" data-e-type=\"section\" id=\"revisiones-optometricas\" data-settings=\"{&quot;background_background&quot;:&quot;classic&quot;}\">\n\t\t\t\t\t\t<div class=\"elementor-container elementor-column-gap-default\">\n\t\t\t\t\t<div class=\"elementor-column elementor-col-50 elementor-top-column elementor-element elementor-element-b1e1243 animated-slow\" data-id=\"b1e1243\" data-element_type=\"column\" data-e-type=\"column\" data-settings=\"{&quot;animation&quot;:&quot;none&quot;,&quot;animation_delay&quot;:400}\">\n\t\t\t<div class=\"elementor-widget-wrap elementor-element-populated\">\n\t\t\t\t\t\t<div class=\"elementor-element elementor-element-e90b874 elementor-widget elementor-widget-heading\" data-id=\"e90b874\" data-element_type=\"widget\" data-e-type=\"widget\" data-widget_type=\"heading.default\">\n\t\t\t\t\t<h2 class=\"elementor-heading-title elementor-size-default\">Optometric check-ups for adults of all ages<\/h2>\t\t\t\t<\/div>\n\t\t\t\t<div class=\"elementor-element elementor-element-628f395 elementor-widget elementor-widget-text-editor\" data-id=\"628f395\" data-element_type=\"widget\" data-e-type=\"widget\" data-widget_type=\"text-editor.default\">\n\t\t\t\t\t\t\t\t\t<p class=\"translation-block\">Study of the different visual defects:<br>Myopia, astigmatism, hyperopia, presbyopia ...<\/p>\t\t\t\t\t\t\t\t<\/div>\n\t\t\t\t\t<\/div>\n\t\t<\/div>\n\t\t\t\t<div class=\"elementor-column elementor-col-50 elementor-top-column elementor-element elementor-element-ad6543f\" data-id=\"ad6543f\" data-element_type=\"column\" data-e-type=\"column\">\n\t\t\t<div class=\"elementor-widget-wrap elementor-element-populated\">\n\t\t\t\t\t\t<div class=\"elementor-element elementor-element-98aefc8 animated-slow elementor-widget elementor-widget-image\" data-id=\"98aefc8\" data-element_type=\"widget\" data-e-type=\"widget\" data-settings=\"{&quot;_animation&quot;:&quot;none&quot;,&quot;_animation_delay&quot;:400}\" data-widget_type=\"image.default\">\n\t\t\t\t\t\t\t\t\t\t\t\t\t\t\t<img decoding=\"async\" src=\"https:\/\/www.opticagracia.com\/wp-content\/uploads\/elementor\/thumbs\/Optica-Gracia-Serveis-Revisions-optometriques-Home-qu4z5p9fgrbhj8gm8k1v5y1tvarvoqr5ggolzjpq80.jpg\" title=\"Optica Gracia - Serveis - Optometric check-ups\" alt=\"Optica Gracia - Serveis - Optometric check-ups\" loading=\"lazy\" \/>\t\t\t\t\t\t\t\t\t\t\t\t\t\t\t<\/div>\n\t\t\t\t\t<\/div>\n\t\t<\/div>\n\t\t\t\t\t<\/div>\n\t\t<\/section>\n\t\t\t\t<section class=\"elementor-section elementor-top-section elementor-element elementor-element-76f80f8 elementor-section-full_width elementor-section-height-default elementor-section-height-default\" data-id=\"76f80f8\" data-element_type=\"section\" data-e-type=\"section\" id=\"pruebas-diagnosticas\" data-settings=\"{&quot;background_background&quot;:&quot;classic&quot;}\">\n\t\t\t\t\t\t<div class=\"elementor-container elementor-column-gap-default\">\n\t\t\t\t\t<div class=\"elementor-column elementor-col-50 elementor-top-column elementor-element elementor-element-7f6a2fe\" data-id=\"7f6a2fe\" data-element_type=\"column\" data-e-type=\"column\">\n\t\t\t<div class=\"elementor-widget-wrap elementor-element-populated\">\n\t\t\t\t\t\t<div class=\"elementor-element elementor-element-3b93da5 animated-slow elementor-widget elementor-widget-image\" data-id=\"3b93da5\" data-element_type=\"widget\" data-e-type=\"widget\" data-settings=\"{&quot;_animation&quot;:&quot;none&quot;,&quot;_animation_delay&quot;:500}\" data-widget_type=\"image.default\">\n\t\t\t\t\t\t\t\t\t\t\t\t\t\t\t<img decoding=\"async\" width=\"600\" height=\"400\" src=\"https:\/\/www.opticagracia.com\/wp-content\/uploads\/2021\/05\/Optica-Gracia-Serveis-Proves-diagnostiques-Home.jpg\" class=\"attachment-full size-full wp-image-13950\" alt=\"Optica Gracia - Services - Diagnostic tests\" srcset=\"https:\/\/www.opticagracia.com\/wp-content\/uploads\/2021\/05\/Optica-Gracia-Serveis-Proves-diagnostiques-Home.jpg 600w, https:\/\/www.opticagracia.com\/wp-content\/uploads\/2021\/05\/Optica-Gracia-Serveis-Proves-diagnostiques-Home-500x333.jpg 500w, https:\/\/www.opticagracia.com\/wp-content\/uploads\/2021\/05\/Optica-Gracia-Serveis-Proves-diagnostiques-Home-100x67.jpg 100w\" sizes=\"(max-width: 600px) 100vw, 600px\" \/>\t\t\t\t\t\t\t\t\t\t\t\t\t\t\t<\/div>\n\t\t\t\t<div class=\"elementor-element elementor-element-45efdf6 animated-slow elementor-invisible elementor-widget elementor-widget-image\" data-id=\"45efdf6\" data-element_type=\"widget\" data-e-type=\"widget\" data-settings=\"{&quot;_animation&quot;:&quot;fadeInLeft&quot;,&quot;_animation_delay&quot;:500}\" data-widget_type=\"image.default\">\n\t\t\t\t\t\t\t\t\t\t\t\t\t\t\t<img decoding=\"async\" src=\"http:\/\/opticagracia.com\/wp-content\/uploads\/2014\/01\/proves-diagnostiques.png\" title=\"\" alt=\"\" loading=\"lazy\" \/>\t\t\t\t\t\t\t\t\t\t\t\t\t\t\t<\/div>\n\t\t\t\t\t<\/div>\n\t\t<\/div>\n\t\t\t\t<div class=\"elementor-column elementor-col-50 elementor-top-column elementor-element elementor-element-d1f7b72 animated-slow\" data-id=\"d1f7b72\" data-element_type=\"column\" data-e-type=\"column\" data-settings=\"{&quot;animation&quot;:&quot;none&quot;,&quot;animation_delay&quot;:500}\">\n\t\t\t<div class=\"elementor-widget-wrap elementor-element-populated\">\n\t\t\t\t\t\t<div class=\"elementor-element elementor-element-3a91018 elementor-widget elementor-widget-heading\" data-id=\"3a91018\" data-element_type=\"widget\" data-e-type=\"widget\" data-widget_type=\"heading.default\">\n\t\t\t\t\t<h2 class=\"elementor-heading-title elementor-size-default\">Diagnostic tests<\/h2>\t\t\t\t<\/div>\n\t\t\t\t<div class=\"elementor-element elementor-element-4cf2a96 elementor-widget elementor-widget-text-editor\" data-id=\"4cf2a96\" data-element_type=\"widget\" data-e-type=\"widget\" data-widget_type=\"text-editor.default\">\n\t\t\t\t\t\t\t\t\t<p><strong>Intraocular pressure<\/strong>.<br \/>For early detection of diseases such as glaucoma.<\/p>\t\t\t\t\t\t\t\t<\/div>\n\t\t\t\t\t<\/div>\n\t\t<\/div>\n\t\t\t\t\t<\/div>\n\t\t<\/section>\n\t\t\t\t<section class=\"elementor-section elementor-top-section elementor-element elementor-element-53a1d9b elementor-section-full_width elementor-section-height-default elementor-section-height-default\" data-id=\"53a1d9b\" data-element_type=\"section\" data-e-type=\"section\" id=\"adaptacion-lentes-contacto\" data-settings=\"{&quot;background_background&quot;:&quot;classic&quot;}\">\n\t\t\t\t\t\t<div class=\"elementor-container elementor-column-gap-default\">\n\t\t\t\t\t<div class=\"elementor-column elementor-col-50 elementor-top-column elementor-element elementor-element-149e4be animated-slow\" data-id=\"149e4be\" data-element_type=\"column\" data-e-type=\"column\" data-settings=\"{&quot;animation&quot;:&quot;none&quot;,&quot;animation_delay&quot;:400}\">\n\t\t\t<div class=\"elementor-widget-wrap elementor-element-populated\">\n\t\t\t\t\t\t<div class=\"elementor-element elementor-element-233329e elementor-widget elementor-widget-heading\" data-id=\"233329e\" data-element_type=\"widget\" data-e-type=\"widget\" data-widget_type=\"heading.default\">\n\t\t\t\t\t<h2 class=\"elementor-heading-title elementor-size-default\">Fitting contact lenses<\/h2>\t\t\t\t<\/div>\n\t\t\t\t<div class=\"elementor-element elementor-element-5f22beb elementor-widget elementor-widget-text-editor\" data-id=\"5f22beb\" data-element_type=\"widget\" data-e-type=\"widget\" data-widget_type=\"text-editor.default\">\n\t\t\t\t\t\t\t\t\t<ul><li>Adaptation in children and adults.<\/li><li>Fitting of rigid and gas permeable contact lenses.<\/li><li>Fitting of soft contact lenses (hydrogel): annual, monthly, weekly and daily.<\/li><li>Adaptation of progressive lenses.<\/li><li>Fitting of toric lenses (for astigmatism).<\/li><li>Cosmetic and fancy contact lenses. Wide range of colours.<\/li><\/ul>\t\t\t\t\t\t\t\t<\/div>\n\t\t\t\t\t<\/div>\n\t\t<\/div>\n\t\t\t\t<div class=\"elementor-column elementor-col-50 elementor-top-column elementor-element elementor-element-2d8b674\" data-id=\"2d8b674\" data-element_type=\"column\" data-e-type=\"column\">\n\t\t\t<div class=\"elementor-widget-wrap elementor-element-populated\">\n\t\t\t\t\t\t<div class=\"elementor-element elementor-element-0b93848 animated-slow elementor-widget elementor-widget-image\" data-id=\"0b93848\" data-element_type=\"widget\" data-e-type=\"widget\" data-settings=\"{&quot;_animation&quot;:&quot;none&quot;,&quot;_animation_delay&quot;:600}\" data-widget_type=\"image.default\">\n\t\t\t\t\t\t\t\t\t\t\t\t\t\t\t<img decoding=\"async\" src=\"https:\/\/www.opticagracia.com\/wp-content\/uploads\/elementor\/thumbs\/Optica-Gracia-Adaptacio-lents-de-contacte-qu4z5jmebr3rlkot5hm3qzh2azjoek4rforp3vy39c.jpg\" title=\"\u00d2ptica Gr\u00e0cia - Contact lenses adaptation\" alt=\"\u00d2ptica Gr\u00e0cia - Contact lenses adaptation\" loading=\"lazy\" \/>\t\t\t\t\t\t\t\t\t\t\t\t\t\t\t<\/div>\n\t\t\t\t<div class=\"elementor-element elementor-element-b01efc7 animated-slow elementor-invisible elementor-widget elementor-widget-image\" data-id=\"b01efc7\" data-element_type=\"widget\" data-e-type=\"widget\" data-settings=\"{&quot;_animation&quot;:&quot;fadeInRight&quot;,&quot;_animation_delay&quot;:400}\" data-widget_type=\"image.default\">\n\t\t\t\t\t\t\t\t\t\t\t\t\t\t\t<img decoding=\"async\" src=\"http:\/\/opticagracia.com\/wp-content\/uploads\/2014\/01\/Optica_Gracia_28.png\" title=\"\" alt=\"\" loading=\"lazy\" \/>\t\t\t\t\t\t\t\t\t\t\t\t\t\t\t<\/div>\n\t\t\t\t\t<\/div>\n\t\t<\/div>\n\t\t\t\t\t<\/div>\n\t\t<\/section>\n\t\t\t\t<section class=\"elementor-section elementor-top-section elementor-element elementor-element-8d6725b elementor-section-full_width elementor-section-height-default elementor-section-height-default\" data-id=\"8d6725b\" data-element_type=\"section\" data-e-type=\"section\" id=\"taller-propio\" data-settings=\"{&quot;background_background&quot;:&quot;classic&quot;}\">\n\t\t\t\t\t\t<div class=\"elementor-container elementor-column-gap-default\">\n\t\t\t\t\t<div class=\"elementor-column elementor-col-50 elementor-top-column elementor-element elementor-element-7048561\" data-id=\"7048561\" data-element_type=\"column\" data-e-type=\"column\" data-settings=\"{&quot;animation&quot;:&quot;none&quot;}\">\n\t\t\t<div class=\"elementor-widget-wrap elementor-element-populated\">\n\t\t\t\t\t\t<div class=\"elementor-element elementor-element-08cff9f animated-slow elementor-widget elementor-widget-image\" data-id=\"08cff9f\" data-element_type=\"widget\" data-e-type=\"widget\" data-settings=\"{&quot;_animation&quot;:&quot;none&quot;,&quot;_animation_delay&quot;:600}\" data-widget_type=\"image.default\">\n\t\t\t\t\t\t\t\t\t\t\t\t\t\t\t<img loading=\"lazy\" decoding=\"async\" width=\"300\" height=\"205\" src=\"https:\/\/www.opticagracia.com\/wp-content\/uploads\/2021\/07\/Optica-Gracia-Taller-propi-01.jpg\" class=\"attachment-full size-full wp-image-14398\" alt=\"\" srcset=\"https:\/\/www.opticagracia.com\/wp-content\/uploads\/2021\/07\/Optica-Gracia-Taller-propi-01.jpg 300w, https:\/\/www.opticagracia.com\/wp-content\/uploads\/2021\/07\/Optica-Gracia-Taller-propi-01-100x68.jpg 100w\" sizes=\"(max-width: 300px) 100vw, 300px\" \/>\t\t\t\t\t\t\t\t\t\t\t\t\t\t\t<\/div>\n\t\t\t\t<div class=\"elementor-element elementor-element-bfb744c animated-slow elementor-widget elementor-widget-image\" data-id=\"bfb744c\" data-element_type=\"widget\" data-e-type=\"widget\" data-settings=\"{&quot;_animation&quot;:&quot;none&quot;,&quot;_animation_delay&quot;:600}\" data-widget_type=\"image.default\">\n\t\t\t\t\t\t\t\t\t\t\t\t\t\t\t<img loading=\"lazy\" decoding=\"async\" width=\"300\" height=\"224\" src=\"https:\/\/www.opticagracia.com\/wp-content\/uploads\/2021\/07\/Optica-Gracia-Taller-propi-02.jpg\" class=\"attachment-full size-full wp-image-14399\" alt=\"\u00d2ptica Gr\u00e0cia - Services - Own workshop\" srcset=\"https:\/\/www.opticagracia.com\/wp-content\/uploads\/2021\/07\/Optica-Gracia-Taller-propi-02.jpg 300w, https:\/\/www.opticagracia.com\/wp-content\/uploads\/2021\/07\/Optica-Gracia-Taller-propi-02-100x75.jpg 100w\" sizes=\"(max-width: 300px) 100vw, 300px\" \/>\t\t\t\t\t\t\t\t\t\t\t\t\t\t\t<\/div>\n\t\t\t\t\t<\/div>\n\t\t<\/div>\n\t\t\t\t<div class=\"elementor-column elementor-col-50 elementor-top-column elementor-element elementor-element-8c8cde3 animated-slow\" data-id=\"8c8cde3\" data-element_type=\"column\" data-e-type=\"column\" data-settings=\"{&quot;animation&quot;:&quot;none&quot;,&quot;animation_delay&quot;:700}\">\n\t\t\t<div class=\"elementor-widget-wrap elementor-element-populated\">\n\t\t\t\t\t\t<div class=\"elementor-element elementor-element-80680d6 elementor-widget elementor-widget-heading\" data-id=\"80680d6\" data-element_type=\"widget\" data-e-type=\"widget\" id=\"taller-propi\" data-widget_type=\"heading.default\">\n\t\t\t\t\t<h2 class=\"elementor-heading-title elementor-size-default\">Own workshop<\/h2>\t\t\t\t<\/div>\n\t\t\t\t<div class=\"elementor-element elementor-element-d62d414 elementor-widget elementor-widget-text-editor\" data-id=\"d62d414\" data-element_type=\"widget\" data-e-type=\"widget\" data-widget_type=\"text-editor.default\">\n\t\t\t\t\t\t\t\t\t<p>We have the latest and most advanced machines to be able to carry out the necessary assemblies in a short time.<\/p><p><strong>Service<\/strong> <strong>Emergencies<\/strong>: <strong>lenses in stock<\/strong>.<\/p><p>Fitting of solar and prescription lenses: single vision and progressive lenses.<\/p><p>Various repairs.<\/p><p>Maintenance of all types of glasses for our customers.<\/p>\t\t\t\t\t\t\t\t<\/div>\n\t\t\t\t\t<\/div>\n\t\t<\/div>\n\t\t\t\t\t<\/div>\n\t\t<\/section>\n\t\t\t\t<\/div>","protected":false},"excerpt":{"rendered":"<p>EasyScan En \u00d2ptica Gr\u00e0cia realizamos un examen visual premium a todos los pacientes de todas las edades incluyendo tests visuales para evaluar si existe alg\u00fan defecto visual o problemas de enfoque (miopia astigmatismo, hipermetrop\u00eda y presbicia). Realizamos tambi\u00e9n la tonometr\u00eda (Toma de la presi\u00f3n ocular) ya que de esta manera tenemos toda la informaci\u00f3n con<br \/><a class=\"moretag\" href=\"https:\/\/www.opticagracia.com\/en\/servicios\/\">+ Read More<\/a><\/p>","protected":false},"author":6,"featured_media":14559,"parent":0,"menu_order":0,"comment_status":"closed","ping_status":"closed","template":"templates\/page-fullwidth_template.php","meta":{"footnotes":""},"class_list":["post-2958","page","type-page","status-publish","has-post-thumbnail","hentry"],"_links":{"self":[{"href":"https:\/\/www.opticagracia.com\/en\/wp-json\/wp\/v2\/pages\/2958","targetHints":{"allow":["GET"]}}],"collection":[{"href":"https:\/\/www.opticagracia.com\/en\/wp-json\/wp\/v2\/pages"}],"about":[{"href":"https:\/\/www.opticagracia.com\/en\/wp-json\/wp\/v2\/types\/page"}],"author":[{"embeddable":true,"href":"https:\/\/www.opticagracia.com\/en\/wp-json\/wp\/v2\/users\/6"}],"replies":[{"embeddable":true,"href":"https:\/\/www.opticagracia.com\/en\/wp-json\/wp\/v2\/comments?post=2958"}],"version-history":[{"count":0,"href":"https:\/\/www.opticagracia.com\/en\/wp-json\/wp\/v2\/pages\/2958\/revisions"}],"wp:featuredmedia":[{"embeddable":true,"href":"https:\/\/www.opticagracia.com\/en\/wp-json\/wp\/v2\/media\/14559"}],"wp:attachment":[{"href":"https:\/\/www.opticagracia.com\/en\/wp-json\/wp\/v2\/media?parent=2958"}],"curies":[{"name":"wp","href":"https:\/\/api.w.org\/{rel}","templated":true}]}}