{"id":10753,"date":"2019-10-16T20:19:38","date_gmt":"2019-10-16T18:19:38","guid":{"rendered":"http:\/\/opticagracia.com\/?post_type=product&#038;p=10753"},"modified":"2025-02-18T18:57:42","modified_gmt":"2025-02-18T17:57:42","slug":"lentillas-blackout-halloween","status":"publish","type":"product","link":"https:\/\/www.opticagracia.com\/en\/producto\/lentillas-blackout-halloween\/","title":{"rendered":"blackout halloween lenses"},"content":{"rendered":"<p>Crazy Lens One Day fancy dress contact lenses offer you maximum comfort and convenience. No more maintenance or fear of infection, fit a new pair for every occasion. Our best sellers Whiteout, Red Devil, White Zombie, Dragon Eyes, Orange wolf, Blood Shot, are now available as daily disposables. Get a pair for a carefree costume party or Halloween this year.<\/p>\n<p>Superior comfort and healthier eyes<br \/>\n- Easy to handle, no bending.<br \/>\n- Free of daily disposable maintenance<br \/>\n- Patented hydrogel material for all-day comfort.<br \/>\n- High water content (55%) retains moisture throughout the day<br \/>\n- SmartEdge for zero extraneous sensation (lens caution)<\/p>\n<p><strong>HOW TO WEAR CONTACT LENSES HERE:<\/strong> <a href=\"https:\/\/www.opticagracia.com\/en\/lentes-de-contacto-como-las-utilizamos\/\">http:\/\/opticagracia.com\/lentes-de-contacto-como-las-utilizamos\/<\/a><\/p>","protected":false},"excerpt":{"rendered":"<p>Lentillas de fantasia para disfraces Crazy Lens One Day le ofrece la m\u00e1xima comodidad y confort. No m\u00e1s mantenimiento o miedo a las infecciones, calce un nuevo par para cada ocasi\u00f3n. Nuestros productos m\u00e1s vendidos Whiteout, Red Devil, White Zombie, Dragon Eyes, Orange wolf, Blood Shot, ahora est\u00e1n disponibles como desechables diarios. Obtenga un par<br \/><a class=\"moretag\" href=\"https:\/\/www.opticagracia.com\/en\/producto\/lentillas-blackout-halloween\/\">+ Read More<\/a><\/p>","protected":false},"featured_media":10755,"template":"","meta":[],"product_brand":[],"product_cat":[897],"product_tag":[],"class_list":{"0":"post-10753","1":"product","2":"type-product","3":"status-publish","4":"has-post-thumbnail","6":"product_cat-lentillas","8":"first","9":"instock","10":"taxable","11":"shipping-taxable","12":"purchasable","13":"product-type-simple"},"_links":{"self":[{"href":"https:\/\/www.opticagracia.com\/en\/wp-json\/wp\/v2\/product\/10753","targetHints":{"allow":["GET"]}}],"collection":[{"href":"https:\/\/www.opticagracia.com\/en\/wp-json\/wp\/v2\/product"}],"about":[{"href":"https:\/\/www.opticagracia.com\/en\/wp-json\/wp\/v2\/types\/product"}],"wp:featuredmedia":[{"embeddable":true,"href":"https:\/\/www.opticagracia.com\/en\/wp-json\/wp\/v2\/media\/10755"}],"wp:attachment":[{"href":"https:\/\/www.opticagracia.com\/en\/wp-json\/wp\/v2\/media?parent=10753"}],"wp:term":[{"taxonomy":"product_brand","embeddable":true,"href":"https:\/\/www.opticagracia.com\/en\/wp-json\/wp\/v2\/product_brand?post=10753"},{"taxonomy":"product_cat","embeddable":true,"href":"https:\/\/www.opticagracia.com\/en\/wp-json\/wp\/v2\/product_cat?post=10753"},{"taxonomy":"product_tag","embeddable":true,"href":"https:\/\/www.opticagracia.com\/en\/wp-json\/wp\/v2\/product_tag?post=10753"}],"curies":[{"name":"wp","href":"https:\/\/api.w.org\/{rel}","templated":true}]}}