{"id":4253,"date":"2018-02-20T18:47:22","date_gmt":"2018-02-20T17:47:22","guid":{"rendered":"http:\/\/opticagracia.com\/?post_type=product&#038;p=4253"},"modified":"2025-02-21T20:37:52","modified_gmt":"2025-02-21T19:37:52","slug":"ray-ban-4165-justin-622-t3-polarizada","status":"publish","type":"product","link":"https:\/\/www.opticagracia.com\/en\/producto\/ray-ban-4165-justin-622-t3-polarizada\/","title":{"rendered":"Ray Ban Sunglasses 4165 Justin 622\/T3 Polarized"},"content":{"rendered":"<p>[:es]Montura negra mate de efecto rubber con lentes de color gris degradadas y polarizadas.<\/p>\n<p>Las gafas de sol Ray-Ban Justin RB4165 son unas de las m\u00e1s originales de la colecci\u00f3n Ray-Ban. Inspiradas por las gafas de sol Wayfarer, las Justin retoman la forma cl\u00e1sica en versi\u00f3n m\u00e1s sport gracias a la suavidad de su acabado en goma. Los nuevos colores degradados de la montura, las nuevas e impresionantes lentes de colores a\u00f1aden un toque divertido, intr\u00e9pido y vanguardista a tu estilo. Est\u00e1n disponibles en combinaciones de colores en contraste o con montura degradada y colores de las lentes a juego. Te encantar\u00e1 el material duradero y el inconfundible look Ray-Ban de estas gafas de sol.<\/p>\n<p>&nbsp;[:ca]Les ulleres de sol Ray-Ban Justin RB4165 s\u00f3n unes de les m\u00e9s originals de la col\u00b7lecci\u00f3 Ray-Ban. Inspirades per les ulleres de sol Wayfarer, les Justin reprenen la forma cl\u00e0ssica en versi\u00f3 m\u00e9s sport gr\u00e0cies a la suavitat del seu acabat en goma. Els nous colors degradats de la muntura, les noves i impressionants lents de colors afegeixen un toc divertit, intr\u00e8pid i avantguardista al teu estil. Estan disponibles en combinacions de colors en contrast o amb muntura degradada i colors de les lents a joc. T\u2019encantar\u00e0 el material durador i el look inconfundible Ray-Ban d&#8217;aquestes ulleres de sol.[:ru]\u0421\u043e\u043b\u043d\u0446\u0435\u0437\u0430\u0449\u0438\u0442\u043d\u044b\u0435 \u043e\u0447\u043a\u0438 Ray-Ban Justin RB4165 &#8211; \u043e\u0434\u043d\u0438 \u0438\u0437 \u0441\u0430\u043c\u044b\u0445 \u043e\u0440\u0438\u0433\u0438\u043d\u0430\u043b\u044c\u043d\u044b\u0445 \u043a\u043e\u043b\u043b\u0435\u043a\u0446\u0438\u0439 Ray-Ban. Justin \u043f\u043e\u0432\u0442\u043e\u0440\u044f\u0435\u0442 \u043a\u043b\u0430\u0441\u0441\u0438\u0447\u0435\u0441\u043a\u0443\u044e \u0444\u043e\u0440\u043c\u0443 \u0432 \u0441\u043f\u043e\u0440\u0442\u0438\u0432\u043d\u043e\u0439 \u0432\u0435\u0440\u0441\u0438\u0438 \u0431\u043b\u0430\u0433\u043e\u0434\u0430\u0440\u044f \u043c\u044f\u0433\u043a\u043e\u0441\u0442\u0438 \u0435\u0435 \u0440\u0435\u0437\u0438\u043d\u043e\u0432\u043e\u0439 \u043e\u043f\u0440\u0430\u0432\u044b. \u041d\u043e\u0432\u044b\u0435 \u0433\u0440\u0430\u0434\u0438\u0435\u043d\u0442\u043d\u044b\u0435 \u0446\u0432\u0435\u0442\u0430 \u043e\u043f\u0440\u0430\u0432 \u0438 \u0432\u043f\u0435\u0447\u0430\u0442\u043b\u044f\u044e\u0449\u0438\u0435 \u0446\u0432\u0435\u0442\u043d\u044b\u0435 \u043b\u0438\u043d\u0437\u044b \u0434\u043e\u0431\u0430\u0432\u043b\u044f\u044e\u0442 \u0432\u0435\u0441\u0435\u043b\u044b\u0439 \u0438 \u0441\u043c\u0435\u043b\u044b\u0439 \u043e\u0442\u0442\u0435\u043d\u043e\u043a \u0432\u0430\u0448\u0435\u043c\u0443 \u0441\u0442\u0438\u043b\u044e.[:]<\/p>\n","protected":false},"excerpt":{"rendered":"<p>[:es]<\/p>\n<ul>\n<li>Familia frontal color: <span class=\"specific-info\">negro<\/span><\/li>\n<li>Material de lentes: acetato<\/li>\n<li>Propiedad lentes: <span class=\"specific-info\">polarizado<\/span><\/li>\n<li>Color lentes:<span class=\"specific-info\"> polar grey gradient<\/span><\/li>\n<li>Nota de informaci\u00f3n 3p<\/li>\n<li>% Transmisi\u00f3n 13<\/li>\n<\/ul>\n<p>Montura negra mate de efecto rubber con lentes de color gris degradadas y polarizadas.<\/p>\n<p>&nbsp;[:ca]<\/p>\n<ul>\n<li>Fam\u00edlia frontal color: negre<\/li>\n<li>Material de lentes: acetat<\/li>\n<li>Propietat lents: polaritzat<\/li>\n<li>Color lents: polar grey gradient<\/li>\n<li>Nota de informaci\u00f3 3p<\/li>\n<li>% Transmissi\u00f3 13<\/li>\n<\/ul>\n<p>Muntura negre mate efecte rubber amb lents de color gris degradat polaritzades.[:en].[:fr].[:ru].[:]<\/p>\n","protected":false},"featured_media":4256,"template":"","meta":[],"product_brand":[1069],"product_cat":[829,579,895,911,912,914,205,206,208,814,828],"product_tag":[],"class_list":{"0":"post-4253","1":"product","2":"type-product","3":"status-publish","4":"has-post-thumbnail","6":"product_brand-ray-ban","7":"product_cat-forma","8":"product_cat-gafas-cuadradas","9":"product_cat-gafas-de-sol","10":"product_cat-gafas-de-sol-hombre","11":"product_cat-gafas-de-sol-mujer","12":"product_cat-gafas-de-sol-unisex","13":"product_cat-gafas-hombre","14":"product_cat-gafas-mujer","15":"product_cat-gafas-polarizadas","16":"product_cat-gafas-unisex","17":"product_cat-menu","19":"first","20":"instock","21":"taxable","22":"shipping-taxable","23":"purchasable","24":"product-type-simple"},"_links":{"self":[{"href":"https:\/\/www.opticagracia.com\/en\/wp-json\/wp\/v2\/product\/4253","targetHints":{"allow":["GET"]}}],"collection":[{"href":"https:\/\/www.opticagracia.com\/en\/wp-json\/wp\/v2\/product"}],"about":[{"href":"https:\/\/www.opticagracia.com\/en\/wp-json\/wp\/v2\/types\/product"}],"wp:featuredmedia":[{"embeddable":true,"href":"https:\/\/www.opticagracia.com\/en\/wp-json\/wp\/v2\/media\/4256"}],"wp:attachment":[{"href":"https:\/\/www.opticagracia.com\/en\/wp-json\/wp\/v2\/media?parent=4253"}],"wp:term":[{"taxonomy":"product_brand","embeddable":true,"href":"https:\/\/www.opticagracia.com\/en\/wp-json\/wp\/v2\/product_brand?post=4253"},{"taxonomy":"product_cat","embeddable":true,"href":"https:\/\/www.opticagracia.com\/en\/wp-json\/wp\/v2\/product_cat?post=4253"},{"taxonomy":"product_tag","embeddable":true,"href":"https:\/\/www.opticagracia.com\/en\/wp-json\/wp\/v2\/product_tag?post=4253"}],"curies":[{"name":"wp","href":"https:\/\/api.w.org\/{rel}","templated":true}]}}