{"id":10457,"date":"2019-04-13T14:02:36","date_gmt":"2019-04-13T12:02:36","guid":{"rendered":"http:\/\/opticagracia.com\/?post_type=product&#038;p=10457"},"modified":"2025-02-21T21:58:19","modified_gmt":"2025-02-21T20:58:19","slug":"michael-kors-2024-310613","status":"publish","type":"product","link":"https:\/\/www.opticagracia.com\/fr\/producto\/michael-kors-2024-310613\/","title":{"rendered":"Lunettes de soleil Michael Kors 2024 310613"},"content":{"rendered":"<p>Les lunettes de soleil Michael Kors 2024 ADRIANNA II sont fabriqu\u00e9es en ac\u00e9tate naturel dans les tons marron et rose. Elles sont carr\u00e9es avec des coins arrondis qui adoucissent les lignes et les traits du visage.<\/p>","protected":false},"excerpt":{"rendered":"<p>Les lunettes de soleil Michael Kors 2024 ADRIANNA II sont fabriqu\u00e9es en ac\u00e9tate naturel dans les tons marron et rose. Elles sont carr\u00e9es avec des coins arrondis qui adoucissent les lignes et les traits du visage.<\/p>\n<ul>\n<li><span class=\"specific-info frontColor\" data-frontcolor=\"havana\">Couleur de la famille avant : havane<\/span><\/li>\n<li><span class=\"specific-info\"> Mat\u00e9riau de l'oculaire ac\u00e9tate<\/span><\/li>\n<li><span class=\"specific-info\"> Propri\u00e9t\u00e9 de l'objectif : standard<\/span><\/li>\n<li><span class=\"specific-info\"> Couleur des verres : brun d\u00e9grad\u00e9<\/span><\/li>\n<li><span class=\"specific-info\"> Note d'information 3n <\/span> <span class=\"specific-info\"> %<\/span><\/li>\n<li><span class=\"specific-info\"> Transmission 16 <\/span><\/li>\n<\/ul>","protected":false},"featured_media":10458,"template":"","meta":[],"product_brand":[1066],"product_cat":[829,579,206,828],"product_tag":[],"class_list":{"0":"post-10457","1":"product","2":"type-product","3":"status-publish","4":"has-post-thumbnail","6":"product_brand-michael-kors","7":"product_cat-forma","8":"product_cat-gafas-cuadradas","9":"product_cat-gafas-mujer","10":"product_cat-menu","12":"first","13":"outofstock","14":"taxable","15":"shipping-taxable","16":"purchasable","17":"product-type-simple"},"_links":{"self":[{"href":"https:\/\/www.opticagracia.com\/fr\/wp-json\/wp\/v2\/product\/10457","targetHints":{"allow":["GET"]}}],"collection":[{"href":"https:\/\/www.opticagracia.com\/fr\/wp-json\/wp\/v2\/product"}],"about":[{"href":"https:\/\/www.opticagracia.com\/fr\/wp-json\/wp\/v2\/types\/product"}],"wp:featuredmedia":[{"embeddable":true,"href":"https:\/\/www.opticagracia.com\/fr\/wp-json\/wp\/v2\/media\/10458"}],"wp:attachment":[{"href":"https:\/\/www.opticagracia.com\/fr\/wp-json\/wp\/v2\/media?parent=10457"}],"wp:term":[{"taxonomy":"product_brand","embeddable":true,"href":"https:\/\/www.opticagracia.com\/fr\/wp-json\/wp\/v2\/product_brand?post=10457"},{"taxonomy":"product_cat","embeddable":true,"href":"https:\/\/www.opticagracia.com\/fr\/wp-json\/wp\/v2\/product_cat?post=10457"},{"taxonomy":"product_tag","embeddable":true,"href":"https:\/\/www.opticagracia.com\/fr\/wp-json\/wp\/v2\/product_tag?post=10457"}],"curies":[{"name":"wp","href":"https:\/\/api.w.org\/{rel}","templated":true}]}}