{"id":10523,"date":"2019-06-04T18:10:30","date_gmt":"2019-06-04T16:10:30","guid":{"rendered":"http:\/\/opticagracia.com\/?post_type=product&#038;p=10523"},"modified":"2025-02-21T21:57:35","modified_gmt":"2025-02-21T20:57:35","slug":"michael-kors-5007-109936","status":"publish","type":"product","link":"https:\/\/www.opticagracia.com\/fr\/producto\/michael-kors-5007-109936\/","title":{"rendered":"Lunettes de soleil Michael Kors 5007 109936"},"content":{"rendered":"<p>Lunettes Michael Kors en forme d'aviateur en or rose m\u00e9tallis\u00e9, avec branches en ac\u00e9tate noir et verres d\u00e9grad\u00e9s gris-or rose pour une protection maximale.<br \/>\nLes lunettes de soleil Michael Kors se distinguent par leur confort sans n\u00e9gliger la touche d'\u00e9l\u00e9gance qui caract\u00e9rise la marque, alliant le confort am\u00e9ricain au glamour europ\u00e9en.<\/p>","protected":false},"excerpt":{"rendered":"<p>Lunettes Michael Kors en forme d'aviateur en or rose m\u00e9tallis\u00e9, avec branches en ac\u00e9tate noir et verres d\u00e9grad\u00e9s gris-or rose pour une protection maximale.<\/p>\n<ul>\n<li>Couleur de la famille avant : or rose<\/li>\n<li>Mat\u00e9riau organique des lentilles<\/li>\n<li>Propri\u00e9t\u00e9 de l'objectif : standard<\/li>\n<li>Couleur des verres : gris rose d\u00e9grad\u00e9<\/li>\n<li>100% Protection UVA \/ UVB<\/li>\n<\/ul>","protected":false},"featured_media":10524,"template":"","meta":[],"product_brand":[1066],"product_cat":[829,584,206,828],"product_tag":[],"class_list":{"0":"post-10523","1":"product","2":"type-product","3":"status-publish","4":"has-post-thumbnail","6":"product_brand-michael-kors","7":"product_cat-forma","8":"product_cat-gafas-aviador","9":"product_cat-gafas-mujer","10":"product_cat-menu","12":"first","13":"instock","14":"taxable","15":"shipping-taxable","16":"purchasable","17":"product-type-simple"},"_links":{"self":[{"href":"https:\/\/www.opticagracia.com\/fr\/wp-json\/wp\/v2\/product\/10523","targetHints":{"allow":["GET"]}}],"collection":[{"href":"https:\/\/www.opticagracia.com\/fr\/wp-json\/wp\/v2\/product"}],"about":[{"href":"https:\/\/www.opticagracia.com\/fr\/wp-json\/wp\/v2\/types\/product"}],"wp:featuredmedia":[{"embeddable":true,"href":"https:\/\/www.opticagracia.com\/fr\/wp-json\/wp\/v2\/media\/10524"}],"wp:attachment":[{"href":"https:\/\/www.opticagracia.com\/fr\/wp-json\/wp\/v2\/media?parent=10523"}],"wp:term":[{"taxonomy":"product_brand","embeddable":true,"href":"https:\/\/www.opticagracia.com\/fr\/wp-json\/wp\/v2\/product_brand?post=10523"},{"taxonomy":"product_cat","embeddable":true,"href":"https:\/\/www.opticagracia.com\/fr\/wp-json\/wp\/v2\/product_cat?post=10523"},{"taxonomy":"product_tag","embeddable":true,"href":"https:\/\/www.opticagracia.com\/fr\/wp-json\/wp\/v2\/product_tag?post=10523"}],"curies":[{"name":"wp","href":"https:\/\/api.w.org\/{rel}","templated":true}]}}