{"id":10573,"date":"2019-06-16T11:32:40","date_gmt":"2019-06-16T09:32:40","guid":{"rendered":"http:\/\/opticagracia.com\/?post_type=product&#038;p=10573"},"modified":"2025-04-14T18:41:19","modified_gmt":"2025-04-14T16:41:19","slug":"persol-3186-2431","status":"publish","type":"product","link":"https:\/\/www.opticagracia.com\/fr\/producto\/persol-3186-2431\/","title":{"rendered":"Lunettes de soleil Persol 3186 2431"},"content":{"rendered":"<p>Lunettes Persol au style innovant, de forme carr\u00e9e, en ac\u00e9tate havane fin et pont m\u00e9tallique. Verres min\u00e9raux verts.<\/p>","protected":false},"excerpt":{"rendered":"<p>Lunettes Persol au style innovant, de forme carr\u00e9e, en ac\u00e9tate havane fin et pont m\u00e9tallique. Verres min\u00e9raux verts.<\/p>\n<ul>\n<li>Couleur de la famille avant : havane<\/li>\n<li>Mat\u00e9riau de l'oculaire : min\u00e9ral<\/li>\n<li>Propri\u00e9t\u00e9 de l'objectif : standard<\/li>\n<li>Couleur des verres : vert<\/li>\n<li>100% Protection UVA \/ UVB<\/li>\n<\/ul>","protected":false},"featured_media":10571,"template":"","meta":[],"product_brand":[1059],"product_cat":[829,579,895,205,206,586,814,828],"product_tag":[],"class_list":{"0":"post-10573","1":"product","2":"type-product","3":"status-publish","4":"has-post-thumbnail","6":"product_brand-persol","7":"product_cat-forma","8":"product_cat-gafas-cuadradas","9":"product_cat-gafas-de-sol","10":"product_cat-gafas-hombre","11":"product_cat-gafas-mujer","12":"product_cat-gafas-rectangulares","13":"product_cat-gafas-unisex","14":"product_cat-menu","16":"first","17":"outofstock","18":"taxable","19":"shipping-taxable","20":"purchasable","21":"product-type-simple"},"_links":{"self":[{"href":"https:\/\/www.opticagracia.com\/fr\/wp-json\/wp\/v2\/product\/10573","targetHints":{"allow":["GET"]}}],"collection":[{"href":"https:\/\/www.opticagracia.com\/fr\/wp-json\/wp\/v2\/product"}],"about":[{"href":"https:\/\/www.opticagracia.com\/fr\/wp-json\/wp\/v2\/types\/product"}],"wp:featuredmedia":[{"embeddable":true,"href":"https:\/\/www.opticagracia.com\/fr\/wp-json\/wp\/v2\/media\/10571"}],"wp:attachment":[{"href":"https:\/\/www.opticagracia.com\/fr\/wp-json\/wp\/v2\/media?parent=10573"}],"wp:term":[{"taxonomy":"product_brand","embeddable":true,"href":"https:\/\/www.opticagracia.com\/fr\/wp-json\/wp\/v2\/product_brand?post=10573"},{"taxonomy":"product_cat","embeddable":true,"href":"https:\/\/www.opticagracia.com\/fr\/wp-json\/wp\/v2\/product_cat?post=10573"},{"taxonomy":"product_tag","embeddable":true,"href":"https:\/\/www.opticagracia.com\/fr\/wp-json\/wp\/v2\/product_tag?post=10573"}],"curies":[{"name":"wp","href":"https:\/\/api.w.org\/{rel}","templated":true}]}}