{"id":10649,"date":"2019-09-02T12:44:39","date_gmt":"2019-09-02T10:44:39","guid":{"rendered":"http:\/\/opticagracia.com\/?post_type=product&#038;p=10649"},"modified":"2025-02-13T23:17:52","modified_gmt":"2025-02-13T22:17:52","slug":"rayban-3647-001-4o","status":"publish","type":"product","link":"https:\/\/www.opticagracia.com\/fr\/producto\/rayban-3647-001-4o\/","title":{"rendered":"Lunettes de soleil RayBan 3647 001-4O"},"content":{"rendered":"<p>Lunettes Ray Ban 3647 rondes en m\u00e9tal avec double pont blanc et verres min\u00e9raux miroirs bleus 100% UV.<\/p>\n<ul>\n<li>Couleur de la famille avant : blanc<\/li>\n<li>Mat\u00e9riau de l'oculaire : min\u00e9ral<\/li>\n<li>Propri\u00e9t\u00e9 de l'objectif : standard<\/li>\n<li>Couleur des verres : bleu miroir<\/li>\n<li>100% UV<\/li>\n<\/ul>\n<p>L'un des mod\u00e8les les plus vendus, le Round Double Bridge, est d\u00e9sormais disponible avec des montures color\u00e9es recouvertes de fins cercles en plastique de diff\u00e9rentes nuances. Les verres d\u00e9grad\u00e9s contemporains et les montures color\u00e9es transparentes soulignent l'identit\u00e9 unique de ces lunettes en m\u00e9tal durables et tr\u00e8s \u00e9l\u00e9gantes.<br \/>\nUn mod\u00e8le street-smart minimaliste, unisexe et facile \u00e0 porter pour les personnes tr\u00e8s styl\u00e9es.<\/p>","protected":false},"excerpt":{"rendered":"<p>Lunettes Ray Ban 3647 rondes en m\u00e9tal avec double pont blanc et verres min\u00e9raux miroirs bleus 100% UV.<\/p>","protected":false},"featured_media":11451,"template":"","meta":[],"product_brand":[1069],"product_cat":[829,895,911,912,914,585,205,206,130,572,814],"product_tag":[],"class_list":{"0":"post-10649","1":"product","2":"type-product","3":"status-publish","4":"has-post-thumbnail","6":"product_brand-ray-ban","7":"product_cat-forma","8":"product_cat-gafas-de-sol","9":"product_cat-gafas-de-sol-hombre","10":"product_cat-gafas-de-sol-mujer","11":"product_cat-gafas-de-sol-unisex","12":"product_cat-gafas-doble-puente","13":"product_cat-gafas-hombre","14":"product_cat-gafas-mujer","15":"product_cat-gafas-ovaladas","16":"product_cat-gafas-redondas","17":"product_cat-gafas-unisex","19":"first","20":"instock","21":"sale","22":"taxable","23":"shipping-taxable","24":"purchasable","25":"product-type-simple"},"_links":{"self":[{"href":"https:\/\/www.opticagracia.com\/fr\/wp-json\/wp\/v2\/product\/10649","targetHints":{"allow":["GET"]}}],"collection":[{"href":"https:\/\/www.opticagracia.com\/fr\/wp-json\/wp\/v2\/product"}],"about":[{"href":"https:\/\/www.opticagracia.com\/fr\/wp-json\/wp\/v2\/types\/product"}],"wp:featuredmedia":[{"embeddable":true,"href":"https:\/\/www.opticagracia.com\/fr\/wp-json\/wp\/v2\/media\/11451"}],"wp:attachment":[{"href":"https:\/\/www.opticagracia.com\/fr\/wp-json\/wp\/v2\/media?parent=10649"}],"wp:term":[{"taxonomy":"product_brand","embeddable":true,"href":"https:\/\/www.opticagracia.com\/fr\/wp-json\/wp\/v2\/product_brand?post=10649"},{"taxonomy":"product_cat","embeddable":true,"href":"https:\/\/www.opticagracia.com\/fr\/wp-json\/wp\/v2\/product_cat?post=10649"},{"taxonomy":"product_tag","embeddable":true,"href":"https:\/\/www.opticagracia.com\/fr\/wp-json\/wp\/v2\/product_tag?post=10649"}],"curies":[{"name":"wp","href":"https:\/\/api.w.org\/{rel}","templated":true}]}}