{"id":10746,"date":"2019-10-16T17:59:16","date_gmt":"2019-10-16T15:59:16","guid":{"rendered":"http:\/\/opticagracia.com\/?post_type=product&#038;p=10746"},"modified":"2025-02-11T23:23:58","modified_gmt":"2025-02-11T22:23:58","slug":"lentillas-bloodshot-halloween","status":"publish","type":"product","link":"https:\/\/www.opticagracia.com\/fr\/producto\/lentillas-bloodshot-halloween\/","title":{"rendered":"lentilles de contact pour Halloween"},"content":{"rendered":"<p>[:es]Crazy Lens One Day le ofrece la m\u00e1xima comodidad y confort. No m\u00e1s mantenimiento o miedo a las infecciones, calce un nuevo par para cada ocasi\u00f3n. Nuestros productos m\u00e1s vendidos Whiteout, Red Devil, White Zombie, Dragon Eyes, Orange wolf, Blood Shot, ahora est\u00e1n disponibles como desechables diarios. Obtenga un par para una fiesta de disfraces sin preocupaciones o Halloween este a\u00f1o.<\/p>\n<p>Comodidad superior y ojos m\u00e1s saludables<br \/>\n\u2022 F\u00e1cil de manejar, sin curvar.<br \/>\n\u2022 Libre de mantenimiento diario desechable<br \/>\n\u2022 Material de hidrogel patentado para comodidad durante todo el d\u00eda.<br \/>\n\u2022 Alto contenido de agua (55%) retiene la humedad todo el d\u00eda<br \/>\n\u2022 SmartEdge para cero sensaci\u00f3n extra\u00f1a (precauci\u00f3n de la lente)<\/p>\n<p><strong>C\u00d3MO USAR LENTES DE CONTACTO AQU\u00cd:<\/strong> <a href=\"http:\/\/opticagracia.com\/lentes-de-contacto-como-las-utilizamos\/\">http:\/\/opticagracia.com\/lentes-de-contacto-como-las-utilizamos\/<\/a>[:ca]Crazy Lens One Day li ofereix la m\u00e0xima comoditat i conveni\u00e8ncia. No m\u00e9s manteniment o por a les infeccions, calci un nou parell per a cada ocasi\u00f3. Els nostres productes m\u00e9s venuts Whiteout, Red Devil, White Zombie, Dragon Eyes, Orange wolf, Blood Shot, ara estan disponibles com un sol \u00fas diaris. Obtingui un parell per a una festa de disfresses sense preocupacions o Halloween aquest any.<\/p>\n<p>Comoditat superior i ulls m\u00e9s saludables.<br \/>\n\u2022 F\u00e0cil de manejar, sense corbes.<br \/>\n\u2022 Sol \u00fas diaris sense manteniment.<br \/>\n\u2022 Material d\u2019hidrogel patentat per a m\u00e9s comoditat durant tot el dia.<br \/>\n\u2022 Alt contingut d\u2019aigua (55%) ret\u00e9 la humitat tot el dia<br \/>\n\u2022 SmartEdge per a zero sensacions estranyes (precauci\u00f3 de la lent)<\/p>\n<p><strong>COM UTILITZAR LENTS DE CONTACTE AQU\u00cd:<\/strong>\u00a0<a href=\"http:\/\/opticagracia.com\/ca\/lents-de-contacte-com-les-utilitzem\/\">http:\/\/opticagracia.com\/ca\/lents-de-contacte-com-les-utilitzem\/<\/a><strong><br \/>\n<\/strong>[:en]Crazy Lens One Day brings you the ultimate convenience and comfort. No more maintenance or fear of infections, fit a fresh new pair for every occasion. Our top sellers Whiteout, Red Devil, White Zombie, Dragon Eyes, Orange wolf, Blood Shot, are now available as daily disposables. Get a pair for a worry free costume party or Halloween this year.<\/p>\n<p>Superior Comfort &amp; Healthier eyes<br \/>\n\u2022 Easy to handle, no curling<br \/>\n\u2022 Maintenance free daily disposable<br \/>\n\u2022 Patented Hydrogel material for full day comfort<br \/>\n\u2022 High water content (55%) retains moisture all day<br \/>\n\u2022 SmartEdge for zero foreign body sensation(lens awareness)<\/p>\n<p><strong>HOW TO USE CONTACT LENSES HERE<\/strong> :\u00a0<a href=\"http:\/\/opticagracia.com\/en\/how-to-use-contact-lenses\/\">http:\/\/opticagracia.com\/en\/how-to-use-contact-lenses\/<\/a>[:fr]Crazy Lens One Day vous offre un maximum de confort et de commodit\u00e9. Plus besoin de maintenance ni de peur des infections, installez une nouvelle paire pour chaque occasion. Nos produits les plus vendus, Whiteout, Red Devil, White Zombie, Dragon Eyes, Orange Wolf, Blood Shot, sont d\u00e9sormais disponibles en consommables quotidiens. Obtenez une paire pour une f\u00eate costum\u00e9e sans soucis ou Halloween cette ann\u00e9e.<\/p>\n<p>Confort sup\u00e9rieur et yeux plus sains.<br \/>\n\u2022 Facile \u00e0 manipuler, pas de courbes.<br \/>\n\u2022 Jetables quotidiens sans entretien.<br \/>\n\u2022 Mat\u00e9riau hydrogel brevet\u00e9 pour un confort tout au long de la journ\u00e9e.<br \/>\n\u2022 Haute teneur en eau (55%) retient l\u2019humidit\u00e9 toute la journ\u00e9e<br \/>\n\u2022 SmartEdge pour z\u00e9ro sensation \u00e9trange (mise en garde de lentilles)<\/p>\n<p><strong>COMMENT UTILISER LES LENTILLES DE CONTACT ICI: <\/strong><a href=\"http:\/\/opticagracia.com\/fr\/les-lentilles-de-contact-comment-les-utilisons-nous\/\">http:\/\/opticagracia.com\/fr\/les-lentilles-de-contact-comment-les-utilisons-nous\/<\/a>[:ru]Crazy Lens One Day brings you the ultimate convenience and comfort. No more maintenance or fear of infections, fit a fresh new pair for every occasion. Our top sellers Whiteout, Red Devil, White Zombie, Dragon Eyes, Orange wolf, Blood Shot, are now available as daily disposables. Get a pair for a worry free costume party or Halloween this year.<\/p>\n<p>Superior Comfort &amp; Healthier eyes<br \/>\n\u2022 Easy to handle, no curling<br \/>\n\u2022 Maintenance free daily disposable<br \/>\n\u2022 Patented Hydrogel material for full day comfort<br \/>\n\u2022 High water content (55%) retains moisture all day<br \/>\n\u2022 SmartEdge for zero foreign body sensation(lens awareness)<\/p>\n<p><strong>HOW TO USE CONTACT LENSES HERE<\/strong> :\u00a0<a href=\"http:\/\/opticagracia.com\/en\/how-to-use-contact-lenses\/\">http:\/\/opticagracia.com\/en\/how-to-use-contact-lenses\/<\/a>[:]<\/p>\n","protected":false},"excerpt":{"rendered":"<p>[:es]Crazy Lens One Day le ofrece la m\u00e1xima comodidad y confort. No m\u00e1s mantenimiento o miedo a las infecciones, calce un nuevo par para cada ocasi\u00f3n. Nuestros productos m\u00e1s vendidos Whiteout, Red Devil, White Zombie, Dragon Eyes, Orange wolf, Blood Shot, ahora est\u00e1n disponibles como desechables diarios. Obtenga un par para una fiesta de disfraces<br \/><a class=\"moretag\" href=\"https:\/\/www.opticagracia.com\/fr\/producto\/lentillas-bloodshot-halloween\/\">+ Read More<\/a><\/p>\n","protected":false},"featured_media":10747,"template":"","meta":[],"product_brand":[],"product_cat":[897],"product_tag":[],"class_list":{"0":"post-10746","1":"product","2":"type-product","3":"status-publish","4":"has-post-thumbnail","6":"product_cat-lentillas","8":"first","9":"instock","10":"taxable","11":"shipping-taxable","12":"purchasable","13":"product-type-simple"},"_links":{"self":[{"href":"https:\/\/www.opticagracia.com\/fr\/wp-json\/wp\/v2\/product\/10746","targetHints":{"allow":["GET"]}}],"collection":[{"href":"https:\/\/www.opticagracia.com\/fr\/wp-json\/wp\/v2\/product"}],"about":[{"href":"https:\/\/www.opticagracia.com\/fr\/wp-json\/wp\/v2\/types\/product"}],"wp:featuredmedia":[{"embeddable":true,"href":"https:\/\/www.opticagracia.com\/fr\/wp-json\/wp\/v2\/media\/10747"}],"wp:attachment":[{"href":"https:\/\/www.opticagracia.com\/fr\/wp-json\/wp\/v2\/media?parent=10746"}],"wp:term":[{"taxonomy":"product_brand","embeddable":true,"href":"https:\/\/www.opticagracia.com\/fr\/wp-json\/wp\/v2\/product_brand?post=10746"},{"taxonomy":"product_cat","embeddable":true,"href":"https:\/\/www.opticagracia.com\/fr\/wp-json\/wp\/v2\/product_cat?post=10746"},{"taxonomy":"product_tag","embeddable":true,"href":"https:\/\/www.opticagracia.com\/fr\/wp-json\/wp\/v2\/product_tag?post=10746"}],"curies":[{"name":"wp","href":"https:\/\/api.w.org\/{rel}","templated":true}]}}