{"id":10748,"date":"2019-10-16T18:02:21","date_gmt":"2019-10-16T16:02:21","guid":{"rendered":"http:\/\/opticagracia.com\/?post_type=product&#038;p=10748"},"modified":"2025-10-20T18:01:00","modified_gmt":"2025-10-20T16:01:00","slug":"lentillas-sky-blue-halloween","status":"publish","type":"product","link":"https:\/\/www.opticagracia.com\/fr\/producto\/lentillas-sky-blue-halloween\/","title":{"rendered":"lentilles de contact bleu ciel pour Halloween"},"content":{"rendered":"<p>Crazy Lens One Day vous offre un maximum de confort et de commodit\u00e9. Fini l'entretien et la peur de l'infection, une nouvelle paire pour chaque occasion. Nos best-sellers Whiteout, Red Devil, White Zombie, Dragon Eyes, Orange wolf, Blood Shot, sont d\u00e9sormais disponibles en lentilles jetables journali\u00e8res. Procurez-vous une paire pour une f\u00eate costum\u00e9e sans souci ou pour Halloween cette ann\u00e9e.<\/p>\n<p>Un confort sup\u00e9rieur et des yeux plus sains<br \/>\n- Facile \u00e0 manipuler, sans avoir \u00e0 se pencher.<br \/>\n- Pas d'entretien quotidien jetable<br \/>\n- Mat\u00e9riau hydrogel brevet\u00e9 pour un confort tout au long de la journ\u00e9e.<br \/>\n- La teneur \u00e9lev\u00e9e en eau (55%) permet de conserver l'humidit\u00e9 tout au long de la journ\u00e9e.<br \/>\n- SmartEdge pour une absence de sensation parasite (attention \u00e0 la lentille)<\/p>\n<p><strong>COMMENT PORTER DES LENTILLES DE CONTACT ICI :<\/strong> <a href=\"https:\/\/www.opticagracia.com\/fr\/lentes-de-contacto-como-las-utilizamos\/\">http:\/\/opticagracia.com\/lentes-de-contacto-como-las-utilizamos\/<\/a><\/p>","protected":false},"excerpt":{"rendered":"<p>Crazy Lens One Day le ofrece la m\u00e1xima comodidad y confort. No m\u00e1s mantenimiento o miedo a las infecciones, calce un nuevo par para cada ocasi\u00f3n. Nuestros productos m\u00e1s vendidos Whiteout, Red Devil, White Zombie, Dragon Eyes, Orange wolf, Blood Shot, ahora est\u00e1n disponibles como desechables diarios. Obtenga un par para una fiesta de disfraces<br \/><a class=\"moretag\" href=\"https:\/\/www.opticagracia.com\/fr\/producto\/lentillas-sky-blue-halloween\/\">+ Lire la suite<\/a><\/p>","protected":false},"featured_media":10749,"template":"","meta":[],"product_brand":[],"product_cat":[897],"product_tag":[],"class_list":{"0":"post-10748","1":"product","2":"type-product","3":"status-publish","4":"has-post-thumbnail","6":"product_cat-lentillas","8":"first","9":"instock","10":"taxable","11":"shipping-taxable","12":"purchasable","13":"product-type-simple"},"_links":{"self":[{"href":"https:\/\/www.opticagracia.com\/fr\/wp-json\/wp\/v2\/product\/10748","targetHints":{"allow":["GET"]}}],"collection":[{"href":"https:\/\/www.opticagracia.com\/fr\/wp-json\/wp\/v2\/product"}],"about":[{"href":"https:\/\/www.opticagracia.com\/fr\/wp-json\/wp\/v2\/types\/product"}],"wp:featuredmedia":[{"embeddable":true,"href":"https:\/\/www.opticagracia.com\/fr\/wp-json\/wp\/v2\/media\/10749"}],"wp:attachment":[{"href":"https:\/\/www.opticagracia.com\/fr\/wp-json\/wp\/v2\/media?parent=10748"}],"wp:term":[{"taxonomy":"product_brand","embeddable":true,"href":"https:\/\/www.opticagracia.com\/fr\/wp-json\/wp\/v2\/product_brand?post=10748"},{"taxonomy":"product_cat","embeddable":true,"href":"https:\/\/www.opticagracia.com\/fr\/wp-json\/wp\/v2\/product_cat?post=10748"},{"taxonomy":"product_tag","embeddable":true,"href":"https:\/\/www.opticagracia.com\/fr\/wp-json\/wp\/v2\/product_tag?post=10748"}],"curies":[{"name":"wp","href":"https:\/\/api.w.org\/{rel}","templated":true}]}}