{"id":10768,"date":"2019-11-04T19:52:52","date_gmt":"2019-11-04T18:52:52","guid":{"rendered":"http:\/\/opticagracia.com\/?post_type=product&#038;p=10768"},"modified":"2025-02-21T17:36:57","modified_gmt":"2025-02-21T16:36:57","slug":"oakley-radar-ev-9208-20","status":"publish","type":"product","link":"https:\/\/www.opticagracia.com\/fr\/producto\/oakley-radar-ev-9208-20\/","title":{"rendered":"Lunettes de soleil Oakley Radar EV 9208 20"},"content":{"rendered":"<p>Oakley Radar EV 9208, monture noire avec lentilles miroirs bleues.<\/p>\n<ul>\n<li>Mat\u00e9riau de l'oculaire : organique<\/li>\n<li>Propri\u00e9t\u00e9 de l'objectif : standard<\/li>\n<li>Couleur des verres : saphir iridium<\/li>\n<li>% Transmission 13<\/li>\n<\/ul>\n<p>Nouvelle \u00e9tape dans l'h\u00e9ritage de la performance, Radar\u2122 EV pousse encore plus loin les innovations r\u00e9volutionnaires en mati\u00e8re de conception avec une lentille plus haute qui \u00e9largit le champ de vision sup\u00e9rieur. Du confort et de la protection de la monture O Matter\u2122 \u00e0 l'adh\u00e9rence de ses composants Unobtanium\u2122, ce design haut de gamme s'appuie sur l'innovation et le style des Radar.<\/p>","protected":false},"excerpt":{"rendered":"<p>Oakley Radar EV 9208, monture noire avec lentilles miroirs bleues.<\/p>","protected":false},"featured_media":10769,"template":"","meta":[],"product_brand":[1068],"product_cat":[829,592,895,911,912,914,205,206,582,814,828],"product_tag":[],"class_list":{"0":"post-10768","1":"product","2":"type-product","3":"status-publish","4":"has-post-thumbnail","6":"product_brand-oakley","7":"product_cat-forma","8":"product_cat-gafas-curvadas","9":"product_cat-gafas-de-sol","10":"product_cat-gafas-de-sol-hombre","11":"product_cat-gafas-de-sol-mujer","12":"product_cat-gafas-de-sol-unisex","13":"product_cat-gafas-hombre","14":"product_cat-gafas-mujer","15":"product_cat-gafas-de-pantalla","16":"product_cat-gafas-unisex","17":"product_cat-menu","19":"first","20":"outofstock","21":"sale","22":"taxable","23":"shipping-taxable","24":"purchasable","25":"product-type-simple"},"_links":{"self":[{"href":"https:\/\/www.opticagracia.com\/fr\/wp-json\/wp\/v2\/product\/10768","targetHints":{"allow":["GET"]}}],"collection":[{"href":"https:\/\/www.opticagracia.com\/fr\/wp-json\/wp\/v2\/product"}],"about":[{"href":"https:\/\/www.opticagracia.com\/fr\/wp-json\/wp\/v2\/types\/product"}],"wp:featuredmedia":[{"embeddable":true,"href":"https:\/\/www.opticagracia.com\/fr\/wp-json\/wp\/v2\/media\/10769"}],"wp:attachment":[{"href":"https:\/\/www.opticagracia.com\/fr\/wp-json\/wp\/v2\/media?parent=10768"}],"wp:term":[{"taxonomy":"product_brand","embeddable":true,"href":"https:\/\/www.opticagracia.com\/fr\/wp-json\/wp\/v2\/product_brand?post=10768"},{"taxonomy":"product_cat","embeddable":true,"href":"https:\/\/www.opticagracia.com\/fr\/wp-json\/wp\/v2\/product_cat?post=10768"},{"taxonomy":"product_tag","embeddable":true,"href":"https:\/\/www.opticagracia.com\/fr\/wp-json\/wp\/v2\/product_tag?post=10768"}],"curies":[{"name":"wp","href":"https:\/\/api.w.org\/{rel}","templated":true}]}}